{"id":2372,"date":"2024-07-17T16:23:11","date_gmt":"2024-07-17T16:23:11","guid":{"rendered":"https:\/\/confident-dentiste.ch\/?page_id=2372"},"modified":"2025-09-30T13:14:19","modified_gmt":"2025-09-30T13:14:19","slug":"dr-marta-sequeira","status":"publish","type":"page","link":"https:\/\/confident-dentiste.ch\/fr\/dr-marta-sequeira\/","title":{"rendered":"Dr Marta Sequeira"},"content":{"rendered":"<p>[et_pb_section fb_built=\u00a0\u00bb1&Prime; admin_label=\u00a0\u00bbFAQ\u00a0\u00bb _builder_version=\u00a0\u00bb4.25.2&Prime; _module_preset=\u00a0\u00bbdefault\u00a0\u00bb overflow-x=\u00a0\u00bbhidden\u00a0\u00bb overflow-y=\u00a0\u00bbhidden\u00a0\u00bb custom_padding=\u00a0\u00bb15vw||0px||false|false\u00a0\u00bb collapsed=\u00a0\u00bbon\u00a0\u00bb global_colors_info=\u00a0\u00bb{}\u00a0\u00bb custom_padding_tablet=\u00a0\u00bb25vw||||false|false\u00a0\u00bb custom_padding_phone=\u00a0\u00bb45vw||0px||false|false\u00a0\u00bb custom_padding_last_edited=\u00a0\u00bbon|desktop\u00a0\u00bb][et_pb_row column_structure=\u00a0\u00bb1_2,1_2&Prime; _builder_version=\u00a0\u00bb4.22.1&Prime; _module_preset=\u00a0\u00bbdefault\u00a0\u00bb global_colors_info=\u00a0\u00bb{}\u00a0\u00bb][et_pb_column type=\u00a0\u00bb1_2&Prime; _builder_version=\u00a0\u00bb4.22.1&Prime; _module_preset=\u00a0\u00bbdefault\u00a0\u00bb global_colors_info=\u00a0\u00bb{}\u00a0\u00bb][et_pb_text _builder_version=\u00a0\u00bb4.27.0&Prime; _module_preset=\u00a0\u00bbf8776c94-685f-4921-b541-1ba4ab3ce938&Prime; text_font=\u00a0\u00bbPlus Jakarta Sans||||||||\u00a0\u00bb text_text_color=\u00a0\u00bb#000000&Prime; text_font_size=\u00a0\u00bb16px\u00a0\u00bb header_2_font=\u00a0\u00bbPlus Jakarta Sans|700|||||||\u00a0\u00bb header_2_text_color=\u00a0\u00bbgcid-69f96b52-a6e7-406d-81ed-020b85dc0416&Prime; header_2_font_size=\u00a0\u00bb40px\u00a0\u00bb custom_margin=\u00a0\u00bb||10px||false|false\u00a0\u00bb global_colors_info=\u00a0\u00bb{%22gcid-69f96b52-a6e7-406d-81ed-020b85dc0416%22:%91%22header_2_text_color%22%93}\u00a0\u00bb]<\/p>\n<h2>Marta Sequeira<\/h2>\n<div class=\"page\" title=\"Page 1\">\n<div class=\"section\">\n<div class=\"layoutArea\">\n<div class=\"column\">\n<p><span>M\u00e9decin-dentiste (membre de la Soci\u00e9t\u00e9 Suisse des m\u00e9decins-dentistes SSO) <\/span><\/p>\n<\/div>\n<\/div>\n<\/div>\n<\/div>\n<p>[\/et_pb_text][et_pb_text _builder_version=\u00a0\u00bb4.27.4&Prime; _module_preset=\u00a0\u00bbdefault\u00a0\u00bb text_font=\u00a0\u00bbOpen Sans|300|||||||\u00a0\u00bb text_text_color=\u00a0\u00bb#000000&Prime; text_font_size=\u00a0\u00bb15px\u00a0\u00bb hover_enabled=\u00a0\u00bb0&Prime; global_colors_info=\u00a0\u00bb{}\u00a0\u00bb custom_padding=\u00a0\u00bb2vw||||false|false\u00a0\u00bb sticky_enabled=\u00a0\u00bb0&Prime;]<\/p>\n<div class=\"page\" title=\"Page 1\">\n<div class=\"section\">\n<div class=\"layoutArea\">\n<div class=\"column\">\n<p><span>En 2011, Dr. Marta Sequeira a obtenu son dipl\u00f4me de ma\u00eetrise int\u00e9gr\u00e9e en m\u00e9decine dentaire \u00e0 <\/span><span>l&rsquo;une des universit\u00e9s les plus prestigieuses du Portugal, l&rsquo;Universit\u00e9 de Coimbra.<\/span><\/p>\n<p><span>Depuis le d\u00e9but de sa carri\u00e8re, elle a toujours cherch\u00e9 \u00e0 \u00e9voluer et \u00e0 en apprendre davantage, se sp\u00e9cialisant dans les domaines de la R\u00e9habilitation Orale Complexe et Esth\u00e9tique, de l\u2019Implantologiede et formation postgrade en Parodontologie. <\/span><\/p>\n<p><span>Passionn\u00e9e par le partage de ses connaissances, Dr. Marta Sequeira a \u00e9galement \u00e9t\u00e9 formatrice dans des cours de r\u00e9habilitation orale, transmettant son savoir aux jeunes professionnels.<\/span><\/p>\n<p><span>Apr\u00e8s huit ann\u00e9es de pratique au Portugal, elle a d\u00e9cid\u00e9 de se lancer dans une nouvelle aventure en Suisse.<\/span><\/p>\n<p><span>Apr\u00e8s ses 12 ann\u00e9es d&rsquo;exp\u00e9rience en tant que dentiste, Dr. Marta Sequeira a ressenti le besoin d&rsquo;ouvrir son propre cabinet, afin de mettre en \u0153uvre sa philosophie de travail centr\u00e9e sur le patient en tant que personne unique et d&rsquo;offrir un ensemble de sp\u00e9cialit\u00e9s dentaires sous un m\u00eame toit. <\/span><\/p>\n<p><span>Son approche emphatique se refl\u00e8te dans sa volont\u00e9 d&rsquo;\u00e9couter attentivement les pr\u00e9occupations de ses patients, de r\u00e9pondre clairement \u00e0 leurs questions et de s&rsquo;assurer qu&rsquo;ils se sentent tranquilles et confiants tout au long du traitement. <\/span><\/p>\n<p><span>La Suisse a \u00e9veill\u00e9 en elle une passion pour la nature. Pendant son temps libre, Dr. Marta aime partir \u00e0 la conqu\u00eate des montagnes, pratiquant la randonn\u00e9e, l&rsquo;alpinisme et l&rsquo;escalade. Cette connexion avec la nature se refl\u00e8te dans sa philosophie de vie et de travail, o\u00f9 elle recherche un \u00e9quilibre harmonieux entre le corps et l\u2019esprit. <\/span><\/p>\n<\/div>\n<\/div>\n<\/div>\n<\/div>\n<p>[\/et_pb_text][\/et_pb_column][et_pb_column type=\u00a0\u00bb1_2&Prime; _builder_version=\u00a0\u00bb4.22.1&Prime; _module_preset=\u00a0\u00bbdefault\u00a0\u00bb global_colors_info=\u00a0\u00bb{}\u00a0\u00bb][et_pb_image src=\u00a0\u00bbhttps:\/\/confident-dentiste.ch\/wp-content\/uploads\/2024\/08\/dra-marta-sequeira-reabilitacao-oral.jpg\u00a0\u00bb alt=\u00a0\u00bbmarta sequeira r\u00e9habilitation orale\u00a0\u00bb title_text=\u00a0\u00bbdr marta sequeira- r\u00e9habilitation orale\u00a0\u00bb _builder_version=\u00a0\u00bb4.27.0&Prime; _module_preset=\u00a0\u00bbdefault\u00a0\u00bb border_radii=\u00a0\u00bbon|20px|20px|20px|20px\u00a0\u00bb global_colors_info=\u00a0\u00bb{}\u00a0\u00bb][\/et_pb_image][\/et_pb_column][\/et_pb_row][\/et_pb_section]<\/p>\n","protected":false},"excerpt":{"rendered":"<p>Marta Sequeira M\u00e9decin-dentiste (membre de la Soci\u00e9t\u00e9 Suisse des m\u00e9decins-dentistes SSO) En 2011, Dr. Marta Sequeira a obtenu son dipl\u00f4me de ma\u00eetrise int\u00e9gr\u00e9e en m\u00e9decine dentaire \u00e0 l&rsquo;une des universit\u00e9s les plus prestigieuses du Portugal, l&rsquo;Universit\u00e9 de Coimbra. Depuis le d\u00e9but de sa carri\u00e8re, elle a toujours cherch\u00e9 \u00e0 \u00e9voluer et \u00e0 en apprendre davantage, [&hellip;]<\/p>\n","protected":false},"author":1,"featured_media":0,"parent":0,"menu_order":0,"comment_status":"closed","ping_status":"closed","template":"","meta":{"_et_pb_use_builder":"on","_et_pb_old_content":"","_et_gb_content_width":"","_joinchat":[],"footnotes":""},"class_list":["post-2372","page","type-page","status-publish","hentry"],"_links":{"self":[{"href":"https:\/\/confident-dentiste.ch\/fr\/wp-json\/wp\/v2\/pages\/2372","targetHints":{"allow":["GET"]}}],"collection":[{"href":"https:\/\/confident-dentiste.ch\/fr\/wp-json\/wp\/v2\/pages"}],"about":[{"href":"https:\/\/confident-dentiste.ch\/fr\/wp-json\/wp\/v2\/types\/page"}],"author":[{"embeddable":true,"href":"https:\/\/confident-dentiste.ch\/fr\/wp-json\/wp\/v2\/users\/1"}],"replies":[{"embeddable":true,"href":"https:\/\/confident-dentiste.ch\/fr\/wp-json\/wp\/v2\/comments?post=2372"}],"version-history":[{"count":10,"href":"https:\/\/confident-dentiste.ch\/fr\/wp-json\/wp\/v2\/pages\/2372\/revisions"}],"predecessor-version":[{"id":3647,"href":"https:\/\/confident-dentiste.ch\/fr\/wp-json\/wp\/v2\/pages\/2372\/revisions\/3647"}],"wp:attachment":[{"href":"https:\/\/confident-dentiste.ch\/fr\/wp-json\/wp\/v2\/media?parent=2372"}],"curies":[{"name":"wp","href":"https:\/\/api.w.org\/{rel}","templated":true}]}}