{"id":2391,"date":"2024-07-17T16:49:09","date_gmt":"2024-07-17T16:49:09","guid":{"rendered":"https:\/\/confident-dentiste.ch\/?page_id=2391"},"modified":"2025-02-04T07:55:00","modified_gmt":"2025-02-04T07:55:00","slug":"dr-gabriela-andrade","status":"publish","type":"page","link":"https:\/\/confident-dentiste.ch\/fr\/dr-gabriela-andrade\/","title":{"rendered":"Dr Gabriela Andrade"},"content":{"rendered":"<p>[et_pb_section fb_built=\u00a0\u00bb1&Prime; admin_label=\u00a0\u00bbFAQ\u00a0\u00bb _builder_version=\u00a0\u00bb4.25.2&Prime; _module_preset=\u00a0\u00bbdefault\u00a0\u00bb overflow-x=\u00a0\u00bbhidden\u00a0\u00bb overflow-y=\u00a0\u00bbhidden\u00a0\u00bb custom_padding=\u00a0\u00bb15vw||0px||false|false\u00a0\u00bb collapsed=\u00a0\u00bboff\u00a0\u00bb global_colors_info=\u00a0\u00bb{}\u00a0\u00bb custom_padding_tablet=\u00a0\u00bb25vw||||false|false\u00a0\u00bb custom_padding_phone=\u00a0\u00bb45vw||0px||false|false\u00a0\u00bb custom_padding_last_edited=\u00a0\u00bbon|desktop\u00a0\u00bb][et_pb_row column_structure=\u00a0\u00bb1_2,1_2&Prime; _builder_version=\u00a0\u00bb4.22.1&Prime; _module_preset=\u00a0\u00bbdefault\u00a0\u00bb global_colors_info=\u00a0\u00bb{}\u00a0\u00bb][et_pb_column type=\u00a0\u00bb1_2&Prime; _builder_version=\u00a0\u00bb4.22.1&Prime; _module_preset=\u00a0\u00bbdefault\u00a0\u00bb global_colors_info=\u00a0\u00bb{}\u00a0\u00bb][et_pb_text _builder_version=\u00a0\u00bb4.27.0&Prime; _module_preset=\u00a0\u00bbf8776c94-685f-4921-b541-1ba4ab3ce938&Prime; text_font=\u00a0\u00bbPlus Jakarta Sans||||||||\u00a0\u00bb text_text_color=\u00a0\u00bb#000000&Prime; text_font_size=\u00a0\u00bb16px\u00a0\u00bb header_2_font=\u00a0\u00bbPlus Jakarta Sans|700|||||||\u00a0\u00bb header_2_text_color=\u00a0\u00bbgcid-69f96b52-a6e7-406d-81ed-020b85dc0416&Prime; header_2_font_size=\u00a0\u00bb40px\u00a0\u00bb custom_margin=\u00a0\u00bb||10px||false|false\u00a0\u00bb global_colors_info=\u00a0\u00bb{%22gcid-69f96b52-a6e7-406d-81ed-020b85dc0416%22:%91%22header_2_text_color%22%93}\u00a0\u00bb]<\/p>\n<h2>Gabriela Andrade<\/h2>\n<div class=\"page\" title=\"Page 1\">\n<div class=\"section\">\n<div class=\"layoutArea\">\n<div class=\"column\">\n<p><span>M\u00e9dicin-dentiste <\/span><\/p>\n<\/div>\n<\/div>\n<\/div>\n<\/div>\n<p>[\/et_pb_text][et_pb_text _builder_version=\u00a0\u00bb4.27.4&Prime; _module_preset=\u00a0\u00bbdefault\u00a0\u00bb text_font=\u00a0\u00bbOpen Sans|300|||||||\u00a0\u00bb text_text_color=\u00a0\u00bb#000000&Prime; text_font_size=\u00a0\u00bb15px\u00a0\u00bb hover_enabled=\u00a0\u00bb0&Prime; global_colors_info=\u00a0\u00bb{}\u00a0\u00bb sticky_enabled=\u00a0\u00bb0&Prime; custom_padding=\u00a0\u00bb2vw||||false|false\u00a0\u00bb]<\/p>\n<div class=\"page\" title=\"Page 1\">\n<div class=\"section\">\n<div class=\"layoutArea\">\n<div class=\"column\">\n<p>La Dr Gabriela Andrade est la responsable de l\u2019orthodontie au Cabinet Dentaire Confident.<\/p>\n<p>Apr\u00e8s avoir termin\u00e9 ses \u00e9tudes \u00e0 Porto en 2008, elle a d\u00e9cid\u00e9 de poursuivre des \u00e9tudes postuniversitaires en implantologie.<\/p>\n<p>Sa curiosit\u00e9 et sa vision int\u00e9grative du patient en m\u00e9decine dentaire l&rsquo;ont conduite \u00e0 d\u00e9couvrir sa passion pour l&rsquo;orthodontie.<\/p>\n<p>Son besoin d&rsquo;expansion et de croissance a amen\u00e9 la Dr Gabriela \u00e0 quitter son pays il y a 12 ans, acqu\u00e9rant ainsi une exp\u00e9rience clinique et acad\u00e9mique en France, au Luxembourg et en Suisse.<\/p>\n<p>C&rsquo;est \u00e0 l&rsquo;Universit\u00e9 de Gen\u00e8ve qu&rsquo;elle a d\u00e9velopp\u00e9 ses comp\u00e9tences en orthodontie, approfondissant ses connaissances gr\u00e2ce \u00e0 une s\u00e9rie de cours li\u00e9s aux universit\u00e9s de Vienne (Autriche) et de Porto (Portugal).<\/p>\n<p>Passionn\u00e9e par les sciences humaines et la compr\u00e9hension de l&rsquo;\u00eatre humain dans sa globalit\u00e9, elle se consacre \u00e9galement aux neurosciences et \u00e0 la psychologie, utilisant ces domaines pour mieux comprendre et g\u00e9rer ses patients.<\/p>\n<p>La Dr Gabriela Andrade est \u00e9galement assistante dans un programme de d\u00e9veloppement personnel \u00e0 Lisbonne.<\/p>\n<p>Avec une expertise technique et une approche holistique du patient, la Dr Gabriela Andrade s&rsquo;engage \u00e0 offrir des soins orthodontiques de qualit\u00e9, tout en prenant en compte les aspects psychologiques de chaque individu.<\/p>\n<\/div>\n<\/div>\n<\/div>\n<\/div>\n<p>[\/et_pb_text][\/et_pb_column][et_pb_column type=\u00a0\u00bb1_2&Prime; _builder_version=\u00a0\u00bb4.22.1&Prime; _module_preset=\u00a0\u00bbdefault\u00a0\u00bb global_colors_info=\u00a0\u00bb{}\u00a0\u00bb][et_pb_image src=\u00a0\u00bbhttps:\/\/confident-dentiste.ch\/wp-content\/uploads\/2024\/09\/confident-dentist-gabriela-andrade.jpg\u00a0\u00bb alt=\u00a0\u00bb<br \/>\ngabriela andrade orthodontie\u00a0\u00bb title_text=\u00a0\u00bbdentiste de confiance-gabriela andrade\u00a0\u00bb _builder_version=\u00a0\u00bb4.27.0&Prime; _module_preset=\u00a0\u00bbdefault\u00a0\u00bb border_radii=\u00a0\u00bbon|20px|20px|20px|20px\u00a0\u00bb global_colors_info=\u00a0\u00bb{}\u00a0\u00bb][\/et_pb_image][\/et_pb_column][\/et_pb_row][\/et_pb_section]<\/p>\n","protected":false},"excerpt":{"rendered":"<p>Gabriela Andrade M\u00e9dicin-dentiste La Dr Gabriela Andrade est la responsable de l\u2019orthodontie au Cabinet Dentaire Confident. Apr\u00e8s avoir termin\u00e9 ses \u00e9tudes \u00e0 Porto en 2008, elle a d\u00e9cid\u00e9 de poursuivre des \u00e9tudes postuniversitaires en implantologie. Sa curiosit\u00e9 et sa vision int\u00e9grative du patient en m\u00e9decine dentaire l&rsquo;ont conduite \u00e0 d\u00e9couvrir sa passion pour l&rsquo;orthodontie. Son [&hellip;]<\/p>\n","protected":false},"author":1,"featured_media":0,"parent":0,"menu_order":0,"comment_status":"closed","ping_status":"closed","template":"","meta":{"_et_pb_use_builder":"on","_et_pb_old_content":"","_et_gb_content_width":"","_joinchat":[],"footnotes":""},"class_list":["post-2391","page","type-page","status-publish","hentry"],"_links":{"self":[{"href":"https:\/\/confident-dentiste.ch\/fr\/wp-json\/wp\/v2\/pages\/2391","targetHints":{"allow":["GET"]}}],"collection":[{"href":"https:\/\/confident-dentiste.ch\/fr\/wp-json\/wp\/v2\/pages"}],"about":[{"href":"https:\/\/confident-dentiste.ch\/fr\/wp-json\/wp\/v2\/types\/page"}],"author":[{"embeddable":true,"href":"https:\/\/confident-dentiste.ch\/fr\/wp-json\/wp\/v2\/users\/1"}],"replies":[{"embeddable":true,"href":"https:\/\/confident-dentiste.ch\/fr\/wp-json\/wp\/v2\/comments?post=2391"}],"version-history":[{"count":4,"href":"https:\/\/confident-dentiste.ch\/fr\/wp-json\/wp\/v2\/pages\/2391\/revisions"}],"predecessor-version":[{"id":2852,"href":"https:\/\/confident-dentiste.ch\/fr\/wp-json\/wp\/v2\/pages\/2391\/revisions\/2852"}],"wp:attachment":[{"href":"https:\/\/confident-dentiste.ch\/fr\/wp-json\/wp\/v2\/media?parent=2391"}],"curies":[{"name":"wp","href":"https:\/\/api.w.org\/{rel}","templated":true}]}}