{"id":2422,"date":"2024-08-13T07:58:15","date_gmt":"2024-08-13T07:58:15","guid":{"rendered":"https:\/\/confident-dentiste.ch\/?page_id=2422"},"modified":"2025-02-04T16:11:22","modified_gmt":"2025-02-04T16:11:22","slug":"parodontologie","status":"publish","type":"page","link":"https:\/\/confident-dentiste.ch\/fr\/parodontologie\/","title":{"rendered":"Parodontologie"},"content":{"rendered":"<p>[et_pb_section fb_built=\u00a0\u00bb1&Prime; custom_padding_last_edited=\u00a0\u00bbon|desktop\u00a0\u00bb _builder_version=\u00a0\u00bb4.27.0&Prime; _module_preset=\u00a0\u00bbdefault\u00a0\u00bb custom_padding=\u00a0\u00bb15vw||0px||false|false\u00a0\u00bb custom_padding_tablet=\u00a0\u00bb25vw||||false|false\u00a0\u00bb custom_padding_phone=\u00a0\u00bb45vw||0px||false|false\u00a0\u00bb global_colors_info=\u00a0\u00bb{}\u00a0\u00bb][et_pb_row _builder_version=\u00a0\u00bb4.27.0&Prime; _module_preset=\u00a0\u00bbdefault\u00a0\u00bb custom_padding=\u00a0\u00bb||||false|false\u00a0\u00bb global_colors_info=\u00a0\u00bb{}\u00a0\u00bb][et_pb_column type=\u00a0\u00bb4_4&Prime; _builder_version=\u00a0\u00bb4.27.0&Prime; _module_preset=\u00a0\u00bbdefault\u00a0\u00bb global_colors_info=\u00a0\u00bb{}\u00a0\u00bb][et_pb_text _builder_version=\u00a0\u00bb4.27.0&Prime; _module_preset=\u00a0\u00bbdefault\u00a0\u00bb header_font=\u00a0\u00bbPlus Jakarta Sans|700|||||||\u00a0\u00bb header_text_color=\u00a0\u00bbgcid-69f96b52-a6e7-406d-81ed-020b85dc0416&Prime; header_font_size=\u00a0\u00bb55px\u00a0\u00bb custom_margin=\u00a0\u00bb||10px||false|false\u00a0\u00bb hover_enabled=\u00a0\u00bb0&Prime; header_font_size_tablet=\u00a0\u00bb40px\u00a0\u00bb header_font_size_phone=\u00a0\u00bb24px\u00a0\u00bb header_font_size_last_edited=\u00a0\u00bbon|desktop\u00a0\u00bb global_colors_info=\u00a0\u00bb{%22gcid-69f96b52-a6e7-406d-81ed-020b85dc0416%22:%91%22header_text_color%22,%22header_text_color%22,%22header_text_color%22,%22header_text_color%22,%22header_text_color%22,%22header_text_color%22,%22header_text_color%22,%22header_text_color%22,%22header_text_color%22,%22header_text_color%22,%22header_text_color%22,%22header_text_color%22,%22header_text_color%22,%22header_text_color%22,%22header_text_color%22,%22header_text_color%22,%22header_text_color%22,%22header_text_color%22,%22header_text_color%22,%22header_text_color%22,%22header_text_color%22,%22header_text_color%22,%22header_text_color%22,%22header_text_color%22,%22header_text_color%22,%22header_text_color%22,%22header_text_color%22,%22header_text_color%22,%22header_text_color%22,%22header_text_color%22,%22header_text_color%22,%22header_text_color%22,%22header_text_color%22,%22header_text_color%22,%22header_text_color%22,%22header_text_color%22,%22header_text_color%22,%22header_text_color%22%93}\u00a0\u00bb sticky_enabled=\u00a0\u00bb0&Prime;]<\/p>\n<h1>Parodontologie<\/h1>\n<p>[\/et_pb_text][\/et_pb_column][\/et_pb_row][\/et_pb_section][et_pb_section fb_built=\u00a0\u00bb1&Prime; admin_label=\u00a0\u00bbService\u00a0\u00bb _builder_version=\u00a0\u00bb4.22.1&Prime; _module_preset=\u00a0\u00bbdefault\u00a0\u00bb custom_padding=\u00a0\u00bb0px||||false|false\u00a0\u00bb collapsed=\u00a0\u00bbon\u00a0\u00bb global_colors_info=\u00a0\u00bb{}\u00a0\u00bb][et_pb_row column_structure=\u00a0\u00bb1_2,1_2&Prime; custom_padding_last_edited=\u00a0\u00bbon|phone\u00a0\u00bb _builder_version=\u00a0\u00bb4.27.4&Prime; _module_preset=\u00a0\u00bbdefault\u00a0\u00bb custom_padding_tablet=\u00a0\u00bb\u00a0\u00bb custom_padding_phone=\u00a0\u00bb0px||||false|false\u00a0\u00bb global_colors_info=\u00a0\u00bb{}\u00a0\u00bb][et_pb_column type=\u00a0\u00bb1_2&Prime; _builder_version=\u00a0\u00bb4.22.1&Prime; _module_preset=\u00a0\u00bbdefault\u00a0\u00bb global_colors_info=\u00a0\u00bb{}\u00a0\u00bb][et_pb_image src=\u00a0\u00bbhttps:\/\/confident-dentiste.ch\/wp-content\/uploads\/2024\/09\/periodontologia-1a-foto.png\u00a0\u00bb title_text=\u00a0\u00bbparodontologie-1a photo\u00a0\u00bb _builder_version=\u00a0\u00bb4.27.0&Prime; _module_preset=\u00a0\u00bbdefault\u00a0\u00bb border_radii=\u00a0\u00bbon|20px|20px|20px|20px\u00a0\u00bb global_colors_info=\u00a0\u00bb{}\u00a0\u00bb][\/et_pb_image][\/et_pb_column][et_pb_column type=\u00a0\u00bb1_2&Prime; _builder_version=\u00a0\u00bb4.22.1&Prime; _module_preset=\u00a0\u00bbdefault\u00a0\u00bb global_colors_info=\u00a0\u00bb{}\u00a0\u00bb][et_pb_text _builder_version=\u00a0\u00bb4.27.0&Prime; _module_preset=\u00a0\u00bbef7035c5-1adf-4281-9de9-eb88372d273a\u00a0\u00bb header_2_font=\u00a0\u00bbPlus Jakarta Sans|700|||||||\u00a0\u00bb header_2_text_color=\u00a0\u00bbgcid-69f96b52-a6e7-406d-81ed-020b85dc0416&Prime; header_2_font_size=\u00a0\u00bb30px\u00a0\u00bb custom_margin=\u00a0\u00bb||10px||false|false\u00a0\u00bb global_colors_info=\u00a0\u00bb{%22gcid-69f96b52-a6e7-406d-81ed-020b85dc0416%22:%91%22header_2_text_color%22%93}\u00a0\u00bb]<\/p>\n<h2>Qu\u2019est-ce que la parodontologie?<\/h2>\n<p>[\/et_pb_text][et_pb_text _builder_version=\u00a0\u00bb4.27.4&Prime; _module_preset=\u00a0\u00bb167e59f8-9f56-4476-b843-ef453b284ffd\u00a0\u00bb text_font=\u00a0\u00bbPlus Jakarta Sans||||||||\u00a0\u00bb text_font_size=\u00a0\u00bb15px\u00a0\u00bb global_colors_info=\u00a0\u00bb{}\u00a0\u00bb]<\/p>\n<p class=\"p1\"><span class=\"s1\"><b><span class=\"Apple-tab-span\"> <\/span>Des gencives enfl\u00e9es et des saignements fr\u00e9quents sont probablement les premiers signes d&rsquo;un probl\u00e8me parodontal. <\/b><\/span><\/p>\n<p>La parodontologie est la sp\u00e9cialit\u00e9 qui se consacre \u00e0 la pr\u00e9vention, au diagnostic et au traitement des maladies des tissus durs et mous (os et gencives) qui soutiennent les dents et les maintiennent en place.<\/p>\n<p>Les maladies parodontales les plus courantes sont la gingivite et la parodontite.<\/p>\n<p>Le traitement des maladies parodontales inclut un examen clinique et radiographique d\u00e9taill\u00e9, des proc\u00e9dures d&rsquo;hygi\u00e8ne bucco-dentaire professionnelle, le d\u00e9tartrage et le surfa\u00e7age radiculaire, voire des chirurgies parodontales, si n\u00e9cessaire. De plus, le patient apprend les meilleures techniques de brossage et les produits disponibles sur le march\u00e9, adapt\u00e9s \u00e0 sa situation gingivale.<\/p>\n<p>[\/et_pb_text][\/et_pb_column][\/et_pb_row][\/et_pb_section][et_pb_section fb_built=\u00a0\u00bb1&Prime; admin_label=\u00a0\u00bbFAQ\u00a0\u00bb _builder_version=\u00a0\u00bb4.27.0&Prime; _module_preset=\u00a0\u00bbdefault\u00a0\u00bb background_color=\u00a0\u00bbgcid-d2f7d5ae-cc39-41f1-9136-c1002bc0f33e\u00a0\u00bb background_image=\u00a0\u00bbhttps:\/\/confident-dentiste.ch\/wp-content\/uploads\/2024\/09\/fundo-com-logo.png\u00a0\u00bb overflow-x=\u00a0\u00bbhidden\u00a0\u00bb overflow-y=\u00a0\u00bbhidden\u00a0\u00bb collapsed=\u00a0\u00bbon\u00a0\u00bb global_colors_info=\u00a0\u00bb{%22gcid-d2f7d5ae-cc39-41f1-9136-c1002bc0f33e%22:%91%22background_color%22%93}\u00a0\u00bb][et_pb_row column_structure=\u00a0\u00bb1_2,1_2&Prime; _builder_version=\u00a0\u00bb4.22.1&Prime; _module_preset=\u00a0\u00bbdefault\u00a0\u00bb global_colors_info=\u00a0\u00bb{}\u00a0\u00bb][et_pb_column type=\u00a0\u00bb1_2&Prime; _builder_version=\u00a0\u00bb4.22.1&Prime; _module_preset=\u00a0\u00bbdefault\u00a0\u00bb global_colors_info=\u00a0\u00bb{}\u00a0\u00bb][et_pb_text _builder_version=\u00a0\u00bb4.27.0&Prime; _module_preset=\u00a0\u00bbf8776c94-685f-4921-b541-1ba4ab3ce938&Prime; header_2_font=\u00a0\u00bbPlus Jakarta Sans|700|||||||\u00a0\u00bb header_2_text_color=\u00a0\u00bbgcid-69f96b52-a6e7-406d-81ed-020b85dc0416&Prime; header_2_font_size=\u00a0\u00bb40px\u00a0\u00bb custom_margin=\u00a0\u00bb||10px||false|false\u00a0\u00bb global_colors_info=\u00a0\u00bb{%22gcid-69f96b52-a6e7-406d-81ed-020b85dc0416%22:%91%22header_2_text_color%22%93}\u00a0\u00bb]<\/p>\n<h2>Questions fr\u00e9quentes<\/h2>\n<p>[\/et_pb_text][et_pb_accordion toggle_icon=\u00a0\u00bb&#xf067;||fa||900&Prime; icon_color=\u00a0\u00bbgcid-fc9e8ba0-846a-4b7d-96fa-a851b276990d\u00a0\u00bb _builder_version=\u00a0\u00bb4.27.0&Prime; _module_preset=\u00a0\u00bb576d37ca-a5e8-4ac4-98b6-cc08e8e2bbf9&Prime; toggle_font=\u00a0\u00bbPlus Jakarta Sans|700|||||||\u00a0\u00bb toggle_font_size=\u00a0\u00bb16px\u00a0\u00bb body_font=\u00a0\u00bb&#8211;et_global_heading_font||||||||\u00a0\u00bb body_font_size=\u00a0\u00bb15px\u00a0\u00bb locked=\u00a0\u00bboff\u00a0\u00bb global_colors_info=\u00a0\u00bb{%22gcid-fc9e8ba0-846a-4b7d-96fa-a851b276990d%22:%91%22icon_color%22%93}\u00a0\u00bb][et_pb_accordion_item title=\u00a0\u00bbQu\u2019est-ce que la Gingivite ?\u00a0\u00bb open=\u00a0\u00bbon\u00a0\u00bb _builder_version=\u00a0\u00bb4.27.0&Prime; _module_preset=\u00a0\u00bbdefault\u00a0\u00bb body_font=\u00a0\u00bbPlus Jakarta Sans||||||||\u00a0\u00bb body_font_size=\u00a0\u00bb15px\u00a0\u00bb global_colors_info=\u00a0\u00bb{}\u00a0\u00bb]<\/p>\n<p class=\"p1\"><span class=\"s1\">La gingivite est une inflammation qui touche uniquement les gencives, caus\u00e9e par l&rsquo;accumulation de plaque dentaire et de tartre. Le patient ressent une irritation des gencives, un gonflement et des saignements lors du brossage. <\/span><\/p>\n<p class=\"p1\"><span class=\"s1\">Cette condition est r\u00e9versible et, avec le traitement appropri\u00e9, la sant\u00e9 bucco-dentaire du patient peut \u00eatre r\u00e9tablie. <\/span><\/p>\n<p>[\/et_pb_accordion_item][et_pb_accordion_item title=\u00a0\u00bbQu\u2019est-ce que la Parodontite?\u00a0\u00bb _builder_version=\u00a0\u00bb4.27.0&Prime; _module_preset=\u00a0\u00bbdefault\u00a0\u00bb body_font=\u00a0\u00bbPlus Jakarta Sans||||||||\u00a0\u00bb body_font_size=\u00a0\u00bb15px\u00a0\u00bb global_colors_info=\u00a0\u00bb{}\u00a0\u00bb open=\u00a0\u00bboff\u00a0\u00bb]<\/p>\n<p class=\"p1\"><span class=\"s1\">En plus de l&rsquo;inflammation gingivale, la parodontite entra\u00eene une destruction des autres tissus de soutien des dents, tels que le ligament parodontal et l&rsquo;os.<\/span><\/p>\n<p class=\"p1\"><span class=\"s1\">C&rsquo;est une condition irr\u00e9versible et, \u00e0 des stades avanc\u00e9s, elle peut m\u00eame conduire \u00e0 la perte des dents. Une approche pr\u00e9ventive est cruciale pour \u00e9viter la perte de dents. <\/span><\/p>\n<p>[\/et_pb_accordion_item][et_pb_accordion_item title=\u00a0\u00bbQu&apos;est-ce que la r\u00e9cession gingivale?\u00a0\u00bb _builder_version=\u00a0\u00bb4.27.0&Prime; _module_preset=\u00a0\u00bbdefault\u00a0\u00bb body_font=\u00a0\u00bbPlus Jakarta Sans||||||||\u00a0\u00bb body_font_size=\u00a0\u00bb15px\u00a0\u00bb global_colors_info=\u00a0\u00bb{}\u00a0\u00bb open=\u00a0\u00bboff\u00a0\u00bb]<\/p>\n<p class=\"p1\"><span class=\"s1\">La r\u00e9cession gingivale se produit lorsque la gencive se retire, exposant ainsi la racine de la dent. Cela peut se produire sur une ou plusieurs dents. <\/span><\/p>\n<p class=\"p1\"><span class=\"s1\">Les causes de la r\u00e9cession gingivale sont multiples, notamment le traumatisme caus\u00e9 par le brossage, l&rsquo;inflammation gingivale due \u00e0 l&rsquo;accumulation de plaque dentaire, les traumatismes occlusaux, les mouvements orthodontiques, les dents encombr\u00e9es et la faible \u00e9paisseur de l&rsquo;os recouvrant la racine. <\/span><span class=\"s1\"><\/span><\/p>\n<p class=\"p1\"><span class=\"s1\">Cette condition peut \u00eatre corrig\u00e9e par une chirurgie de greffe gingivale, qui permet non seulement de r\u00e9parer ce d\u00e9faut mais aussi de pr\u00e9venir une future progression de la r\u00e9cession. Il existe diff\u00e9rentes techniques de greffe de gencive, qui peuvent \u00eatre utilis\u00e9es en fonction de la situation sp\u00e9cifique de chaque patient. <\/span><\/p>\n<p>[\/et_pb_accordion_item][\/et_pb_accordion][\/et_pb_column][et_pb_column type=\u00a0\u00bb1_2&Prime; _builder_version=\u00a0\u00bb4.22.1&Prime; _module_preset=\u00a0\u00bbdefault\u00a0\u00bb global_colors_info=\u00a0\u00bb{}\u00a0\u00bb][et_pb_image src=\u00a0\u00bbhttps:\/\/confident-dentiste.ch\/wp-content\/uploads\/2024\/09\/foto-questoes-periodontologia-scaled.jpg\u00a0\u00bb title_text=\u00a0\u00bbphoto-questions-periodontologie\u00a0\u00bb _builder_version=\u00a0\u00bb4.27.0&Prime; _module_preset=\u00a0\u00bbdefault\u00a0\u00bb border_radii=\u00a0\u00bbon|20px|20px|20px|20px\u00a0\u00bb global_colors_info=\u00a0\u00bb{}\u00a0\u00bb][\/et_pb_image][\/et_pb_column][\/et_pb_row][\/et_pb_section]<\/p>\n","protected":false},"excerpt":{"rendered":"<p>ParodontologieQu\u2019est-ce que la parodontologie? Des gencives enfl\u00e9es et des saignements fr\u00e9quents sont probablement les premiers signes d&rsquo;un probl\u00e8me parodontal. La parodontologie est la sp\u00e9cialit\u00e9 qui se consacre \u00e0 la pr\u00e9vention, au diagnostic et au traitement des maladies des tissus durs et mous (os et gencives) qui soutiennent les dents et les maintiennent en place. Les [&hellip;]<\/p>\n","protected":false},"author":1,"featured_media":0,"parent":0,"menu_order":0,"comment_status":"closed","ping_status":"closed","template":"","meta":{"_et_pb_use_builder":"on","_et_pb_old_content":"","_et_gb_content_width":"","_joinchat":[],"footnotes":""},"class_list":["post-2422","page","type-page","status-publish","hentry"],"_links":{"self":[{"href":"https:\/\/confident-dentiste.ch\/fr\/wp-json\/wp\/v2\/pages\/2422","targetHints":{"allow":["GET"]}}],"collection":[{"href":"https:\/\/confident-dentiste.ch\/fr\/wp-json\/wp\/v2\/pages"}],"about":[{"href":"https:\/\/confident-dentiste.ch\/fr\/wp-json\/wp\/v2\/types\/page"}],"author":[{"embeddable":true,"href":"https:\/\/confident-dentiste.ch\/fr\/wp-json\/wp\/v2\/users\/1"}],"replies":[{"embeddable":true,"href":"https:\/\/confident-dentiste.ch\/fr\/wp-json\/wp\/v2\/comments?post=2422"}],"version-history":[{"count":11,"href":"https:\/\/confident-dentiste.ch\/fr\/wp-json\/wp\/v2\/pages\/2422\/revisions"}],"predecessor-version":[{"id":2868,"href":"https:\/\/confident-dentiste.ch\/fr\/wp-json\/wp\/v2\/pages\/2422\/revisions\/2868"}],"wp:attachment":[{"href":"https:\/\/confident-dentiste.ch\/fr\/wp-json\/wp\/v2\/media?parent=2422"}],"curies":[{"name":"wp","href":"https:\/\/api.w.org\/{rel}","templated":true}]}}