{"id":2429,"date":"2024-08-13T11:26:01","date_gmt":"2024-08-13T11:26:01","guid":{"rendered":"https:\/\/confident-dentiste.ch\/?page_id=2429"},"modified":"2026-03-03T15:44:09","modified_gmt":"2026-03-03T15:44:09","slug":"orthodontie","status":"publish","type":"page","link":"https:\/\/confident-dentiste.ch\/fr\/orthodontie\/","title":{"rendered":"Orthodontie"},"content":{"rendered":"<p>[et_pb_section fb_built=\u00a0\u00bb1&Prime; custom_padding_last_edited=\u00a0\u00bbon|desktop\u00a0\u00bb _builder_version=\u00a0\u00bb4.27.0&Prime; _module_preset=\u00a0\u00bbdefault\u00a0\u00bb custom_padding=\u00a0\u00bb15vw||0px||false|false\u00a0\u00bb custom_padding_tablet=\u00a0\u00bb25vw||||false|false\u00a0\u00bb custom_padding_phone=\u00a0\u00bb45vw||0px||false|false\u00a0\u00bb global_colors_info=\u00a0\u00bb{}\u00a0\u00bb][et_pb_row _builder_version=\u00a0\u00bb4.27.4&Prime; _module_preset=\u00a0\u00bbdefault\u00a0\u00bb custom_padding=\u00a0\u00bb||||false|false\u00a0\u00bb global_colors_info=\u00a0\u00bb{}\u00a0\u00bb][et_pb_column type=\u00a0\u00bb4_4&Prime; _builder_version=\u00a0\u00bb4.27.0&Prime; _module_preset=\u00a0\u00bbdefault\u00a0\u00bb global_colors_info=\u00a0\u00bb{}\u00a0\u00bb][et_pb_text _builder_version=\u00a0\u00bb4.27.0&Prime; _module_preset=\u00a0\u00bbdefault\u00a0\u00bb header_font=\u00a0\u00bbPlus Jakarta Sans|700|||||||\u00a0\u00bb header_text_color=\u00a0\u00bbgcid-69f96b52-a6e7-406d-81ed-020b85dc0416&Prime; header_font_size=\u00a0\u00bb55px\u00a0\u00bb custom_margin=\u00a0\u00bb||10px||false|false\u00a0\u00bb header_font_size_tablet=\u00a0\u00bb40px\u00a0\u00bb header_font_size_phone=\u00a0\u00bb24px\u00a0\u00bb header_font_size_last_edited=\u00a0\u00bbon|desktop\u00a0\u00bb global_colors_info=\u00a0\u00bb{%22gcid-69f96b52-a6e7-406d-81ed-020b85dc0416%22:%91%22header_text_color%22,%22header_text_color%22,%22header_text_color%22,%22header_text_color%22,%22header_text_color%22,%22header_text_color%22,%22header_text_color%22,%22header_text_color%22,%22header_text_color%22,%22header_text_color%22,%22header_text_color%22,%22header_text_color%22,%22header_text_color%22,%22header_text_color%22,%22header_text_color%22,%22header_text_color%22,%22header_text_color%22%93}\u00a0\u00bb]<\/p>\n<h1>Orthodontie<\/h1>\n<p>[\/et_pb_text][\/et_pb_column][\/et_pb_row][\/et_pb_section][et_pb_section fb_built=\u00a0\u00bb1&Prime; admin_label=\u00a0\u00bbService\u00a0\u00bb _builder_version=\u00a0\u00bb4.22.1&Prime; _module_preset=\u00a0\u00bbdefault\u00a0\u00bb custom_padding=\u00a0\u00bb0px||||false|false\u00a0\u00bb collapsed=\u00a0\u00bbon\u00a0\u00bb global_colors_info=\u00a0\u00bb{}\u00a0\u00bb][et_pb_row column_structure=\u00a0\u00bb1_2,1_2&Prime; custom_padding_last_edited=\u00a0\u00bbon|phone\u00a0\u00bb _builder_version=\u00a0\u00bb4.22.1&Prime; _module_preset=\u00a0\u00bbdefault\u00a0\u00bb custom_padding_tablet=\u00a0\u00bb\u00a0\u00bb custom_padding_phone=\u00a0\u00bb0px||||false|false\u00a0\u00bb global_colors_info=\u00a0\u00bb{}\u00a0\u00bb][et_pb_column type=\u00a0\u00bb1_2&Prime; _builder_version=\u00a0\u00bb4.22.1&Prime; _module_preset=\u00a0\u00bbdefault\u00a0\u00bb global_colors_info=\u00a0\u00bb{}\u00a0\u00bb][et_pb_image src=\u00a0\u00bbhttps:\/\/confident-dentiste.ch\/wp-content\/uploads\/2024\/08\/ortodontia-ortodontia-invisivel.jpg\u00a0\u00bb title_text=\u00a0\u00bborthodontie-orthodontie invisible\u00a0\u00bb _builder_version=\u00a0\u00bb4.27.0&Prime; _module_preset=\u00a0\u00bbdefault\u00a0\u00bb border_radii=\u00a0\u00bbon|20px|20px|20px|20px\u00a0\u00bb global_colors_info=\u00a0\u00bb{}\u00a0\u00bb][\/et_pb_image][\/et_pb_column][et_pb_column type=\u00a0\u00bb1_2&Prime; _builder_version=\u00a0\u00bb4.22.1&Prime; _module_preset=\u00a0\u00bbdefault\u00a0\u00bb global_colors_info=\u00a0\u00bb{}\u00a0\u00bb][et_pb_text _builder_version=\u00a0\u00bb4.27.0&Prime; _module_preset=\u00a0\u00bbef7035c5-1adf-4281-9de9-eb88372d273a\u00a0\u00bb header_2_font=\u00a0\u00bbPlus Jakarta Sans|700|||||||\u00a0\u00bb header_2_text_color=\u00a0\u00bbgcid-69f96b52-a6e7-406d-81ed-020b85dc0416&Prime; header_2_font_size=\u00a0\u00bb30px\u00a0\u00bb custom_margin=\u00a0\u00bb||10px||false|false\u00a0\u00bb global_colors_info=\u00a0\u00bb{%22gcid-69f96b52-a6e7-406d-81ed-020b85dc0416%22:%91%22header_2_text_color%22%93}\u00a0\u00bb]<\/p>\n<h2>Qu&rsquo;est-ce que l&rsquo;orthodontie ?<\/h2>\n<p>[\/et_pb_text][et_pb_text _builder_version=\u00a0\u00bb4.27.0&Prime; _module_preset=\u00a0\u00bb167e59f8-9f56-4476-b843-ef453b284ffd\u00a0\u00bb text_font=\u00a0\u00bbPlus Jakarta Sans||||||||\u00a0\u00bb text_font_size=\u00a0\u00bb15px\u00a0\u00bb global_colors_info=\u00a0\u00bb{}\u00a0\u00bb]<\/p>\n<p class=\"p1\"><span class=\"s1\">L&rsquo;orthodontie se consacre \u00e0 la pr\u00e9vention et \u00e0 la correction de la position des dents et des m\u00e2choires. Bien au-del\u00e0 de l&rsquo;esth\u00e9tique du sourire, l&rsquo;orthodontie favorise une bonne fonction masticatoire, musculaire et articulaire.  <\/span><\/p>\n<p class=\"p2\"><span class=\"s1\"><\/span><\/p>\n<p class=\"p1\"><span class=\"s1\">L&rsquo;orthodontie intervient souvent de mani\u00e8re multidisciplinaire, en coordination avec d&rsquo;autres domaines de la m\u00e9decine dentaire, notamment la r\u00e9habilitation orale et la parodontologie, ainsi qu&rsquo;avec d&rsquo;autres sp\u00e9cialit\u00e9s comme la physioth\u00e9rapie\/ost\u00e9opathie, la logop\u00e9die, l&rsquo;otorhinolaryngologie et la chirurgie maxillo-faciale. <\/span><\/p>\n<p>[\/et_pb_text][\/et_pb_column][\/et_pb_row][\/et_pb_section][et_pb_section fb_built=\u00a0\u00bb1&Prime; admin_label=\u00a0\u00bbCore Values\u00a0\u00bb _builder_version=\u00a0\u00bb4.27.4&Prime; _module_preset=\u00a0\u00bbdefault\u00a0\u00bb hover_enabled=\u00a0\u00bb0&Prime; collapsed=\u00a0\u00bbon\u00a0\u00bb global_colors_info=\u00a0\u00bb{}\u00a0\u00bb custom_padding_last_edited=\u00a0\u00bbon|phone\u00a0\u00bb custom_padding_phone=\u00a0\u00bb0px||||false|false\u00a0\u00bb sticky_enabled=\u00a0\u00bb0&Prime;][et_pb_row column_structure=\u00a0\u00bb3_5,2_5&Prime; _builder_version=\u00a0\u00bb4.27.0&Prime; _module_preset=\u00a0\u00bbdefault\u00a0\u00bb module_alignment=\u00a0\u00bbcenter\u00a0\u00bb global_colors_info=\u00a0\u00bb{}\u00a0\u00bb][et_pb_column type=\u00a0\u00bb3_5&Prime; _builder_version=\u00a0\u00bb4.22.1&Prime; _module_preset=\u00a0\u00bbdefault\u00a0\u00bb global_colors_info=\u00a0\u00bb{}\u00a0\u00bb][et_pb_text _builder_version=\u00a0\u00bb4.27.0&Prime; _module_preset=\u00a0\u00bb32d7d688-aa2e-4442-8b0e-fd9c2d5e20af\u00a0\u00bb header_2_font=\u00a0\u00bbPlus Jakarta Sans|700|||||||\u00a0\u00bb header_2_text_color=\u00a0\u00bbgcid-69f96b52-a6e7-406d-81ed-020b85dc0416&Prime; header_2_font_size=\u00a0\u00bb30px\u00a0\u00bb custom_margin=\u00a0\u00bb||10px||false|false\u00a0\u00bb global_colors_info=\u00a0\u00bb{%22gcid-69f96b52-a6e7-406d-81ed-020b85dc0416%22:%91%22header_2_text_color%22%93}\u00a0\u00bb]<\/p>\n<h2>Invisalign\u00ae &#8211; l\u2019orthodontie invisible <\/h2>\n<p class=\"p1\"><span class=\"s1\">Les aligneurs Invisalign\u00ae sont une excellente alternative esth\u00e9tique et efficace aux appareils m\u00e9talliques conventionnels utilisant des brackets et des fils m\u00e9talliques. <\/span><\/p>\n<p class=\"p1\"><span class=\"s1\">L&rsquo;orthodontie invisible utilise des goutti\u00e8res fines et transparentes qui s&rsquo;adaptent aux dents en exer\u00e7ant une l\u00e9g\u00e8re pression, permettant de petits mouvements dentaires progressifs pour d\u00e9placer les dents vers les positions souhait\u00e9es. <\/span><\/p>\n<p class=\"p1\"><span class=\"s1\">Les aligneurs invisibles sont personnalis\u00e9s pour chaque patient, selon le diagnostic orthodontique et le plan de traitement \u00e9labor\u00e9 par le dentiste orthodontiste. <\/span><\/p>\n<p>&nbsp;<\/p>\n<p>[\/et_pb_text][et_pb_accordion toggle_icon=\u00a0\u00bb&#xf067;||fa||900&Prime; icon_color=\u00a0\u00bbgcid-fc9e8ba0-846a-4b7d-96fa-a851b276990d\u00a0\u00bb _builder_version=\u00a0\u00bb4.27.0&Prime; _module_preset=\u00a0\u00bb94e04b89-19be-4bcd-902e-a0a56f699676&Prime; toggle_font=\u00a0\u00bbPlus Jakarta Sans|700|||||||\u00a0\u00bb toggle_font_size=\u00a0\u00bb16px\u00a0\u00bb body_font=\u00a0\u00bb&#8211;et_global_heading_font||||||||\u00a0\u00bb body_font_size=\u00a0\u00bb15px\u00a0\u00bb locked=\u00a0\u00bboff\u00a0\u00bb global_colors_info=\u00a0\u00bb{%22gcid-fc9e8ba0-846a-4b7d-96fa-a851b276990d%22:%91%22icon_color%22%93}\u00a0\u00bb][et_pb_accordion_item title=\u00a0\u00bbEsth\u00e9tique\u00a0\u00bb open=\u00a0\u00bbon\u00a0\u00bb _builder_version=\u00a0\u00bb4.27.0&Prime; _module_preset=\u00a0\u00bbdefault\u00a0\u00bb body_font=\u00a0\u00bbPlus Jakarta Sans||||||||\u00a0\u00bb body_font_size=\u00a0\u00bb15px\u00a0\u00bb custom_margin=\u00a0\u00bb||||false|false\u00a0\u00bb custom_padding=\u00a0\u00bb0px|0px|0px|0px|true|true\u00a0\u00bb global_colors_info=\u00a0\u00bb{}\u00a0\u00bb]<\/p>\n<p class=\"p1\"><span class=\"s1\">Les goutti\u00e8res sont pratiquement invisibles, offrant une solution de traitement discr\u00e8te.<\/span><\/p>\n<p>[\/et_pb_accordion_item][et_pb_accordion_item title=\u00a0\u00bbAmovible\u00a0\u00bb _builder_version=\u00a0\u00bb4.27.0&Prime; _module_preset=\u00a0\u00bbdefault\u00a0\u00bb body_font=\u00a0\u00bbPlus Jakarta Sans||||||||\u00a0\u00bb body_font_size=\u00a0\u00bb15px\u00a0\u00bb custom_margin=\u00a0\u00bb||||false|false\u00a0\u00bb custom_padding=\u00a0\u00bb0px|0px|0px|0px|true|true\u00a0\u00bb global_colors_info=\u00a0\u00bb{}\u00a0\u00bb open=\u00a0\u00bboff\u00a0\u00bb]<\/p>\n<p class=\"p1\"><span class=\"s1\">Les aligneurs sont amovibles, permettant de maintenir une correcte hygi\u00e8ne bucco-dentaire et de manger sans restrictions.<\/span><\/p>\n<p>[\/et_pb_accordion_item][et_pb_accordion_item title=\u00a0\u00bbMoins de rendez-vous chez le dentiste\u00a0\u00bb _builder_version=\u00a0\u00bb4.27.0&Prime; _module_preset=\u00a0\u00bbdefault\u00a0\u00bb body_font=\u00a0\u00bbPlus Jakarta Sans||||||||\u00a0\u00bb body_font_size=\u00a0\u00bb15px\u00a0\u00bb custom_margin=\u00a0\u00bb||||false|false\u00a0\u00bb custom_padding=\u00a0\u00bb0px|0px|0px|0px|true|true\u00a0\u00bb global_colors_info=\u00a0\u00bb{}\u00a0\u00bb open=\u00a0\u00bboff\u00a0\u00bb]<\/p>\n<p class=\"p1\"><span class=\"s1\">R\u00e9duit les rendez-vous d&rsquo;urgence et les visites de contr\u00f4le peuvent \u00eatre plus espac\u00e9es.<\/span><\/p>\n<p>[\/et_pb_accordion_item][et_pb_accordion_item title=\u00a0\u00bbAdaptation facile\u00a0\u00bb _builder_version=\u00a0\u00bb4.27.0&Prime; _module_preset=\u00a0\u00bbdefault\u00a0\u00bb body_font=\u00a0\u00bbPlus Jakarta Sans||||||||\u00a0\u00bb body_font_size=\u00a0\u00bb15px\u00a0\u00bb custom_margin=\u00a0\u00bb||||false|false\u00a0\u00bb custom_padding=\u00a0\u00bb0px|0px|0px|0px|true|true\u00a0\u00bb global_colors_info=\u00a0\u00bb{}\u00a0\u00bb open=\u00a0\u00bboff\u00a0\u00bb]<\/p>\n<p class=\"p1\"><span class=\"s1\">Moins douloureux, car il n&rsquo;y a pas de zones coupantes ou m\u00e9talliques pouvant causer des ulc\u00e8res sur les muqueuses ou les l\u00e8vres. <\/span><\/p>\n<p>[\/et_pb_accordion_item][\/et_pb_accordion][\/et_pb_column][et_pb_column type=\u00a0\u00bb2_5&Prime; _builder_version=\u00a0\u00bb4.22.1&Prime; _module_preset=\u00a0\u00bbdefault\u00a0\u00bb global_colors_info=\u00a0\u00bb{}\u00a0\u00bb][et_pb_image src=\u00a0\u00bbhttps:\/\/confident-dentiste.ch\/wp-content\/uploads\/2024\/08\/invisalign-aparelho-invisivel-ortodontia.jpg\u00a0\u00bb title_text=\u00a0\u00bbinvisalign-appareil invisible-orthodontie\u00a0\u00bb _builder_version=\u00a0\u00bb4.27.0&Prime; _module_preset=\u00a0\u00bbdefault\u00a0\u00bb border_radii=\u00a0\u00bbon|20px|20px|20px|20px\u00a0\u00bb global_colors_info=\u00a0\u00bb{}\u00a0\u00bb][\/et_pb_image][\/et_pb_column][\/et_pb_row][\/et_pb_section][et_pb_section fb_built=\u00a0\u00bb1&Prime; admin_label=\u00a0\u00bbCore Values\u00a0\u00bb _builder_version=\u00a0\u00bb4.27.0&Prime; _module_preset=\u00a0\u00bbdefault\u00a0\u00bb collapsed=\u00a0\u00bbon\u00a0\u00bb global_colors_info=\u00a0\u00bb{}\u00a0\u00bb][et_pb_row _builder_version=\u00a0\u00bb4.27.0&Prime; _module_preset=\u00a0\u00bbdefault\u00a0\u00bb global_colors_info=\u00a0\u00bb{}\u00a0\u00bb][et_pb_column type=\u00a0\u00bb4_4&Prime; _builder_version=\u00a0\u00bb4.27.0&Prime; _module_preset=\u00a0\u00bbdefault\u00a0\u00bb global_colors_info=\u00a0\u00bb{}\u00a0\u00bb][et_pb_text _builder_version=\u00a0\u00bb4.27.0&Prime; _module_preset=\u00a0\u00bb32d7d688-aa2e-4442-8b0e-fd9c2d5e20af\u00a0\u00bb header_2_font=\u00a0\u00bbPlus Jakarta Sans|700|||||||\u00a0\u00bb header_2_text_color=\u00a0\u00bbgcid-69f96b52-a6e7-406d-81ed-020b85dc0416&Prime; header_2_font_size=\u00a0\u00bb30px\u00a0\u00bb custom_margin=\u00a0\u00bb||10px||false|false\u00a0\u00bb global_colors_info=\u00a0\u00bb{%22gcid-69f96b52-a6e7-406d-81ed-020b85dc0416%22:%91%22header_2_text_color%22%93}\u00a0\u00bb]<\/p>\n<h2>Orthodontie conventionnelle fixe et Orthodontie Interceptive<\/h2>\n<p>[\/et_pb_text][\/et_pb_column][\/et_pb_row][et_pb_row _builder_version=\u00a0\u00bb4.27.0&Prime; _module_preset=\u00a0\u00bbdefault\u00a0\u00bb global_colors_info=\u00a0\u00bb{}\u00a0\u00bb][et_pb_column type=\u00a0\u00bb4_4&Prime; _builder_version=\u00a0\u00bb4.27.0&Prime; _module_preset=\u00a0\u00bbdefault\u00a0\u00bb global_colors_info=\u00a0\u00bb{}\u00a0\u00bb][et_pb_tabs active_tab_background_color=\u00a0\u00bbgcid-69f96b52-a6e7-406d-81ed-020b85dc0416&Prime; inactive_tab_background_color=\u00a0\u00bbgcid-fc9e8ba0-846a-4b7d-96fa-a851b276990d\u00a0\u00bb active_tab_text_color=\u00a0\u00bb#FFFFFF\u00a0\u00bb _builder_version=\u00a0\u00bb4.27.4&Prime; _module_preset=\u00a0\u00bbdefault\u00a0\u00bb tab_text_color=\u00a0\u00bb#FFFFFF\u00a0\u00bb tab_line_height=\u00a0\u00bb2em\u00a0\u00bb background_enable_color=\u00a0\u00bboff\u00a0\u00bb background_image=\u00a0\u00bbhttps:\/\/confident-dentiste.ch\/wp-content\/uploads\/2024\/09\/fundo-com-logo.png\u00a0\u00bb custom_margin=\u00a0\u00bb|135px||135px|false|true\u00a0\u00bb custom_margin_tablet=\u00a0\u00bb|0px||0px|false|true\u00a0\u00bb custom_margin_phone=\u00a0\u00bb|0px||0px|false|true\u00a0\u00bb custom_margin_last_edited=\u00a0\u00bbon|phone\u00a0\u00bb custom_padding=\u00a0\u00bb||||false|true\u00a0\u00bb custom_css_tabs_controls=\u00a0\u00bbbackground: #a2d8d0&Prime; border_radii=\u00a0\u00bbon|20px|20px|20px|20px\u00a0\u00bb border_width_all=\u00a0\u00bb0px\u00a0\u00bb border_color_all=\u00a0\u00bb#FFFFFF\u00a0\u00bb border_width_bottom=\u00a0\u00bb1px\u00a0\u00bb border_color_left=\u00a0\u00bb#000000&Prime; global_colors_info=\u00a0\u00bb{%22gcid-69f96b52-a6e7-406d-81ed-020b85dc0416%22:%91%22active_tab_background_color%22,%22active_tab_background_color%22%93,%22gcid-fc9e8ba0-846a-4b7d-96fa-a851b276990d%22:%91%22inactive_tab_background_color%22,%22inactive_tab_background_color%22%93}\u00a0\u00bb][et_pb_tab title=\u00a0\u00bbQu\u2019est-ce que l\u2019orthodontie fixe conventionnelle ?\u00a0\u00bb _builder_version=\u00a0\u00bb4.27.4&Prime; _module_preset=\u00a0\u00bbdefault\u00a0\u00bb body_font=\u00a0\u00bbPlus Jakarta Sans||||||||\u00a0\u00bb body_font_size=\u00a0\u00bb15px\u00a0\u00bb tab_font=\u00a0\u00bbPlus Jakarta Sans|700|||||||\u00a0\u00bb tab_text_color=\u00a0\u00bbgcid-398b708d-3dd8-4d18-b7cd-f1a551d278cf\u00a0\u00bb tab_font_size=\u00a0\u00bb15px\u00a0\u00bb tab_letter_spacing=\u00a0\u00bb0px\u00a0\u00bb tab_line_height=\u00a0\u00bb1em\u00a0\u00bb custom_padding=\u00a0\u00bb||||false|true\u00a0\u00bb global_colors_info=\u00a0\u00bb{%22gcid-398b708d-3dd8-4d18-b7cd-f1a551d278cf%22:%91%22tab_text_color%22%93}\u00a0\u00bb]<\/p>\n<p class=\"p1\" style=\"text-align: left;\">Les appareils m\u00e9talliques conventionnels restent une option de traitement valide, surtout pour les cas plus complexes et chez les adolescents.<\/p>\n<p class=\"p1\" style=\"text-align: left;\"><span class=\"s1\">\u00c9tant un appareil fixe, il n\u00e9cessite une collaboration active des patients tout au long du traitement, notamment en ce qui concerne l&rsquo;hygi\u00e8ne bucco-dentaire et les habitudes alimentaires.<\/span><\/p>\n<p class=\"p1\" style=\"text-align: center;\"><span class=\"s1\"><img loading=\"lazy\" decoding=\"async\" src=\"https:\/\/confident-dentiste.ch\/wp-content\/uploads\/2024\/11\/ortodontia-convencional-fixa-300x189.png\" width=\"300\" height=\"189\" alt=\"\" class=\"wp-image-1868 alignnone size-medium\" style=\"float: left;\" \/><\/span><\/p>\n<p class=\"p1\">[\/et_pb_tab][et_pb_tab title=\u00a0\u00bbQu\u2019est-ce que l\u2019orthodontie interceptive ?\u00a0\u00bb _builder_version=\u00a0\u00bb4.27.4&Prime; _module_preset=\u00a0\u00bbdefault\u00a0\u00bb body_font=\u00a0\u00bbPlus Jakarta Sans||||||||\u00a0\u00bb body_font_size=\u00a0\u00bb15px\u00a0\u00bb tab_font=\u00a0\u00bbPlus Jakarta Sans|700|||||||\u00a0\u00bb tab_text_color=\u00a0\u00bbgcid-69f96b52-a6e7-406d-81ed-020b85dc0416&Prime; tab_font_size=\u00a0\u00bb15px\u00a0\u00bb custom_padding=\u00a0\u00bb||||false|true\u00a0\u00bb global_colors_info=\u00a0\u00bb{%22gcid-69f96b52-a6e7-406d-81ed-020b85dc0416%22:%91%22tab_text_color%22%93}\u00a0\u00bb]<\/p>\n<p class=\"p1\" style=\"text-align: left;\"><span class=\"s1\">L&rsquo;orthodontie interceptive vise \u00e0 d\u00e9tecter et \u00e0 intervenir pr\u00e9cocement sur les mauvaises positions des m\u00e2choires, \u00e9vitant ainsi un d\u00e9veloppement craniofacial incorrect \u00e0 l&rsquo;\u00e2ge adulte. <\/span><span class=\"s1\"><\/span><\/p>\n<p class=\"p1\" style=\"text-align: left;\"><span class=\"s1\">Une intervention orthodontique pr\u00e9coce peut r\u00e9duire consid\u00e9rablement la gravit\u00e9 des malocclusions, permettant un traitement plus rapide et moins complexe. Elle permet \u00e9galement de r\u00e9tablir des fonctions physiologiques telles que la d\u00e9glutition correcte, la respiration nasale et la mastication. <\/span><span class=\"s1\"><\/span><\/p>\n<p class=\"p1\" style=\"text-align: left;\"><span class=\"s1\">L&rsquo;orthodontie interceptive s&rsquo;adresse principalement aux enfants en pleine croissance, entre 5 et 11 ans.<\/span><span class=\"s1\"><\/span><\/p>\n<p class=\"p1\" style=\"text-align: left;\"><img loading=\"lazy\" decoding=\"async\" src=\"https:\/\/confident-dentiste.ch\/wp-content\/uploads\/2024\/11\/1-ortodontia-interceptiva-1-300x183.png\" width=\"300\" height=\"183\" alt=\"\" class=\"wp-image-1894 alignnone size-medium\" \/><img loading=\"lazy\" decoding=\"async\" src=\"https:\/\/confident-dentiste.ch\/wp-content\/uploads\/2024\/11\/2-ortodontia-interceptiva-300x185.png\" width=\"300\" height=\"185\" alt=\"\" class=\"wp-image-1898 alignnone size-medium\" \/><\/p>\n<p>[\/et_pb_tab][\/et_pb_tabs][\/et_pb_column][\/et_pb_row][\/et_pb_section][et_pb_section fb_built=\u00a0\u00bb1&Prime; admin_label=\u00a0\u00bbFAQ\u00a0\u00bb _builder_version=\u00a0\u00bb4.27.0&Prime; _module_preset=\u00a0\u00bbdefault\u00a0\u00bb background_color=\u00a0\u00bbgcid-d2f7d5ae-cc39-41f1-9136-c1002bc0f33e\u00a0\u00bb background_image=\u00a0\u00bbhttps:\/\/confident-dentiste.ch\/wp-content\/uploads\/2024\/09\/fundo-com-logo.png\u00a0\u00bb overflow-x=\u00a0\u00bbhidden\u00a0\u00bb overflow-y=\u00a0\u00bbhidden\u00a0\u00bb collapsed=\u00a0\u00bbon\u00a0\u00bb global_colors_info=\u00a0\u00bb{%22gcid-d2f7d5ae-cc39-41f1-9136-c1002bc0f33e%22:%91%22background_color%22%93}\u00a0\u00bb][et_pb_row column_structure=\u00a0\u00bb1_2,1_2&Prime; _builder_version=\u00a0\u00bb4.22.1&Prime; _module_preset=\u00a0\u00bbdefault\u00a0\u00bb global_colors_info=\u00a0\u00bb{}\u00a0\u00bb][et_pb_column type=\u00a0\u00bb1_2&Prime; _builder_version=\u00a0\u00bb4.22.1&Prime; _module_preset=\u00a0\u00bbdefault\u00a0\u00bb global_colors_info=\u00a0\u00bb{}\u00a0\u00bb][et_pb_text _builder_version=\u00a0\u00bb4.27.0&Prime; _module_preset=\u00a0\u00bbf8776c94-685f-4921-b541-1ba4ab3ce938&Prime; header_2_font=\u00a0\u00bbPlus Jakarta Sans|700|||||||\u00a0\u00bb header_2_text_color=\u00a0\u00bbgcid-69f96b52-a6e7-406d-81ed-020b85dc0416&Prime; header_2_font_size=\u00a0\u00bb40px\u00a0\u00bb custom_margin=\u00a0\u00bb||10px||false|false\u00a0\u00bb global_colors_info=\u00a0\u00bb{%22gcid-69f96b52-a6e7-406d-81ed-020b85dc0416%22:%91%22header_2_text_color%22%93}\u00a0\u00bb]<\/p>\n<h2>Questions fr\u00e9quentes<\/h2>\n<p>[\/et_pb_text][et_pb_accordion toggle_icon=\u00a0\u00bb&#xf067;||fa||900&Prime; icon_color=\u00a0\u00bbgcid-fc9e8ba0-846a-4b7d-96fa-a851b276990d\u00a0\u00bb _builder_version=\u00a0\u00bb4.27.4&Prime; _module_preset=\u00a0\u00bb576d37ca-a5e8-4ac4-98b6-cc08e8e2bbf9&Prime; toggle_font=\u00a0\u00bbPlus Jakarta Sans|700|||||||\u00a0\u00bb toggle_font_size=\u00a0\u00bb16px\u00a0\u00bb body_font=\u00a0\u00bb&#8211;et_global_heading_font||||||||\u00a0\u00bb body_font_size=\u00a0\u00bb15px\u00a0\u00bb locked=\u00a0\u00bboff\u00a0\u00bb global_colors_info=\u00a0\u00bb{%22gcid-fc9e8ba0-846a-4b7d-96fa-a851b276990d%22:%91%22icon_color%22%93}\u00a0\u00bb][et_pb_accordion_item title=\u00a0\u00bbQuelle est la dur\u00e9e du traitement avec Invisalign\u00ae ?\u00a0\u00bb open=\u00a0\u00bbon\u00a0\u00bb _builder_version=\u00a0\u00bb4.27.4&Prime; _module_preset=\u00a0\u00bbdefault\u00a0\u00bb body_font=\u00a0\u00bbPlus Jakarta Sans||||||||\u00a0\u00bb body_font_size=\u00a0\u00bb15px\u00a0\u00bb global_colors_info=\u00a0\u00bb{}\u00a0\u00bb]<\/p>\n<p class=\"p1\"><span class=\"s1\">La dur\u00e9e d&rsquo;un traitement Invisalign\u00ae d\u00e9pend de la complexit\u00e9 du cas et de l&rsquo;adh\u00e9rence du patient au traitement. En g\u00e9n\u00e9ral, elle est plus courte par rapport \u00e0 l&rsquo;orthodontie conventionnelle fixe. <\/span><\/p>\n<p>[\/et_pb_accordion_item][et_pb_accordion_item title=\u00a0\u00bbComment savoir si j\u2019ai besoin d\u2019un traitement orthodontique ? \u00a0\u00bb _builder_version=\u00a0\u00bb4.27.4&Prime; _module_preset=\u00a0\u00bbdefault\u00a0\u00bb body_font=\u00a0\u00bbPlus Jakarta Sans||||||||\u00a0\u00bb body_font_size=\u00a0\u00bb15px\u00a0\u00bb global_colors_info=\u00a0\u00bb{}\u00a0\u00bb open=\u00a0\u00bboff\u00a0\u00bb]<\/p>\n<p class=\"p1\"><span class=\"s1\">Si vous pr\u00e9sentez certains des probl\u00e8mes suivants, un traitement orthodontique peut \u00eatre n\u00e9cessaire: <\/span><\/p>\n<ul>\n<li class=\"p2\"><span class=\"s1\">Mauvaise occlusion (occlusion ouverte, occlusion crois\u00e9e, occlusion profonde);<\/span><\/li>\n<li class=\"p2\"><span class=\"s1\">Diast\u00e8mes &#8211; espace entre les dents;<\/span><\/li>\n<li class=\"p2\"><span class=\"s1\">Dents encombr\u00e9es.<\/span><\/li>\n<\/ul>\n<p>[\/et_pb_accordion_item][et_pb_accordion_item title=\u00a0\u00bbEst-il n\u00e9cessaire d\u2019utiliser un appareil de contention \u00e0 la fin du traitement orthodontique ?\u00a0\u00bb _builder_version=\u00a0\u00bb4.27.4&Prime; _module_preset=\u00a0\u00bbdefault\u00a0\u00bb body_font=\u00a0\u00bbPlus Jakarta Sans||||||||\u00a0\u00bb body_font_size=\u00a0\u00bb15px\u00a0\u00bb global_colors_info=\u00a0\u00bb{}\u00a0\u00bb open=\u00a0\u00bboff\u00a0\u00bb]<\/p>\n<p class=\"p1\"><span class=\"s1\">La phase de contention fait partie int\u00e9grante du traitement orthodontique et est fortement recommand\u00e9e pour maintenir les r\u00e9sultats obtenus. <\/span><\/p>\n<p class=\"p1\"><span class=\"s1\">Il existe toujours un risque de r\u00e9cidive, c&rsquo;est-\u00e0-dire que les dents peuvent revenir \u00e0 leur position initiale. Ainsi, la contention est importante pour maintenir la stabilit\u00e9 des dents et \u00e9viter une r\u00e9gression du traitement. <\/span><\/p>\n<p>[\/et_pb_accordion_item][\/et_pb_accordion][\/et_pb_column][et_pb_column type=\u00a0\u00bb1_2&Prime; _builder_version=\u00a0\u00bb4.22.1&Prime; _module_preset=\u00a0\u00bbdefault\u00a0\u00bb global_colors_info=\u00a0\u00bb{}\u00a0\u00bb][et_pb_image src=\u00a0\u00bbhttps:\/\/confident-dentiste.ch\/wp-content\/uploads\/2024\/08\/ortodontia-confident.jpg\u00a0\u00bb title_text=\u00a0\u00bborthodontie-confident\u00a0\u00bb align=\u00a0\u00bbcenter\u00a0\u00bb force_fullwidth=\u00a0\u00bbon\u00a0\u00bb _builder_version=\u00a0\u00bb4.27.4&Prime; _module_preset=\u00a0\u00bbdefault\u00a0\u00bb border_radii=\u00a0\u00bbon|20px|20px|20px|20px\u00a0\u00bb global_colors_info=\u00a0\u00bb{}\u00a0\u00bb][\/et_pb_image][\/et_pb_column][\/et_pb_row][\/et_pb_section]<\/p>\n","protected":false},"excerpt":{"rendered":"<p>OrthodontieQu&rsquo;est-ce que l&rsquo;orthodontie ?L&rsquo;orthodontie se consacre \u00e0 la pr\u00e9vention et \u00e0 la correction de la position des dents et des m\u00e2choires. Bien au-del\u00e0 de l&rsquo;esth\u00e9tique du sourire, l&rsquo;orthodontie favorise une bonne fonction masticatoire, musculaire et articulaire. L&rsquo;orthodontie intervient souvent de mani\u00e8re multidisciplinaire, en coordination avec d&rsquo;autres domaines de la m\u00e9decine dentaire, notamment la r\u00e9habilitation orale [&hellip;]<\/p>\n","protected":false},"author":1,"featured_media":2348,"parent":0,"menu_order":0,"comment_status":"closed","ping_status":"closed","template":"","meta":{"_et_pb_use_builder":"on","_et_pb_old_content":"","_et_gb_content_width":"","_joinchat":[],"footnotes":""},"class_list":["post-2429","page","type-page","status-publish","has-post-thumbnail","hentry"],"_links":{"self":[{"href":"https:\/\/confident-dentiste.ch\/fr\/wp-json\/wp\/v2\/pages\/2429","targetHints":{"allow":["GET"]}}],"collection":[{"href":"https:\/\/confident-dentiste.ch\/fr\/wp-json\/wp\/v2\/pages"}],"about":[{"href":"https:\/\/confident-dentiste.ch\/fr\/wp-json\/wp\/v2\/types\/page"}],"author":[{"embeddable":true,"href":"https:\/\/confident-dentiste.ch\/fr\/wp-json\/wp\/v2\/users\/1"}],"replies":[{"embeddable":true,"href":"https:\/\/confident-dentiste.ch\/fr\/wp-json\/wp\/v2\/comments?post=2429"}],"version-history":[{"count":13,"href":"https:\/\/confident-dentiste.ch\/fr\/wp-json\/wp\/v2\/pages\/2429\/revisions"}],"predecessor-version":[{"id":3674,"href":"https:\/\/confident-dentiste.ch\/fr\/wp-json\/wp\/v2\/pages\/2429\/revisions\/3674"}],"wp:featuredmedia":[{"embeddable":true,"href":"https:\/\/confident-dentiste.ch\/fr\/wp-json\/wp\/v2\/media\/2348"}],"wp:attachment":[{"href":"https:\/\/confident-dentiste.ch\/fr\/wp-json\/wp\/v2\/media?parent=2429"}],"curies":[{"name":"wp","href":"https:\/\/api.w.org\/{rel}","templated":true}]}}