{"id":2437,"date":"2024-08-12T19:29:40","date_gmt":"2024-08-12T19:29:40","guid":{"rendered":"https:\/\/confident-dentiste.ch\/?page_id=2437"},"modified":"2025-09-30T13:16:23","modified_gmt":"2025-09-30T13:16:23","slug":"implants-dentaires","status":"publish","type":"page","link":"https:\/\/confident-dentiste.ch\/fr\/implants-dentaires\/","title":{"rendered":"Implants Dentaires"},"content":{"rendered":"<p>[et_pb_section fb_built=\u00a0\u00bb1&Prime; custom_padding_last_edited=\u00a0\u00bbon|desktop\u00a0\u00bb _builder_version=\u00a0\u00bb4.27.0&Prime; _module_preset=\u00a0\u00bbdefault\u00a0\u00bb custom_padding=\u00a0\u00bb15vw||0px||false|false\u00a0\u00bb custom_padding_tablet=\u00a0\u00bb25vw||||false|false\u00a0\u00bb custom_padding_phone=\u00a0\u00bb45vw||0px||false|false\u00a0\u00bb global_colors_info=\u00a0\u00bb{}\u00a0\u00bb][et_pb_row _builder_version=\u00a0\u00bb4.27.0&Prime; _module_preset=\u00a0\u00bbdefault\u00a0\u00bb custom_padding=\u00a0\u00bb||||false|false\u00a0\u00bb global_colors_info=\u00a0\u00bb{}\u00a0\u00bb][et_pb_column type=\u00a0\u00bb4_4&Prime; _builder_version=\u00a0\u00bb4.27.0&Prime; _module_preset=\u00a0\u00bbdefault\u00a0\u00bb global_colors_info=\u00a0\u00bb{}\u00a0\u00bb][et_pb_text _builder_version=\u00a0\u00bb4.27.0&Prime; _module_preset=\u00a0\u00bbdefault\u00a0\u00bb header_font=\u00a0\u00bbPlus Jakarta Sans|700|||||||\u00a0\u00bb header_text_color=\u00a0\u00bbgcid-69f96b52-a6e7-406d-81ed-020b85dc0416&Prime; header_font_size=\u00a0\u00bb55px\u00a0\u00bb custom_margin=\u00a0\u00bb||10px||false|false\u00a0\u00bb header_font_size_tablet=\u00a0\u00bb40px\u00a0\u00bb header_font_size_phone=\u00a0\u00bb24px\u00a0\u00bb header_font_size_last_edited=\u00a0\u00bbon|desktop\u00a0\u00bb global_colors_info=\u00a0\u00bb{%22gcid-69f96b52-a6e7-406d-81ed-020b85dc0416%22:%91%22header_text_color%22,%22header_text_color%22,%22header_text_color%22,%22header_text_color%22,%22header_text_color%22,%22header_text_color%22,%22header_text_color%22,%22header_text_color%22,%22header_text_color%22,%22header_text_color%22,%22header_text_color%22,%22header_text_color%22,%22header_text_color%22,%22header_text_color%22,%22header_text_color%22,%22header_text_color%22,%22header_text_color%22%93}\u00a0\u00bb]<\/p>\n<h1>Implants Dentaires<\/h1>\n<p>[\/et_pb_text][\/et_pb_column][\/et_pb_row][\/et_pb_section][et_pb_section fb_built=\u00a0\u00bb1&Prime; admin_label=\u00a0\u00bbService\u00a0\u00bb _builder_version=\u00a0\u00bb4.22.1&Prime; _module_preset=\u00a0\u00bbdefault\u00a0\u00bb custom_padding=\u00a0\u00bb0px||||false|false\u00a0\u00bb hover_enabled=\u00a0\u00bb0&Prime; collapsed=\u00a0\u00bbon\u00a0\u00bb global_colors_info=\u00a0\u00bb{}\u00a0\u00bb sticky_enabled=\u00a0\u00bb0&Prime;][et_pb_row column_structure=\u00a0\u00bb1_2,1_2&Prime; custom_padding_last_edited=\u00a0\u00bbon|phone\u00a0\u00bb _builder_version=\u00a0\u00bb4.22.1&Prime; _module_preset=\u00a0\u00bbdefault\u00a0\u00bb custom_padding_tablet=\u00a0\u00bb\u00a0\u00bb custom_padding_phone=\u00a0\u00bb0px||||false|false\u00a0\u00bb hover_enabled=\u00a0\u00bb0&Prime; global_colors_info=\u00a0\u00bb{}\u00a0\u00bb sticky_enabled=\u00a0\u00bb0&Prime;][et_pb_column type=\u00a0\u00bb1_2&Prime; _builder_version=\u00a0\u00bb4.22.1&Prime; _module_preset=\u00a0\u00bbdefault\u00a0\u00bb global_colors_info=\u00a0\u00bb{}\u00a0\u00bb][et_pb_image src=\u00a0\u00bbhttps:\/\/confident-dentiste.ch\/wp-content\/uploads\/2024\/08\/implantes-implantologia-confident-1.jpg\u00a0\u00bb title_text=\u00a0\u00bbimplants-implantologie-confident\u00a0\u00bb _builder_version=\u00a0\u00bb4.27.0&Prime; _module_preset=\u00a0\u00bbdefault\u00a0\u00bb border_radii=\u00a0\u00bbon|20px|20px|20px|20px\u00a0\u00bb global_colors_info=\u00a0\u00bb{}\u00a0\u00bb][\/et_pb_image][\/et_pb_column][et_pb_column type=\u00a0\u00bb1_2&Prime; _builder_version=\u00a0\u00bb4.22.1&Prime; _module_preset=\u00a0\u00bbdefault\u00a0\u00bb global_colors_info=\u00a0\u00bb{}\u00a0\u00bb][et_pb_text _builder_version=\u00a0\u00bb4.27.4&Prime; _module_preset=\u00a0\u00bbef7035c5-1adf-4281-9de9-eb88372d273a\u00a0\u00bb header_2_font=\u00a0\u00bbPlus Jakarta Sans|700|||||||\u00a0\u00bb header_2_text_color=\u00a0\u00bbgcid-69f96b52-a6e7-406d-81ed-020b85dc0416&Prime; header_2_font_size=\u00a0\u00bb30px\u00a0\u00bb custom_margin=\u00a0\u00bb|-31px|10px||false|false\u00a0\u00bb global_colors_info=\u00a0\u00bb{%22gcid-69f96b52-a6e7-406d-81ed-020b85dc0416%22:%91%22header_2_text_color%22%93}\u00a0\u00bb]<\/p>\n<h2>Qu\u2019est-ce qu\u2019un implant dentaire ?<\/h2>\n<p>[\/et_pb_text][et_pb_text _builder_version=\u00a0\u00bb4.27.0&Prime; _module_preset=\u00a0\u00bb167e59f8-9f56-4476-b843-ef453b284ffd\u00a0\u00bb text_font=\u00a0\u00bbPlus Jakarta Sans||||||||\u00a0\u00bb text_font_size=\u00a0\u00bb15px\u00a0\u00bb global_colors_info=\u00a0\u00bb{}\u00a0\u00bb]<\/p>\n<p class=\"p1\"><span class=\"s1\">Les implants dentaires sont comme des vis, g\u00e9n\u00e9ralement en titane, qui sont mis dans l\u2019os en remplacement des racines de dents perdues. Ils servent de support pour fixer des couronnes unitaires (rempla\u00e7ant une dent), des ponts (rempla\u00e7ant plusieurs dents) ou des proth\u00e8ses fixes totales (rempla\u00e7ant toutes les dents). <\/span><\/p>\n<p class=\"p2\"><span class=\"s1\"><\/span><\/p>\n<p class=\"p1\"><span class=\"s1\">Les implants dentaires ont un taux de succ\u00e8s \u00e9lev\u00e9, permettant de retrouver la capacit\u00e9 de mastication, le confort et l\u2019esth\u00e9tique.<\/span><\/p>\n<p class=\"p2\"><span class=\"s1\"><\/span><\/p>\n<p class=\"p1\"><span class=\"s1\">La chirurgie de pose d\u2019implants est r\u00e9alis\u00e9e de fa\u00e7on indolore gr\u00e2ce \u00e0 une anesth\u00e9sie locale. Le processus exige une planification rigoureuse faisant appel \u00e0 des technologies avanc\u00e9es, afin de d\u2019offrir le meilleur traitement possible. <\/span><\/p>\n<p class=\"p1\">\n<p>[\/et_pb_text][\/et_pb_column][\/et_pb_row][\/et_pb_section][et_pb_section fb_built=\u00a0\u00bb1&Prime; _builder_version=\u00a0\u00bb4.27.4&Prime; _module_preset=\u00a0\u00bbdefault\u00a0\u00bb hover_enabled=\u00a0\u00bb0&Prime; global_colors_info=\u00a0\u00bb{}\u00a0\u00bb custom_padding_last_edited=\u00a0\u00bbon|phone\u00a0\u00bb custom_padding_phone=\u00a0\u00bb0px||||false|false\u00a0\u00bb sticky_enabled=\u00a0\u00bb0&Prime;][et_pb_row _builder_version=\u00a0\u00bb4.27.0&Prime; _module_preset=\u00a0\u00bbdefault\u00a0\u00bb global_colors_info=\u00a0\u00bb{}\u00a0\u00bb][et_pb_column type=\u00a0\u00bb4_4&Prime; _builder_version=\u00a0\u00bb4.27.0&Prime; _module_preset=\u00a0\u00bbdefault\u00a0\u00bb global_colors_info=\u00a0\u00bb{}\u00a0\u00bb][et_pb_text _builder_version=\u00a0\u00bb4.27.4&Prime; _module_preset=\u00a0\u00bb32d7d688-aa2e-4442-8b0e-fd9c2d5e20af\u00a0\u00bb text_font=\u00a0\u00bbPlus Jakarta Sans||||||||\u00a0\u00bb text_font_size=\u00a0\u00bb20px\u00a0\u00bb header_2_font=\u00a0\u00bbPlus Jakarta Sans|700|||||||\u00a0\u00bb header_2_text_color=\u00a0\u00bbgcid-69f96b52-a6e7-406d-81ed-020b85dc0416&Prime; header_2_font_size=\u00a0\u00bb30px\u00a0\u00bb custom_margin=\u00a0\u00bb||10px||false|false\u00a0\u00bb global_colors_info=\u00a0\u00bb{%22gcid-69f96b52-a6e7-406d-81ed-020b85dc0416%22:%91%22header_2_text_color%22%93}\u00a0\u00bb]<\/p>\n<h2 style=\"text-align: center;\">Dents fixes en 1 jour &#8211; une solution rapide, efficace et durable<\/h2>\n<p>&nbsp;<\/p>\n<p>[\/et_pb_text][et_pb_text _builder_version=\u00a0\u00bb4.27.0&Prime; _module_preset=\u00a0\u00bb167e59f8-9f56-4476-b843-ef453b284ffd\u00a0\u00bb text_font=\u00a0\u00bbPlus Jakarta Sans||||||||\u00a0\u00bb text_font_size=\u00a0\u00bb15px\u00a0\u00bb global_colors_info=\u00a0\u00bb{}\u00a0\u00bb]<\/p>\n<p>Dans les cas o\u00f9 nous rempla\u00e7ons toutes vos dents par des implants, nous utilisons des techniques chirurgicales efficaces et optimis\u00e9es comme All-on-4 et All-on-6. <\/p>\n<p>Le jour m\u00eame de la chirurgie, une proth\u00e8se provisoire fixe est pos\u00e9e pour que votre esth\u00e9tique et votre capacit\u00e9 masticatoire ne soient pas compromises. <\/p>\n<p>[\/et_pb_text][et_pb_text _builder_version=\u00a0\u00bb4.27.4&Prime; _module_preset=\u00a0\u00bb32d7d688-aa2e-4442-8b0e-fd9c2d5e20af\u00a0\u00bb text_font=\u00a0\u00bbPlus Jakarta Sans||||||||\u00a0\u00bb text_text_color=\u00a0\u00bbgcid-69f96b52-a6e7-406d-81ed-020b85dc0416&Prime; text_font_size=\u00a0\u00bb20px\u00a0\u00bb header_2_font=\u00a0\u00bbPlus Jakarta Sans|700|||||||\u00a0\u00bb header_2_text_color=\u00a0\u00bbgcid-69f96b52-a6e7-406d-81ed-020b85dc0416&Prime; header_2_font_size=\u00a0\u00bb30px\u00a0\u00bb custom_margin=\u00a0\u00bb||10px||false|false\u00a0\u00bb global_colors_info=\u00a0\u00bb{%22gcid-69f96b52-a6e7-406d-81ed-020b85dc0416%22:%91%22header_2_text_color%22,%22text_text_color%22%93}\u00a0\u00bb]<\/p>\n<p><strong><\/strong><\/p>\n<p><strong>Les diff\u00e9rentes \u00e9tapes des techniques All-on-4 et All-on-6<\/strong><\/p>\n<p><strong><\/strong><\/p>\n<p>[\/et_pb_text][et_pb_accordion toggle_icon=\u00a0\u00bb&#xf067;||fa||900&Prime; icon_color=\u00a0\u00bbgcid-fc9e8ba0-846a-4b7d-96fa-a851b276990d\u00a0\u00bb _builder_version=\u00a0\u00bb4.27.4&Prime; _module_preset=\u00a0\u00bb94e04b89-19be-4bcd-902e-a0a56f699676&Prime; toggle_font=\u00a0\u00bbPlus Jakarta Sans|700|||||||\u00a0\u00bb toggle_font_size=\u00a0\u00bb16px\u00a0\u00bb body_font=\u00a0\u00bb&#8211;et_global_heading_font||||||||\u00a0\u00bb body_font_size=\u00a0\u00bb15px\u00a0\u00bb locked=\u00a0\u00bboff\u00a0\u00bb global_colors_info=\u00a0\u00bb{%22gcid-fc9e8ba0-846a-4b7d-96fa-a851b276990d%22:%91%22icon_color%22%93}\u00a0\u00bb][et_pb_accordion_item title=\u00a0\u00bb  1. La consultation d\u2019\u00e9valuation \u00a0\u00bb open=\u00a0\u00bbon\u00a0\u00bb _builder_version=\u00a0\u00bb4.27.0&Prime; _module_preset=\u00a0\u00bbdefault\u00a0\u00bb body_font=\u00a0\u00bbPlus Jakarta Sans||||||||\u00a0\u00bb body_font_size=\u00a0\u00bb15px\u00a0\u00bb custom_margin=\u00a0\u00bb||||false|false\u00a0\u00bb custom_padding=\u00a0\u00bb0px|0px|0px|0px|true|true\u00a0\u00bb global_colors_info=\u00a0\u00bb{}\u00a0\u00bb]<\/p>\n<p class=\"p1\"><span class=\"s1\">Une \u00e9valuation d\u00e9taill\u00e9e de votre \u00e9tat de sant\u00e9 bucco-dentaire est r\u00e9alis\u00e9e, ainsi que des examens compl\u00e9mentaires de diagnostic tels que les photographies, des scanners de votre bouche et radiographies 3D, afin de choisir la meilleure technique adapt\u00e9e \u00e0 vous besoins et \u00e0 vos attentes. <\/span><\/p>\n<p>[\/et_pb_accordion_item][et_pb_accordion_item title=\u00a0\u00bb  2. La pose des implants dentaires \u00a0\u00bb _builder_version=\u00a0\u00bb4.27.0&Prime; _module_preset=\u00a0\u00bbdefault\u00a0\u00bb body_font=\u00a0\u00bbPlus Jakarta Sans||||||||\u00a0\u00bb body_font_size=\u00a0\u00bb15px\u00a0\u00bb custom_margin=\u00a0\u00bb||||false|false\u00a0\u00bb custom_padding=\u00a0\u00bb0px|0px|0px|0px|true|true\u00a0\u00bb global_colors_info=\u00a0\u00bb{}\u00a0\u00bb open=\u00a0\u00bboff\u00a0\u00bb]<\/p>\n<p class=\"p1\"><span class=\"s1\">Les implants sont pos\u00e9s selon le plan de traitement pr\u00e9\u00e9tabli avant la chirurgie; en ayant recours \u00e0 une anesth\u00e9sie locale et des m\u00e9thodes douces de s\u00e9dation pour un processus indolore et une r\u00e9cup\u00e9ration rapide. <\/span><\/p>\n<p>[\/et_pb_accordion_item][et_pb_accordion_item title=\u00a0\u00bb  3. La mise en bouche d\u2019une proth\u00e8se provisoire fixe sur implants \u00a0\u00bb _builder_version=\u00a0\u00bb4.27.0&Prime; _module_preset=\u00a0\u00bbdefault\u00a0\u00bb body_font=\u00a0\u00bbPlus Jakarta Sans||||||||\u00a0\u00bb body_font_size=\u00a0\u00bb15px\u00a0\u00bb custom_margin=\u00a0\u00bb||||false|false\u00a0\u00bb custom_padding=\u00a0\u00bb0px|0px|0px|0px|true|true\u00a0\u00bb global_colors_info=\u00a0\u00bb{}\u00a0\u00bb open=\u00a0\u00bboff\u00a0\u00bb]<\/p>\n<p class=\"p1\"><span class=\"s1\">Une proth\u00e8se provisoire est mise en bouche imm\u00e9diatement apr\u00e8s la chirurgie, vous redonnant votre sourire et votre capacit\u00e9 masticatoire. <\/span><\/p>\n<p class=\"p1\"><span class=\"s1\">Cette proth\u00e8se est maintenue pendant une p\u00e9riode de 3 \u00e0 6 mois pour permettre l\u2019int\u00e9gration des implants \u00e0 l\u2019os ainsi qu\u2019une cicatrisation optimale de tout les tissus gingivaux. <\/span><\/p>\n<p>[\/et_pb_accordion_item][et_pb_accordion_item title=\u00a0\u00bb  4. La pose des dents d\u00e9finitives\u00a0\u00bb _builder_version=\u00a0\u00bb4.27.0&Prime; _module_preset=\u00a0\u00bbdefault\u00a0\u00bb body_font=\u00a0\u00bbPlus Jakarta Sans||||||||\u00a0\u00bb body_font_size=\u00a0\u00bb15px\u00a0\u00bb custom_margin=\u00a0\u00bb||||false|false\u00a0\u00bb custom_padding=\u00a0\u00bb0px|0px|0px|0px|true|true\u00a0\u00bb global_colors_info=\u00a0\u00bb{}\u00a0\u00bb open=\u00a0\u00bboff\u00a0\u00bb]<\/p>\n<p class=\"p1\"><span class=\"s1\">Des empreintes et plusieurs essais esth\u00e9tiques et fonctionnels sont effectu\u00e9s pour que vos nouvelles dents fixes soient non seulement r\u00e9sistantes mais \u00e9galement parfaitement adapt\u00e9es \u00e0 votre gencive et esth\u00e9tiquement plaisantes. <\/span><\/p>\n<p>[\/et_pb_accordion_item][et_pb_accordion_item title=\u00a0\u00bb5. La phase d\u2019entretien \u00a0\u00bb _builder_version=\u00a0\u00bb4.27.4&Prime; _module_preset=\u00a0\u00bbdefault\u00a0\u00bb body_font=\u00a0\u00bbPlus Jakarta Sans||||||||\u00a0\u00bb body_font_size=\u00a0\u00bb15px\u00a0\u00bb custom_margin=\u00a0\u00bb||||false|false\u00a0\u00bb custom_padding=\u00a0\u00bb0px|0px|0px|0px|true|true\u00a0\u00bb global_colors_info=\u00a0\u00bb{}\u00a0\u00bb open=\u00a0\u00bboff\u00a0\u00bb]<\/p>\n<p class=\"p1\"><span class=\"s1\">La phase de maintenance est crucial pour le succ\u00e8s \u00e0 long terme du traitement. Les soins d\u2019hygi\u00e8ne appropri\u00e9s et les consultations d\u2019entretien font partie int\u00e9grante du traitement. <\/span><\/p>\n<p>[\/et_pb_accordion_item][\/et_pb_accordion][\/et_pb_column][\/et_pb_row][\/et_pb_section][et_pb_section fb_built=\u00a0\u00bb1&Prime; admin_label=\u00a0\u00bbFAQ\u00a0\u00bb _builder_version=\u00a0\u00bb4.27.0&Prime; _module_preset=\u00a0\u00bbdefault\u00a0\u00bb background_color=\u00a0\u00bbgcid-d2f7d5ae-cc39-41f1-9136-c1002bc0f33e\u00a0\u00bb background_image=\u00a0\u00bbhttps:\/\/confident-dentiste.ch\/wp-content\/uploads\/2024\/09\/fundo-com-logo.png\u00a0\u00bb overflow-x=\u00a0\u00bbhidden\u00a0\u00bb overflow-y=\u00a0\u00bbhidden\u00a0\u00bb collapsed=\u00a0\u00bbon\u00a0\u00bb global_colors_info=\u00a0\u00bb{%22gcid-d2f7d5ae-cc39-41f1-9136-c1002bc0f33e%22:%91%22background_color%22%93}\u00a0\u00bb][et_pb_row column_structure=\u00a0\u00bb1_2,1_2&Prime; _builder_version=\u00a0\u00bb4.22.1&Prime; _module_preset=\u00a0\u00bbdefault\u00a0\u00bb global_colors_info=\u00a0\u00bb{}\u00a0\u00bb][et_pb_column type=\u00a0\u00bb1_2&Prime; _builder_version=\u00a0\u00bb4.22.1&Prime; _module_preset=\u00a0\u00bbdefault\u00a0\u00bb global_colors_info=\u00a0\u00bb{}\u00a0\u00bb][et_pb_text _builder_version=\u00a0\u00bb4.27.0&Prime; _module_preset=\u00a0\u00bbf8776c94-685f-4921-b541-1ba4ab3ce938&Prime; header_2_font=\u00a0\u00bbPlus Jakarta Sans|700|||||||\u00a0\u00bb header_2_text_color=\u00a0\u00bbgcid-69f96b52-a6e7-406d-81ed-020b85dc0416&Prime; header_2_font_size=\u00a0\u00bb40px\u00a0\u00bb custom_margin=\u00a0\u00bb||10px||false|false\u00a0\u00bb global_colors_info=\u00a0\u00bb{%22gcid-69f96b52-a6e7-406d-81ed-020b85dc0416%22:%91%22header_2_text_color%22%93}\u00a0\u00bb]<\/p>\n<h2>Questions fr\u00e9quentes<\/h2>\n<p>[\/et_pb_text][et_pb_accordion toggle_icon=\u00a0\u00bb&#xf067;||fa||900&Prime; icon_color=\u00a0\u00bbgcid-fc9e8ba0-846a-4b7d-96fa-a851b276990d\u00a0\u00bb _builder_version=\u00a0\u00bb4.27.4&Prime; _module_preset=\u00a0\u00bb576d37ca-a5e8-4ac4-98b6-cc08e8e2bbf9&Prime; toggle_font=\u00a0\u00bbPlus Jakarta Sans|700|||||||\u00a0\u00bb toggle_font_size=\u00a0\u00bb16px\u00a0\u00bb body_font=\u00a0\u00bb&#8211;et_global_heading_font||||||||\u00a0\u00bb body_font_size=\u00a0\u00bb15px\u00a0\u00bb locked=\u00a0\u00bboff\u00a0\u00bb global_colors_info=\u00a0\u00bb{%22gcid-fc9e8ba0-846a-4b7d-96fa-a851b276990d%22:%91%22icon_color%22%93}\u00a0\u00bb][et_pb_accordion_item title=\u00a0\u00bbQuelle est la dur\u00e9e de vie des implants dentaires ?\u00a0\u00bb open=\u00a0\u00bbon\u00a0\u00bb _builder_version=\u00a0\u00bb4.27.4&Prime; _module_preset=\u00a0\u00bbdefault\u00a0\u00bb body_font=\u00a0\u00bbPlus Jakarta Sans||||||||\u00a0\u00bb body_font_size=\u00a0\u00bb15px\u00a0\u00bb global_colors_info=\u00a0\u00bb{}\u00a0\u00bb]<\/p>\n<p class=\"p1\"><span class=\"s1\">Les implants dentaires sont con\u00e7us pour \u00eatre une solution \u00e0 long terme et peuvent m\u00eame durer toute la vie avec les soins appropri\u00e9s. Il est connu que le tabac, l\u2019alcool et certaines maladies syst\u00e9miques peuvent affecter la durabilit\u00e9 d\u2019un implant dentaire. <\/span><\/p>\n<p class=\"p1\"><span class=\"s1\">Maintenir une bonne hygi\u00e8ne dentaire et des visites r\u00e9guli\u00e8res chez le dentiste sont essentiels pour garantir le succ\u00e8s du traitement sur le long terme. <\/span><\/p>\n<p class=\"p2\"><span class=\"s1\"><\/span><\/p>\n<p class=\"p2\">[\/et_pb_accordion_item][et_pb_accordion_item title=\u00a0\u00bbPuis-je recevoir des implants m\u00eame en cas de perte osseuse ?\u00a0\u00bb _builder_version=\u00a0\u00bb4.27.4&Prime; _module_preset=\u00a0\u00bbdefault\u00a0\u00bb body_font=\u00a0\u00bbPlus Jakarta Sans||||||||\u00a0\u00bb body_font_size=\u00a0\u00bb15px\u00a0\u00bb global_colors_info=\u00a0\u00bb{}\u00a0\u00bb open=\u00a0\u00bboff\u00a0\u00bb]<\/p>\n<p class=\"p1\"><span class=\"s1\">La perte osseuse n&rsquo;est plus un obstacle \u00e0 la pose des implants dentaires. De nos jours, il existe des techniques de greffes osseuses qui nous permettent de r\u00e9aliser des augmentations osseuses verticales et horizontales, de mani\u00e8re stable et s\u00e9curis\u00e9e. <\/span><\/p>\n<p>[\/et_pb_accordion_item][et_pb_accordion_item title=\u00a0\u00bbQuels sont les soins \u00e0 adopter apr\u00e8s la pose des implants ?\u00a0\u00bb _builder_version=\u00a0\u00bb4.27.4&Prime; _module_preset=\u00a0\u00bbdefault\u00a0\u00bb body_font=\u00a0\u00bbPlus Jakarta Sans||||||||\u00a0\u00bb body_font_size=\u00a0\u00bb15px\u00a0\u00bb global_colors_info=\u00a0\u00bb{}\u00a0\u00bb open=\u00a0\u00bboff\u00a0\u00bb]<\/p>\n<p class=\"p1\"><span class=\"s1\">Le jour de la chirurgie, il est recommand\u00e9 d&rsquo;appliquer de la glace sur la partie ext\u00e9rieure de la bouche o\u00f9 l&rsquo;implant a \u00e9t\u00e9 plac\u00e9. Privil\u00e9giez des aliments doux et froids les premiers jours, en \u00e9vitant les aliments durs qui pourraient compromettre les sutures. L&rsquo;hygi\u00e8ne bucco-dentaire doit \u00eatre maintenue pour \u00e9liminer les bact\u00e9ries et pr\u00e9venir les infections, en utilisant des mouvements doux et en \u00e9vitant de toucher directement la zone de l&rsquo;implant. <\/span><\/p>\n<p>[\/et_pb_accordion_item][\/et_pb_accordion][\/et_pb_column][et_pb_column type=\u00a0\u00bb1_2&Prime; _builder_version=\u00a0\u00bb4.22.1&Prime; _module_preset=\u00a0\u00bbdefault\u00a0\u00bb global_colors_info=\u00a0\u00bb{}\u00a0\u00bb][et_pb_image src=\u00a0\u00bbhttps:\/\/confident-dentiste.ch\/wp-content\/uploads\/2024\/08\/confident-implantologia-implantes-dentarios.jpg\u00a0\u00bb title_text=\u00a0\u00bbconfident-implantologie-implants dentaires\u00a0\u00bb force_fullwidth=\u00a0\u00bbon\u00a0\u00bb _builder_version=\u00a0\u00bb4.27.0&Prime; _module_preset=\u00a0\u00bbdefault\u00a0\u00bb height=\u00a0\u00bb639px\u00a0\u00bb border_radii=\u00a0\u00bbon|20px|20px|20px|20px\u00a0\u00bb global_colors_info=\u00a0\u00bb{}\u00a0\u00bb][\/et_pb_image][\/et_pb_column][\/et_pb_row][\/et_pb_section]<\/p>\n","protected":false},"excerpt":{"rendered":"<p>Implants DentairesQu\u2019est-ce qu\u2019un implant dentaire ?Les implants dentaires sont comme des vis, g\u00e9n\u00e9ralement en titane, qui sont mis dans l\u2019os en remplacement des racines de dents perdues. Ils servent de support pour fixer des couronnes unitaires (rempla\u00e7ant une dent), des ponts (rempla\u00e7ant plusieurs dents) ou des proth\u00e8ses fixes totales (rempla\u00e7ant toutes les dents). Les implants [&hellip;]<\/p>\n","protected":false},"author":1,"featured_media":0,"parent":0,"menu_order":0,"comment_status":"closed","ping_status":"closed","template":"","meta":{"_et_pb_use_builder":"on","_et_pb_old_content":"","_et_gb_content_width":"","_joinchat":[],"footnotes":""},"class_list":["post-2437","page","type-page","status-publish","hentry"],"_links":{"self":[{"href":"https:\/\/confident-dentiste.ch\/fr\/wp-json\/wp\/v2\/pages\/2437","targetHints":{"allow":["GET"]}}],"collection":[{"href":"https:\/\/confident-dentiste.ch\/fr\/wp-json\/wp\/v2\/pages"}],"about":[{"href":"https:\/\/confident-dentiste.ch\/fr\/wp-json\/wp\/v2\/types\/page"}],"author":[{"embeddable":true,"href":"https:\/\/confident-dentiste.ch\/fr\/wp-json\/wp\/v2\/users\/1"}],"replies":[{"embeddable":true,"href":"https:\/\/confident-dentiste.ch\/fr\/wp-json\/wp\/v2\/comments?post=2437"}],"version-history":[{"count":14,"href":"https:\/\/confident-dentiste.ch\/fr\/wp-json\/wp\/v2\/pages\/2437\/revisions"}],"predecessor-version":[{"id":3651,"href":"https:\/\/confident-dentiste.ch\/fr\/wp-json\/wp\/v2\/pages\/2437\/revisions\/3651"}],"wp:attachment":[{"href":"https:\/\/confident-dentiste.ch\/fr\/wp-json\/wp\/v2\/media?parent=2437"}],"curies":[{"name":"wp","href":"https:\/\/api.w.org\/{rel}","templated":true}]}}