{"id":2441,"date":"2024-07-06T14:40:16","date_gmt":"2024-07-06T14:40:16","guid":{"rendered":"https:\/\/confident-dentiste.ch\/?page_id=2441"},"modified":"2026-03-17T14:28:25","modified_gmt":"2026-03-17T14:28:25","slug":"prix","status":"publish","type":"page","link":"https:\/\/confident-dentiste.ch\/fr\/prix\/","title":{"rendered":"Tarifs"},"content":{"rendered":"<p>[et_pb_section fb_built=\u00a0\u00bb1&Prime; admin_label=\u00a0\u00bbServices\u00a0\u00bb _builder_version=\u00a0\u00bb4.27.0&Prime; _module_preset=\u00a0\u00bbdefault\u00a0\u00bb custom_padding=\u00a0\u00bb230px||||false|false\u00a0\u00bb locked=\u00a0\u00bboff\u00a0\u00bb collapsed=\u00a0\u00bbon\u00a0\u00bb global_colors_info=\u00a0\u00bb{}\u00a0\u00bb][et_pb_row column_structure=\u00a0\u00bb1_2,1_2&Prime; _builder_version=\u00a0\u00bb4.27.5&Prime; _module_preset=\u00a0\u00bbdefault\u00a0\u00bb hover_enabled=\u00a0\u00bb0&Prime; global_colors_info=\u00a0\u00bb{}\u00a0\u00bb sticky_enabled=\u00a0\u00bb0&Prime;][et_pb_column type=\u00a0\u00bb1_2&Prime; _builder_version=\u00a0\u00bb4.22.1&Prime; _module_preset=\u00a0\u00bbdefault\u00a0\u00bb global_colors_info=\u00a0\u00bb{}\u00a0\u00bb][et_pb_text _builder_version=\u00a0\u00bb4.27.0&Prime; _module_preset=\u00a0\u00bb49bb52b2-75c3-4cbe-b9be-3ef289ae8830&Prime; header_font=\u00a0\u00bbPlus Jakarta Sans|700|||||||\u00a0\u00bb header_text_color=\u00a0\u00bbgcid-69f96b52-a6e7-406d-81ed-020b85dc0416&Prime; header_font_size=\u00a0\u00bb65px\u00a0\u00bb text_orientation=\u00a0\u00bbcenter\u00a0\u00bb custom_margin=\u00a0\u00bb||10px||false|false\u00a0\u00bb global_colors_info=\u00a0\u00bb{%22gcid-69f96b52-a6e7-406d-81ed-020b85dc0416%22:%91%22header_text_color%22,%22header_text_color%22%93}\u00a0\u00bb]<\/p>\n<h1 style=\"text-align: left;\">Tarifs<\/h1>\n<p>[\/et_pb_text][et_pb_text _builder_version=\u00a0\u00bb4.27.0&Prime; _module_preset=\u00a0\u00bb563fabc7-8888-41b0-9cc7-4854f23d4b80&Prime; header_5_font=\u00a0\u00bbPlus Jakarta Sans|500|||||||\u00a0\u00bb header_5_text_color=\u00a0\u00bb#000000&Prime; header_5_font_size=\u00a0\u00bb16px\u00a0\u00bb custom_margin=\u00a0\u00bb||0px||false|false\u00a0\u00bb global_colors_info=\u00a0\u00bb{}\u00a0\u00bb]<\/p>\n<h5>Rendez-vous d&rsquo;\u00e9valuation (comprenant 2 radiographies)<\/h5>\n<p>[\/et_pb_text][et_pb_text _builder_version=\u00a0\u00bb4.27.5&Prime; _module_preset=\u00a0\u00bb7ad879b8-39e7-485a-a0a0-1031de3c1a2c\u00a0\u00bb text_font=\u00a0\u00bbPlus Jakarta Sans|700|||||||\u00a0\u00bb text_text_color=\u00a0\u00bbgcid-heading-color\u00a0\u00bb text_font_size=\u00a0\u00bb12px\u00a0\u00bb global_colors_info=\u00a0\u00bb{%22gcid-heading-color%22:%91%22text_text_color%22%93}\u00a0\u00bb]<\/p>\n<p style=\"text-align: left;\"><span class=\"s1\"><\/span><span class=\"s2\">CHF 130<\/span><\/p>\n<p>[\/et_pb_text][et_pb_text _builder_version=\u00a0\u00bb4.25.2&Prime; _module_preset=\u00a0\u00bb563fabc7-8888-41b0-9cc7-4854f23d4b80&Prime; header_5_font=\u00a0\u00bbPlus Jakarta Sans|500|||||||\u00a0\u00bb header_5_text_color=\u00a0\u00bb#000000&Prime; header_5_font_size=\u00a0\u00bb16px\u00a0\u00bb custom_margin=\u00a0\u00bb||0px||false|false\u00a0\u00bb global_colors_info=\u00a0\u00bb{}\u00a0\u00bb]<\/p>\n<h5><span class=\"s2\">Rendez-vous d&rsquo;urgence<span class=\"Apple-converted-space\"> <\/span><\/span><\/h5>\n<p>[\/et_pb_text][et_pb_text _builder_version=\u00a0\u00bb4.27.5&Prime; _module_preset=\u00a0\u00bb7ad879b8-39e7-485a-a0a0-1031de3c1a2c\u00a0\u00bb text_font=\u00a0\u00bbPlus Jakarta Sans|700|||||||\u00a0\u00bb text_text_color=\u00a0\u00bbgcid-heading-color\u00a0\u00bb text_font_size=\u00a0\u00bb12px\u00a0\u00bb global_colors_info=\u00a0\u00bb{%22gcid-heading-color%22:%91%22text_text_color%22,%22text_text_color%22%93}\u00a0\u00bb]<\/p>\n<p style=\"text-align: left;\"><span class=\"s1\"><\/span><span class=\"s2\">CHF 80<\/span><\/p>\n<p>[\/et_pb_text][et_pb_text _builder_version=\u00a0\u00bb4.25.2&Prime; _module_preset=\u00a0\u00bb563fabc7-8888-41b0-9cc7-4854f23d4b80&Prime; header_5_font=\u00a0\u00bbPlus Jakarta Sans|500|||||||\u00a0\u00bb header_5_text_color=\u00a0\u00bb#000000&Prime; header_5_font_size=\u00a0\u00bb16px\u00a0\u00bb custom_margin=\u00a0\u00bb||0px||false|false\u00a0\u00bb global_colors_info=\u00a0\u00bb{}\u00a0\u00bb]<\/p>\n<h5>Rendez-vous d&rsquo;urgence (avec traitement provisoire)<\/h5>\n<p>[\/et_pb_text][et_pb_text _builder_version=\u00a0\u00bb4.27.4&Prime; _module_preset=\u00a0\u00bb7ad879b8-39e7-485a-a0a0-1031de3c1a2c\u00a0\u00bb text_font=\u00a0\u00bbPlus Jakarta Sans|700|||||||\u00a0\u00bb text_text_color=\u00a0\u00bbgcid-heading-color\u00a0\u00bb text_font_size=\u00a0\u00bb12px\u00a0\u00bb global_colors_info=\u00a0\u00bb{%22gcid-heading-color%22:%91%22text_text_color%22,%22text_text_color%22%93}\u00a0\u00bb]<\/p>\n<p style=\"text-align: left;\"><span class=\"s1\"><\/span><b>de 250 CHF\u00a0\u00e0 320 CHF<\/b><\/p>\n<p>[\/et_pb_text][et_pb_text _builder_version=\u00a0\u00bb4.27.4&Prime; _module_preset=\u00a0\u00bb563fabc7-8888-41b0-9cc7-4854f23d4b80&Prime; header_5_font=\u00a0\u00bbPlus Jakarta Sans|500|||||||\u00a0\u00bb header_5_text_color=\u00a0\u00bb#000000&Prime; header_5_font_size=\u00a0\u00bb16px\u00a0\u00bb custom_margin=\u00a0\u00bb||0px||false|false\u00a0\u00bb global_colors_info=\u00a0\u00bb{}\u00a0\u00bb]<\/p>\n<h5>Consultation d&rsquo;hygi\u00e8ne bucco-dentaire (incluant 2 radiographies)<\/h5>\n<p>[\/et_pb_text][et_pb_text _builder_version=\u00a0\u00bb4.27.5&Prime; _module_preset=\u00a0\u00bb7ad879b8-39e7-485a-a0a0-1031de3c1a2c\u00a0\u00bb text_font=\u00a0\u00bbPlus Jakarta Sans|700|||||||\u00a0\u00bb text_text_color=\u00a0\u00bbgcid-heading-color\u00a0\u00bb text_font_size=\u00a0\u00bb12px\u00a0\u00bb global_colors_info=\u00a0\u00bb{%22gcid-heading-color%22:%91%22text_text_color%22,%22text_text_color%22%93}\u00a0\u00bb]<\/p>\n<p style=\"text-align: left;\"><span class=\"s1\"><\/span><span class=\"s2\">160 CHF<\/span><\/p>\n<p>[\/et_pb_text][et_pb_text _builder_version=\u00a0\u00bb4.27.5&Prime; _module_preset=\u00a0\u00bb563fabc7-8888-41b0-9cc7-4854f23d4b80&Prime; header_5_font=\u00a0\u00bbPlus Jakarta Sans|500|||||||\u00a0\u00bb header_5_text_color=\u00a0\u00bb#000000&Prime; header_5_font_size=\u00a0\u00bb16px\u00a0\u00bb custom_margin=\u00a0\u00bb||0px||false|false\u00a0\u00bb global_colors_info=\u00a0\u00bb{}\u00a0\u00bb]<\/p>\n<h5>Consultation d\u2019hygi\u00e8ne bucco-dentaire enfants 0-10 ans<\/h5>\n<p>[\/et_pb_text][et_pb_text _builder_version=\u00a0\u00bb4.27.5&Prime; _module_preset=\u00a0\u00bb7ad879b8-39e7-485a-a0a0-1031de3c1a2c\u00a0\u00bb text_font=\u00a0\u00bbPlus Jakarta Sans|700|||||||\u00a0\u00bb text_text_color=\u00a0\u00bbgcid-heading-color\u00a0\u00bb text_font_size=\u00a0\u00bb12px\u00a0\u00bb global_colors_info=\u00a0\u00bb{%22gcid-heading-color%22:%91%22text_text_color%22,%22text_text_color%22%93}\u00a0\u00bb]<\/p>\n<p style=\"text-align: left;\"><span class=\"s1\"><\/span><span class=\"s2\">90 CHF<\/span><\/p>\n<p>[\/et_pb_text][et_pb_text _builder_version=\u00a0\u00bb4.27.5&Prime; _module_preset=\u00a0\u00bb563fabc7-8888-41b0-9cc7-4854f23d4b80&Prime; header_5_font=\u00a0\u00bbPlus Jakarta Sans|500|||||||\u00a0\u00bb header_5_text_color=\u00a0\u00bb#000000&Prime; header_5_font_size=\u00a0\u00bb16px\u00a0\u00bb custom_margin=\u00a0\u00bb||0px||false|false\u00a0\u00bb global_colors_info=\u00a0\u00bb{}\u00a0\u00bb]<\/p>\n<h5>Consultation d\u2019hygi\u00e8ne bucco-dentaire enfants 11-18 ans<\/h5>\n<p>[\/et_pb_text][et_pb_text _builder_version=\u00a0\u00bb4.27.5&Prime; _module_preset=\u00a0\u00bb7ad879b8-39e7-485a-a0a0-1031de3c1a2c\u00a0\u00bb text_font=\u00a0\u00bbPlus Jakarta Sans|700|||||||\u00a0\u00bb text_text_color=\u00a0\u00bbgcid-heading-color\u00a0\u00bb text_font_size=\u00a0\u00bb12px\u00a0\u00bb global_colors_info=\u00a0\u00bb{%22gcid-heading-color%22:%91%22text_text_color%22,%22text_text_color%22%93}\u00a0\u00bb]<\/p>\n<p style=\"text-align: left;\"><span class=\"s1\"><\/span><span class=\"s2\">120 CHF<\/span><\/p>\n<p>[\/et_pb_text][et_pb_text _builder_version=\u00a0\u00bb4.25.2&Prime; _module_preset=\u00a0\u00bb563fabc7-8888-41b0-9cc7-4854f23d4b80&Prime; header_5_font=\u00a0\u00bbPlus Jakarta Sans|500|||||||\u00a0\u00bb header_5_text_color=\u00a0\u00bb#000000&Prime; header_5_font_size=\u00a0\u00bb16px\u00a0\u00bb custom_margin=\u00a0\u00bb||0px||false|false\u00a0\u00bb global_colors_info=\u00a0\u00bb{}\u00a0\u00bb]<\/p>\n<h5>Premier rendez-vous orthodontique<\/h5>\n<p>[\/et_pb_text][et_pb_text _builder_version=\u00a0\u00bb4.27.0&Prime; _module_preset=\u00a0\u00bb7ad879b8-39e7-485a-a0a0-1031de3c1a2c\u00a0\u00bb text_font=\u00a0\u00bbPlus Jakarta Sans|700|||||||\u00a0\u00bb text_text_color=\u00a0\u00bbgcid-heading-color\u00a0\u00bb text_font_size=\u00a0\u00bb12px\u00a0\u00bb global_colors_info=\u00a0\u00bb{%22gcid-heading-color%22:%91%22text_text_color%22,%22text_text_color%22%93}\u00a0\u00bb]<\/p>\n<p style=\"text-align: left;\"><span class=\"s1\"><\/span><span class=\"s2\">108 CHF<\/span><\/p>\n<p>[\/et_pb_text][et_pb_text _builder_version=\u00a0\u00bb4.25.2&Prime; _module_preset=\u00a0\u00bb563fabc7-8888-41b0-9cc7-4854f23d4b80&Prime; header_5_font=\u00a0\u00bbPlus Jakarta Sans|500|||||||\u00a0\u00bb header_5_text_color=\u00a0\u00bb#000000&Prime; header_5_font_size=\u00a0\u00bb16px\u00a0\u00bb custom_margin=\u00a0\u00bb||0px||false|false\u00a0\u00bb global_colors_info=\u00a0\u00bb{}\u00a0\u00bb]<\/p>\n<h5>Blanchiment des dents \u00e0 domicile<\/h5>\n<p>[\/et_pb_text][et_pb_text _builder_version=\u00a0\u00bb4.27.0&Prime; _module_preset=\u00a0\u00bb7ad879b8-39e7-485a-a0a0-1031de3c1a2c\u00a0\u00bb text_font=\u00a0\u00bbPlus Jakarta Sans|700|||||||\u00a0\u00bb text_text_color=\u00a0\u00bbgcid-heading-color\u00a0\u00bb text_font_size=\u00a0\u00bb12px\u00a0\u00bb global_colors_info=\u00a0\u00bb{%22gcid-heading-color%22:%91%22text_text_color%22,%22text_text_color%22%93}\u00a0\u00bb]<\/p>\n<p style=\"text-align: left;\"><span class=\"s1\"><\/span><span class=\"s2\">390 CHF<\/span><\/p>\n<p>[\/et_pb_text][et_pb_text _builder_version=\u00a0\u00bb4.27.4&Prime; _module_preset=\u00a0\u00bb563fabc7-8888-41b0-9cc7-4854f23d4b80&Prime; header_5_font=\u00a0\u00bbPlus Jakarta Sans|500|||||||\u00a0\u00bb header_5_text_color=\u00a0\u00bb#000000&Prime; header_5_font_size=\u00a0\u00bb16px\u00a0\u00bb custom_margin=\u00a0\u00bb||0px||false|false\u00a0\u00bb global_colors_info=\u00a0\u00bb{}\u00a0\u00bb]<\/p>\n<h5>Facette c\u00e9ramique<\/h5>\n<p>[\/et_pb_text][et_pb_text _builder_version=\u00a0\u00bb4.27.0&Prime; _module_preset=\u00a0\u00bb7ad879b8-39e7-485a-a0a0-1031de3c1a2c\u00a0\u00bb text_font=\u00a0\u00bbPlus Jakarta Sans|700|||||||\u00a0\u00bb text_text_color=\u00a0\u00bbgcid-heading-color\u00a0\u00bb text_font_size=\u00a0\u00bb12px\u00a0\u00bb global_colors_info=\u00a0\u00bb{%22gcid-heading-color%22:%91%22text_text_color%22,%22text_text_color%22%93}\u00a0\u00bb]<\/p>\n<p style=\"text-align: left;\"><span class=\"s1\"><\/span><span class=\"s2\">\u00e0 partir de 950 CHF<\/span><\/p>\n<p>[\/et_pb_text][et_pb_text _builder_version=\u00a0\u00bb4.25.2&Prime; _module_preset=\u00a0\u00bb563fabc7-8888-41b0-9cc7-4854f23d4b80&Prime; header_5_font=\u00a0\u00bbPlus Jakarta Sans|500|||||||\u00a0\u00bb header_5_text_color=\u00a0\u00bb#000000&Prime; header_5_font_size=\u00a0\u00bb16px\u00a0\u00bb custom_margin=\u00a0\u00bb||0px||false|false\u00a0\u00bb global_colors_info=\u00a0\u00bb{}\u00a0\u00bb]<\/p>\n<h5>Implant dentaire (y compris couronne sur implant)<\/h5>\n<p>[\/et_pb_text][et_pb_text _builder_version=\u00a0\u00bb4.27.0&Prime; _module_preset=\u00a0\u00bb7ad879b8-39e7-485a-a0a0-1031de3c1a2c\u00a0\u00bb text_font=\u00a0\u00bbPlus Jakarta Sans|700|||||||\u00a0\u00bb text_text_color=\u00a0\u00bbgcid-heading-color\u00a0\u00bb text_font_size=\u00a0\u00bb12px\u00a0\u00bb global_colors_info=\u00a0\u00bb{%22gcid-heading-color%22:%91%22text_text_color%22,%22text_text_color%22%93}\u00a0\u00bb]<\/p>\n<p style=\"text-align: left;\"><span class=\"s1\"><\/span><span class=\"s2\">\u00e0 partir de 3 250 CHF<\/span><\/p>\n<p>[\/et_pb_text][et_pb_text _builder_version=\u00a0\u00bb4.27.5&Prime; _module_preset=\u00a0\u00bb53f5ab85-1a0f-4077-9350-cc7f97c7ed01&Prime; text_font=\u00a0\u00bbPlus Jakarta Sans||||||||\u00a0\u00bb text_font_size=\u00a0\u00bb15px\u00a0\u00bb link_font=\u00a0\u00bbPlus Jakarta Sans|700|||||||\u00a0\u00bb link_text_color=\u00a0\u00bbgcid-69f96b52-a6e7-406d-81ed-020b85dc0416&Prime; link_font_size=\u00a0\u00bb15px\u00a0\u00bb hover_enabled=\u00a0\u00bb0&Prime; global_colors_info=\u00a0\u00bb{%22gcid-69f96b52-a6e7-406d-81ed-020b85dc0416%22:%91%22link_text_color%22%93}\u00a0\u00bb title_text=\u00a0\u00bbfundo com logo\u00a0\u00bb background_image=\u00a0\u00bbhttps:\/\/confident-dentiste.ch\/wp-content\/uploads\/2024\/09\/fundo-com-logo.png\u00a0\u00bb sticky_enabled=\u00a0\u00bb0&Prime; custom_padding=\u00a0\u00bb20px|20px|20px|20px|true|true\u00a0\u00bb border_radii=\u00a0\u00bbon|25px|25px|25px|25px\u00a0\u00bb]<\/p>\n<div class=\"page\" title=\"Page 3\">\n<div class=\"section\">\n<div class=\"layoutArea\">\n<div class=\"column\">\n<p>Les consultations <strong>premi\u00e8re fois<\/strong><strong>,<\/strong>\u00a0<strong>d\u2019urgence<\/strong>\u00a0et les soins r\u00e9alis\u00e9s par<strong>\u00a0<\/strong><strong>l\u2019hygi\u00e9niste dentaire<\/strong>\u00a0doivent\u00a0\u00eatre r\u00e9gl\u00e9s directement au cabinet le jour du rendez-vous.<\/p>\n<\/div>\n<\/div>\n<\/div>\n<\/div>\n<p>[\/et_pb_text][\/et_pb_column][et_pb_column type=\u00a0\u00bb1_2&Prime; _builder_version=\u00a0\u00bb4.27.0&Prime; _module_preset=\u00a0\u00bbdefault\u00a0\u00bb background_color=\u00a0\u00bbgcid-d2f7d5ae-cc39-41f1-9136-c1002bc0f33e\u00a0\u00bb background_image=\u00a0\u00bbhttps:\/\/confident-dentiste.ch\/wp-content\/uploads\/2024\/09\/fundo-com-logo.png\u00a0\u00bb custom_padding=\u00a0\u00bb60px|60px|60px|60px|true|true\u00a0\u00bb custom_padding_tablet=\u00a0\u00bb30px|30px|30px|30px|true|true\u00a0\u00bb custom_padding_phone=\u00a0\u00bb20px|20px|20px|20px|true|true\u00a0\u00bb custom_padding_last_edited=\u00a0\u00bbon|desktop\u00a0\u00bb border_radii=\u00a0\u00bbon|20px|20px|20px|20px\u00a0\u00bb global_colors_info=\u00a0\u00bb{%22gcid-d2f7d5ae-cc39-41f1-9136-c1002bc0f33e%22:%91%22background_color%22%93}\u00a0\u00bb][et_pb_text _builder_version=\u00a0\u00bb4.27.4&Prime; _module_preset=\u00a0\u00bb53f5ab85-1a0f-4077-9350-cc7f97c7ed01&Prime; text_font=\u00a0\u00bbPlus Jakarta Sans||||||||\u00a0\u00bb text_font_size=\u00a0\u00bb15px\u00a0\u00bb link_font=\u00a0\u00bbPlus Jakarta Sans|700|||||||\u00a0\u00bb link_text_color=\u00a0\u00bbgcid-69f96b52-a6e7-406d-81ed-020b85dc0416&Prime; link_font_size=\u00a0\u00bb15px\u00a0\u00bb global_colors_info=\u00a0\u00bb{%22gcid-69f96b52-a6e7-406d-81ed-020b85dc0416%22:%91%22link_text_color%22%93}\u00a0\u00bb]<\/p>\n<p style=\"text-align: left;\">En tant que membres de la SSO (Soci\u00e9t\u00e9 Suisse des M\u00e9decins-Dentistes) toutes nos prestations sont factur\u00e9es selon le tarif Dentotar. Dans notre cabinet, la valeur du point pour les soins dentaires est de CHF 1.10 et pour les traitements orthodontiques est de CHF 1.04.<\/p>\n<p style=\"text-align: left;\"><strong><\/strong><\/p>\n<p style=\"text-align: left;\"><strong>M\u00e9thodes de paiement:<\/strong><\/p>\n<p style=\"text-align: left;\">Paiement au cabinet en cash, TWINT ou carte de d\u00e9bit\/cr\u00e9dit.<br \/>Par facture sous 30 jours (sous conditions)<\/p>\n<p style=\"text-align: left;\"><strong>Besoin de facilit\u00e9s de paiement ?<\/strong><\/p>\n<p style=\"text-align: left;\"><span style=\"font-size: 15px;\">Nous croyons que la sant\u00e9 bucco-dentaire doit \u00eatre accessible \u00e0 tous, sans compromettre la qualit\u00e9 des soins. C\u2019est pourquoi nous proposons des solutions <\/span><span style=\"font-size: 15px;\">de paiement flexibles, afin que vous puissez b\u00e9n\u00e9ficier des traitements n\u00e9cessaires en toute s\u00e9r\u00e9nit\u00e9.<\/span><\/p>\n<div class=\"page\" title=\"Page 3\">\n<div class=\"section\">\n<div class=\"layoutArea\">\n<div class=\"column\">\n<p><span>Paiements en 3 \u00e0 12 tranches sans int\u00e9r\u00eat via la plateforme suisse <\/span><a href=\"https:\/\/heylight.com\/ch\/fr\" target=\"_blank\" rel=\"noopener\"><span>Heylight <\/span><\/a><span> pour les traitements jusqu&rsquo;\u00e0 <\/span><strong>15&rsquo;000 CHF. <\/strong><\/p>\n<p><span>Pour des montants sup\u00e9rieurs, nous collaborons avec le Cr\u00e9dit Populaire du L\u00e9man, qui offre des solutions de cr\u00e9dit personnel adapt\u00e9es \u00e0 vos besoins pour financer vos soins dentaires. <\/span><a href=\"https:\/\/credit-populaire-leman.ch\/credit-%20dentaire-esthetique\/\" target=\"_blank\" rel=\"noopener\"><span>Cr\u00e9dit Populaire du L\u00e9man<\/span><\/a><span>, <\/span><span>qui propose des solutions de cr\u00e9dit personnel sur mesure pour tous vos traitements dentaires. <\/span><\/p>\n<p><span>Nous sommes \u00e0 votre disposition pour vous fournir davantage d\u2019informations sur nos tarifs et options de financement. <\/span><\/p>\n<\/div>\n<\/div>\n<div class=\"layoutArea\">\n<div class=\"column\">\n<p><span><\/span><\/p>\n<p><span>Avant de commencer tout traitement, votre dentiste vous informera des c\u00f4uts complets des soins n\u00e9cessaires. <\/span><span style=\"font-size: 15px;\">Apr\u00e8s une premi\u00e9re consultation, une estimation d\u2019honoraires d\u00e9taill\u00e9 vous sera remis, afin que vous connaissiez le prix total de votre traitement.<\/span><\/p>\n<\/div>\n<\/div>\n<\/div>\n<\/div>\n<p>[\/et_pb_text][et_pb_button button_url=\u00a0\u00bb@ET-DC@eyJkeW5hbWljIjp0cnVlLCJjb250ZW50IjoicG9zdF9saW5rX3VybF9wYWdlIiwic2V0dGluZ3MiOnsicG9zdF9pZCI6IjU1NiJ9fQ==@\u00a0\u00bb button_text=\u00a0\u00bbPrendre rendez-vous\u00a0\u00bb button_alignment=\u00a0\u00bbcenter\u00a0\u00bb _builder_version=\u00a0\u00bb4.27.4&Prime; _dynamic_attributes=\u00a0\u00bbbutton_url\u00a0\u00bb _module_preset=\u00a0\u00bb9c13f006-8e8e-4cac-aea3-69636e9a5425&Prime; button_text_color=\u00a0\u00bb#000000&Prime; button_bg_color=\u00a0\u00bbgcid-fc9e8ba0-846a-4b7d-96fa-a851b276990d\u00a0\u00bb button_font=\u00a0\u00bbPlus Jakarta Sans|800||on|||||\u00a0\u00bb custom_margin=\u00a0\u00bb30px||30px||false|false\u00a0\u00bb global_colors_info=\u00a0\u00bb{%22gcid-fc9e8ba0-846a-4b7d-96fa-a851b276990d%22:%91%22button_bg_color%22%93}\u00a0\u00bb][\/et_pb_button][\/et_pb_column][\/et_pb_row][\/et_pb_section]<\/p>\n","protected":false},"excerpt":{"rendered":"<p>TarifsRendez-vous d&rsquo;\u00e9valuation (comprenant 2 radiographies)CHF 130Rendez-vous d&rsquo;urgence CHF 80Rendez-vous d&rsquo;urgence (avec traitement provisoire)de 250 CHF\u00a0\u00e0 320 CHFConsultation d&rsquo;hygi\u00e8ne bucco-dentaire (incluant 2 radiographies)160 CHFConsultation d\u2019hygi\u00e8ne bucco-dentaire enfants 0-10 ans90 CHFConsultation d\u2019hygi\u00e8ne bucco-dentaire enfants 11-18 ans120 CHFPremier rendez-vous orthodontique108 CHFBlanchiment des dents \u00e0 domicile390 CHFFacette c\u00e9ramique\u00e0 partir de 950 CHFImplant dentaire (y compris couronne sur implant)\u00e0 partir [&hellip;]<\/p>\n","protected":false},"author":1,"featured_media":0,"parent":0,"menu_order":0,"comment_status":"closed","ping_status":"closed","template":"","meta":{"_et_pb_use_builder":"on","_et_pb_old_content":"","_et_gb_content_width":"","_joinchat":[],"footnotes":""},"class_list":["post-2441","page","type-page","status-publish","hentry"],"_links":{"self":[{"href":"https:\/\/confident-dentiste.ch\/fr\/wp-json\/wp\/v2\/pages\/2441","targetHints":{"allow":["GET"]}}],"collection":[{"href":"https:\/\/confident-dentiste.ch\/fr\/wp-json\/wp\/v2\/pages"}],"about":[{"href":"https:\/\/confident-dentiste.ch\/fr\/wp-json\/wp\/v2\/types\/page"}],"author":[{"embeddable":true,"href":"https:\/\/confident-dentiste.ch\/fr\/wp-json\/wp\/v2\/users\/1"}],"replies":[{"embeddable":true,"href":"https:\/\/confident-dentiste.ch\/fr\/wp-json\/wp\/v2\/comments?post=2441"}],"version-history":[{"count":26,"href":"https:\/\/confident-dentiste.ch\/fr\/wp-json\/wp\/v2\/pages\/2441\/revisions"}],"predecessor-version":[{"id":3719,"href":"https:\/\/confident-dentiste.ch\/fr\/wp-json\/wp\/v2\/pages\/2441\/revisions\/3719"}],"wp:attachment":[{"href":"https:\/\/confident-dentiste.ch\/fr\/wp-json\/wp\/v2\/media?parent=2441"}],"curies":[{"name":"wp","href":"https:\/\/api.w.org\/{rel}","templated":true}]}}