{"id":3196,"date":"2025-09-02T07:33:21","date_gmt":"2025-09-02T07:33:21","guid":{"rendered":"https:\/\/confident-dentiste.ch\/?page_id=3196"},"modified":"2025-09-04T13:36:07","modified_gmt":"2025-09-04T13:36:07","slug":"raquel-rodrigues","status":"publish","type":"page","link":"https:\/\/confident-dentiste.ch\/fr\/raquel-rodrigues\/","title":{"rendered":"Raquel Rodrigues"},"content":{"rendered":"<p>[et_pb_section fb_built=\u00a0\u00bb1&Prime; custom_padding_last_edited=\u00a0\u00bbon|desktop\u00a0\u00bb admin_label=\u00a0\u00bbFAQ\u00a0\u00bb _builder_version=\u00a0\u00bb4.25.2&Prime; _module_preset=\u00a0\u00bbdefault\u00a0\u00bb overflow-x=\u00a0\u00bbhidden\u00a0\u00bb overflow-y=\u00a0\u00bbhidden\u00a0\u00bb custom_padding=\u00a0\u00bb15vw||0px||false|false\u00a0\u00bb custom_padding_tablet=\u00a0\u00bb25vw||||false|false\u00a0\u00bb custom_padding_phone=\u00a0\u00bb45vw||0px||false|false\u00a0\u00bb collapsed=\u00a0\u00bbon\u00a0\u00bb global_colors_info=\u00a0\u00bb{}\u00a0\u00bb][et_pb_row column_structure=\u00a0\u00bb1_2,1_2&Prime; _builder_version=\u00a0\u00bb4.22.1&Prime; _module_preset=\u00a0\u00bbdefault\u00a0\u00bb global_colors_info=\u00a0\u00bb{}\u00a0\u00bb][et_pb_column type=\u00a0\u00bb1_2&Prime; _builder_version=\u00a0\u00bb4.22.1&Prime; _module_preset=\u00a0\u00bbdefault\u00a0\u00bb global_colors_info=\u00a0\u00bb{}\u00a0\u00bb][et_pb_text _builder_version=\u00a0\u00bb4.27.4&Prime; _module_preset=\u00a0\u00bbf8776c94-685f-4921-b541-1ba4ab3ce938&Prime; text_font=\u00a0\u00bbPlus Jakarta Sans||||||||\u00a0\u00bb text_text_color=\u00a0\u00bb#000000&Prime; text_font_size=\u00a0\u00bb16px\u00a0\u00bb header_2_font=\u00a0\u00bbPlus Jakarta Sans|700|||||||\u00a0\u00bb header_2_text_color=\u00a0\u00bbgcid-69f96b52-a6e7-406d-81ed-020b85dc0416&Prime; header_2_font_size=\u00a0\u00bb40px\u00a0\u00bb custom_margin=\u00a0\u00bb||10px||false|false\u00a0\u00bb global_colors_info=\u00a0\u00bb{%22gcid-69f96b52-a6e7-406d-81ed-020b85dc0416%22:%91%22header_2_text_color%22%93}\u00a0\u00bb]<\/p>\n<h2>Dr Raquel Rodrigues<\/h2>\n<div class=\"page\" title=\"Page 1\">\n<div class=\"section\">\n<div class=\"layoutArea\">\n<div class=\"column\">\n<p>M\u00e9dicin-dentiste<\/p>\n<p>&nbsp;<\/p>\n<\/div>\n<\/div>\n<\/div>\n<\/div>\n<p>[\/et_pb_text][et_pb_text _builder_version=\u00a0\u00bb4.27.4&Prime; _module_preset=\u00a0\u00bbdefault\u00a0\u00bb text_font=\u00a0\u00bbOpen Sans|300|||||||\u00a0\u00bb text_text_color=\u00a0\u00bb#000000&Prime; text_font_size=\u00a0\u00bb15px\u00a0\u00bb custom_padding=\u00a0\u00bb2vw||||false|false\u00a0\u00bb global_colors_info=\u00a0\u00bb{}\u00a0\u00bb]<\/p>\n<div class=\"page\" title=\"Page 1\">\n<div class=\"section\">\n<div class=\"layoutArea\">\n<div class=\"column\">\n<p>Dipl\u00f4m\u00e9e en m\u00e9decine dentaire \u00e0 la Facult\u00e9 de M\u00e9decine Dentaire de l\u2019Universit\u00e9 Catholique, en 2020, avec un int\u00e9r\u00eat particulier pour la p\u00e9dodontie et l\u2019orthodontie. Depuis le d\u00e9but de sa carri\u00e8re, l\u2019accent est mis sur une formation continue afin d\u2019offrir des soins de haute qualit\u00e9, adapt\u00e9s aux besoins de chaque patient.<\/p>\n<p>Apr\u00e8s deux ans d\u2019exp\u00e9rience au Portugal, l\u2019installation en Suisse en 2022 marque une nouvelle \u00e9tape, \u00e0 la recherche de d\u00e9fis stimulants et d\u2019un enrichissement professionnel. L\u2019approche clinique se distingue par une grande empathie et une communication apaisante, cr\u00e9ant ainsi un environnement rassurant et bienveillant, notamment pour les enfants. Convaincue que la visite chez le dentiste peut \u00eatre une exp\u00e9rience positive, chaque jour est d\u00e9di\u00e9 \u00e0 en faire une r\u00e9alit\u00e9 pour les patients.<\/p>\n<p>Passionn\u00e9e par l\u2019orthodontie fonctionnelle et interceptive, la Dre Raquel sui r\u00e9guli\u00e8rement des formations continues dans le domaines de l\u2019orthodontie et de la p\u00e9dodontie, notamment \u00e0 l\u2019Universit\u00e9 de Gen\u00e8ve, afin d\u2019apporter \u00e0 ses jeunes patients les solutions les plus modernes et adapt\u00e9es \u00e0 leur d\u00e9veloppement.<\/p>\n<p>En dehors de la passion pour le m\u00e9tier, la Suisse offre l\u2019\u00e9quilibre id\u00e9al entre vie professionnelle et personnelle. Le froid, la neige et les journ\u00e9es ensoleill\u00e9es font partie des \u00e9l\u00e9ments qui rendent ce pays si captivant.<\/p>\n<\/div>\n<\/div>\n<\/div>\n<\/div>\n<p>[\/et_pb_text][\/et_pb_column][et_pb_column type=\u00a0\u00bb1_2&Prime; _builder_version=\u00a0\u00bb4.22.1&Prime; _module_preset=\u00a0\u00bbdefault\u00a0\u00bb global_colors_info=\u00a0\u00bb{}\u00a0\u00bb][et_pb_image src=\u00a0\u00bbhttps:\/\/confident-dentiste.ch\/wp-content\/uploads\/2025\/09\/confident-raquel-odontopediatria.png\u00a0\u00bb alt=\u00a0\u00bbdr raquel rodrigues\u00a0\u00bb title_text=\u00a0\u00bbconfident-raquel-odontopediatria\u00a0\u00bb _builder_version=\u00a0\u00bb4.27.4&Prime; _module_preset=\u00a0\u00bbdefault\u00a0\u00bb hover_enabled=\u00a0\u00bb0&Prime; border_radii=\u00a0\u00bbon|20px|20px|20px|20px\u00a0\u00bb global_colors_info=\u00a0\u00bb{}\u00a0\u00bb sticky_enabled=\u00a0\u00bb0&Prime;][\/et_pb_image][\/et_pb_column][\/et_pb_row][\/et_pb_section]<\/p>\n","protected":false},"excerpt":{"rendered":"<p>Dr Raquel Rodrigues M\u00e9dicin-dentiste &nbsp; Dipl\u00f4m\u00e9e en m\u00e9decine dentaire \u00e0 la Facult\u00e9 de M\u00e9decine Dentaire de l\u2019Universit\u00e9 Catholique, en 2020, avec un int\u00e9r\u00eat particulier pour la p\u00e9dodontie et l\u2019orthodontie. Depuis le d\u00e9but de sa carri\u00e8re, l\u2019accent est mis sur une formation continue afin d\u2019offrir des soins de haute qualit\u00e9, adapt\u00e9s aux besoins de chaque patient. [&hellip;]<\/p>\n","protected":false},"author":1,"featured_media":0,"parent":0,"menu_order":0,"comment_status":"closed","ping_status":"closed","template":"","meta":{"_et_pb_use_builder":"on","_et_pb_old_content":"","_et_gb_content_width":"","_joinchat":[],"footnotes":""},"class_list":["post-3196","page","type-page","status-publish","hentry"],"_links":{"self":[{"href":"https:\/\/confident-dentiste.ch\/fr\/wp-json\/wp\/v2\/pages\/3196","targetHints":{"allow":["GET"]}}],"collection":[{"href":"https:\/\/confident-dentiste.ch\/fr\/wp-json\/wp\/v2\/pages"}],"about":[{"href":"https:\/\/confident-dentiste.ch\/fr\/wp-json\/wp\/v2\/types\/page"}],"author":[{"embeddable":true,"href":"https:\/\/confident-dentiste.ch\/fr\/wp-json\/wp\/v2\/users\/1"}],"replies":[{"embeddable":true,"href":"https:\/\/confident-dentiste.ch\/fr\/wp-json\/wp\/v2\/comments?post=3196"}],"version-history":[{"count":6,"href":"https:\/\/confident-dentiste.ch\/fr\/wp-json\/wp\/v2\/pages\/3196\/revisions"}],"predecessor-version":[{"id":3602,"href":"https:\/\/confident-dentiste.ch\/fr\/wp-json\/wp\/v2\/pages\/3196\/revisions\/3602"}],"wp:attachment":[{"href":"https:\/\/confident-dentiste.ch\/fr\/wp-json\/wp\/v2\/media?parent=3196"}],"curies":[{"name":"wp","href":"https:\/\/api.w.org\/{rel}","templated":true}]}}