{"id":3212,"date":"2025-09-02T07:33:21","date_gmt":"2025-09-02T07:33:21","guid":{"rendered":"https:\/\/confident-dentiste.ch\/raquel-rodrigues\/"},"modified":"2025-09-04T13:37:10","modified_gmt":"2025-09-04T13:37:10","slug":"raquel-rodrigues","status":"publish","type":"page","link":"https:\/\/confident-dentiste.ch\/pt-pt\/raquel-rodrigues\/","title":{"rendered":"Raquel Rodrigues"},"content":{"rendered":"<p>[et_pb_section fb_built=&#8221;1&#8243; custom_padding_last_edited=&#8221;on|desktop&#8221; admin_label=&#8221;FAQ&#8221; _builder_version=&#8221;4.25.2&#8243; _module_preset=&#8221;default&#8221; overflow-x=&#8221;hidden&#8221; overflow-y=&#8221;hidden&#8221; custom_padding=&#8221;15vw||0px||false|false&#8221; custom_padding_tablet=&#8221;25vw||||false|false&#8221; custom_padding_phone=&#8221;45vw||0px||false|false&#8221; collapsed=&#8221;on&#8221; global_colors_info=&#8221;{}&#8221;][et_pb_row column_structure=&#8221;1_2,1_2&#8243; _builder_version=&#8221;4.22.1&#8243; _module_preset=&#8221;default&#8221; global_colors_info=&#8221;{}&#8221;][et_pb_column type=&#8221;1_2&#8243; _builder_version=&#8221;4.22.1&#8243; _module_preset=&#8221;default&#8221; global_colors_info=&#8221;{}&#8221;][et_pb_text _builder_version=&#8221;4.27.4&#8243; _module_preset=&#8221;f8776c94-685f-4921-b541-1ba4ab3ce938&#8243; text_font=&#8221;Plus Jakarta Sans||||||||&#8221; text_text_color=&#8221;#000000&#8243; text_font_size=&#8221;16px&#8221; header_2_font=&#8221;Plus Jakarta Sans|700|||||||&#8221; header_2_text_color=&#8221;gcid-69f96b52-a6e7-406d-81ed-020b85dc0416&#8243; header_2_font_size=&#8221;40px&#8221; custom_margin=&#8221;||10px||false|false&#8221; global_colors_info=&#8221;{%22gcid-69f96b52-a6e7-406d-81ed-020b85dc0416%22:%91%22header_2_text_color%22%93}&#8221;]<\/p>\n<h2>Raquel Rodrigues<\/h2>\n<div class=\"page\" title=\"Page 1\">\n<div class=\"section\">\n<div class=\"layoutArea\">\n<div class=\"column\">\n<p>M\u00e9dica Dentista<\/p>\n<\/div>\n<\/div>\n<\/div>\n<\/div>\n<p>[\/et_pb_text][et_pb_text _builder_version=&#8221;4.27.4&#8243; _module_preset=&#8221;default&#8221; text_font=&#8221;Open Sans|300|||||||&#8221; text_text_color=&#8221;#000000&#8243; text_font_size=&#8221;15px&#8221; custom_padding=&#8221;2vw||||false|false&#8221; global_colors_info=&#8221;{}&#8221;]<\/p>\n<div class=\"page\" title=\"Page 1\">\n<div class=\"section\">\n<div class=\"layoutArea\">\n<div class=\"column\">\n<p>Formou-se em Medicina Dent\u00e1ria pela Faculdade de Medicina Dent\u00e1ria da Universidade Cat\u00f3lica de Viseu, em 2020, com especial interesse nas \u00e1reas de Odontopediatria e Ortodontia. Desde o in\u00edcio da sua carreira, tem investido continuamente em forma\u00e7\u00f5es, com o objetivo de oferecer um atendimento de excel\u00eancia e adaptado \u00e0s necessidades de cada paciente. <\/p>\n<p>Ap\u00f3s dois anos de experi\u00eancia em Portugal, mudou-se para a Su\u00ed\u00e7a em 2022, em busca de novos desafios e crescimento profissional. A sua abordagem cl\u00ednica \u00e9 marcada por empatia e uma comunica\u00e7\u00e3o tranquila, criando um ambiente seguro e acolhedor, especialmente para as crian\u00e7as. Acredita que a ida ao dentista pode ser uma experi\u00eancia positiva e trabalha diariamente para tornar isso uma realidade para os seus pacientes.  <\/p>\n<p>Apaixonada pela ortodontia funcional e interceptiva, a Dra Raquel participa regularmente em forma\u00e7\u00f5es cont\u00ednuas nas \u00e1reas da ortodontia e da odontopediatria, nomeadamente na Universidade de Genebra, de forma a oferecer aos seus jovens pacientes solu\u00e7\u00f5es modernas e adaptadas ao seu desenvolvimento.<\/p>\n<p>Al\u00e9m da paix\u00e3o pela profiss\u00e3o, encontra na Su\u00ed\u00e7a o equil\u00edbrio perfeito entre a vida pessoal e profissional. Apaixonada pelo frio, pela neve e pelos dias de sol, sente-se verdadeiramente cativada por tudo o que o pa\u00eds tem para oferecer. <\/p>\n<\/div>\n<\/div>\n<\/div>\n<\/div>\n<p>[\/et_pb_text][\/et_pb_column][et_pb_column type=&#8221;1_2&#8243; _builder_version=&#8221;4.22.1&#8243; _module_preset=&#8221;default&#8221; global_colors_info=&#8221;{}&#8221;][et_pb_image src=&#8221;https:\/\/confident-dentiste.ch\/wp-content\/uploads\/2025\/09\/confident-raquel-odontopediatria.png&#8221; alt=&#8221;dr raquel rodrigues&#8221; title_text=&#8221;confident-raquel-odontopediatria&#8221; _builder_version=&#8221;4.27.4&#8243; _module_preset=&#8221;default&#8221; hover_enabled=&#8221;0&#8243; border_radii=&#8221;on|20px|20px|20px|20px&#8221; global_colors_info=&#8221;{}&#8221; sticky_enabled=&#8221;0&#8243;][\/et_pb_image][\/et_pb_column][\/et_pb_row][\/et_pb_section]<\/p>\n","protected":false},"excerpt":{"rendered":"<p>Raquel Rodrigues M\u00e9dica Dentista Formou-se em Medicina Dent\u00e1ria pela Faculdade de Medicina Dent\u00e1ria da Universidade Cat\u00f3lica de Viseu, em 2020, com especial interesse nas \u00e1reas de Odontopediatria e Ortodontia. Desde o in\u00edcio da sua carreira, tem investido continuamente em forma\u00e7\u00f5es, com o objetivo de oferecer um atendimento de excel\u00eancia e adaptado \u00e0s necessidades de cada [&hellip;]<\/p>\n","protected":false},"author":1,"featured_media":0,"parent":0,"menu_order":0,"comment_status":"closed","ping_status":"closed","template":"","meta":{"_et_pb_use_builder":"on","_et_pb_old_content":"","_et_gb_content_width":"","_joinchat":[],"footnotes":""},"class_list":["post-3212","page","type-page","status-publish","hentry"],"_links":{"self":[{"href":"https:\/\/confident-dentiste.ch\/pt-pt\/wp-json\/wp\/v2\/pages\/3212","targetHints":{"allow":["GET"]}}],"collection":[{"href":"https:\/\/confident-dentiste.ch\/pt-pt\/wp-json\/wp\/v2\/pages"}],"about":[{"href":"https:\/\/confident-dentiste.ch\/pt-pt\/wp-json\/wp\/v2\/types\/page"}],"author":[{"embeddable":true,"href":"https:\/\/confident-dentiste.ch\/pt-pt\/wp-json\/wp\/v2\/users\/1"}],"replies":[{"embeddable":true,"href":"https:\/\/confident-dentiste.ch\/pt-pt\/wp-json\/wp\/v2\/comments?post=3212"}],"version-history":[{"count":5,"href":"https:\/\/confident-dentiste.ch\/pt-pt\/wp-json\/wp\/v2\/pages\/3212\/revisions"}],"predecessor-version":[{"id":3603,"href":"https:\/\/confident-dentiste.ch\/pt-pt\/wp-json\/wp\/v2\/pages\/3212\/revisions\/3603"}],"wp:attachment":[{"href":"https:\/\/confident-dentiste.ch\/pt-pt\/wp-json\/wp\/v2\/media?parent=3212"}],"curies":[{"name":"wp","href":"https:\/\/api.w.org\/{rel}","templated":true}]}}