{"id":325,"date":"2024-07-06T14:40:16","date_gmt":"2024-07-06T14:40:16","guid":{"rendered":"https:\/\/confident-dentiste.ch\/?page_id=325"},"modified":"2026-03-17T14:29:08","modified_gmt":"2026-03-17T14:29:08","slug":"precos","status":"publish","type":"page","link":"https:\/\/confident-dentiste.ch\/pt-pt\/precos\/","title":{"rendered":"Pre\u00e7os"},"content":{"rendered":"<p>[et_pb_section fb_built=&#8221;1&#8243; admin_label=&#8221;Services&#8221; _builder_version=&#8221;4.27.0&#8243; _module_preset=&#8221;default&#8221; custom_padding=&#8221;230px||||false|false&#8221; locked=&#8221;off&#8221; collapsed=&#8221;on&#8221; global_colors_info=&#8221;{}&#8221;][et_pb_row column_structure=&#8221;1_2,1_2&#8243; _builder_version=&#8221;4.27.5&#8243; _module_preset=&#8221;default&#8221; global_colors_info=&#8221;{}&#8221;][et_pb_column type=&#8221;1_2&#8243; _builder_version=&#8221;4.22.1&#8243; _module_preset=&#8221;default&#8221; global_colors_info=&#8221;{}&#8221;][et_pb_text _builder_version=&#8221;4.27.0&#8243; _module_preset=&#8221;49bb52b2-75c3-4cbe-b9be-3ef289ae8830&#8243; header_font=&#8221;Plus Jakarta Sans|700|||||||&#8221; header_text_color=&#8221;gcid-69f96b52-a6e7-406d-81ed-020b85dc0416&#8243; header_font_size=&#8221;65px&#8221; text_orientation=&#8221;center&#8221; custom_margin=&#8221;||10px||false|false&#8221; global_colors_info=&#8221;{%22gcid-69f96b52-a6e7-406d-81ed-020b85dc0416%22:%91%22header_text_color%22,%22header_text_color%22%93}&#8221;]<\/p>\n<h1 style=\"text-align: left;\">Tarifas<\/h1>\n<p>[\/et_pb_text][et_pb_text _builder_version=&#8221;4.27.0&#8243; _module_preset=&#8221;563fabc7-8888-41b0-9cc7-4854f23d4b80&#8243; header_5_font=&#8221;Plus Jakarta Sans|500|||||||&#8221; header_5_text_color=&#8221;#000000&#8243; header_5_font_size=&#8221;16px&#8221; custom_margin=&#8221;||0px||false|false&#8221; global_colors_info=&#8221;{}&#8221;]<\/p>\n<h5>Consulta de avalia\u00e7\u00e3o (inclui 2 Rx)<\/h5>\n<p>[\/et_pb_text][et_pb_text _builder_version=&#8221;4.27.5&#8243; _module_preset=&#8221;7ad879b8-39e7-485a-a0a0-1031de3c1a2c&#8221; text_font=&#8221;Plus Jakarta Sans|700|||||||&#8221; text_text_color=&#8221;gcid-heading-color&#8221; text_font_size=&#8221;12px&#8221; global_colors_info=&#8221;{%22gcid-heading-color%22:%91%22text_text_color%22%93}&#8221;]<\/p>\n<p style=\"text-align: left;\"><span class=\"s1\"><\/span><span class=\"s2\">CHF 130<\/span><\/p>\n<p>[\/et_pb_text][et_pb_text _builder_version=&#8221;4.25.2&#8243; _module_preset=&#8221;563fabc7-8888-41b0-9cc7-4854f23d4b80&#8243; header_5_font=&#8221;Plus Jakarta Sans|500|||||||&#8221; header_5_text_color=&#8221;#000000&#8243; header_5_font_size=&#8221;16px&#8221; custom_margin=&#8221;||0px||false|false&#8221; global_colors_info=&#8221;{}&#8221;]<\/p>\n<h5><span class=\"s2\">Consulta de urg\u00eancia<span class=\"Apple-converted-space\">\u00a0<\/span><\/span><\/h5>\n<p>[\/et_pb_text][et_pb_text _builder_version=&#8221;4.27.5&#8243; _module_preset=&#8221;7ad879b8-39e7-485a-a0a0-1031de3c1a2c&#8221; text_font=&#8221;Plus Jakarta Sans|700|||||||&#8221; text_text_color=&#8221;gcid-heading-color&#8221; text_font_size=&#8221;12px&#8221; global_colors_info=&#8221;{%22gcid-heading-color%22:%91%22text_text_color%22,%22text_text_color%22%93}&#8221;]<\/p>\n<p style=\"text-align: left;\"><span class=\"s1\"><\/span><span class=\"s2\">CHF 80<\/span><\/p>\n<p>[\/et_pb_text][et_pb_text _builder_version=&#8221;4.25.2&#8243; _module_preset=&#8221;563fabc7-8888-41b0-9cc7-4854f23d4b80&#8243; header_5_font=&#8221;Plus Jakarta Sans|500|||||||&#8221; header_5_text_color=&#8221;#000000&#8243; header_5_font_size=&#8221;16px&#8221; custom_margin=&#8221;||0px||false|false&#8221; global_colors_info=&#8221;{}&#8221;]<\/p>\n<h5>Consulta de urg\u00eancia (com tratamento provis\u00f3rio)<\/h5>\n<p>[\/et_pb_text][et_pb_text _builder_version=&#8221;4.27.4&#8243; _module_preset=&#8221;7ad879b8-39e7-485a-a0a0-1031de3c1a2c&#8221; text_font=&#8221;Plus Jakarta Sans|700|||||||&#8221; text_text_color=&#8221;gcid-heading-color&#8221; text_font_size=&#8221;12px&#8221; global_colors_info=&#8221;{%22gcid-heading-color%22:%91%22text_text_color%22,%22text_text_color%22%93}&#8221;]<\/p>\n<div><b>de 250 CHF a 320 CHF<\/b><\/div>\n<p>[\/et_pb_text][et_pb_text _builder_version=&#8221;4.25.2&#8243; _module_preset=&#8221;563fabc7-8888-41b0-9cc7-4854f23d4b80&#8243; header_5_font=&#8221;Plus Jakarta Sans|500|||||||&#8221; header_5_text_color=&#8221;#000000&#8243; header_5_font_size=&#8221;16px&#8221; custom_margin=&#8221;||0px||false|false&#8221; global_colors_info=&#8221;{}&#8221;]<\/p>\n<h5>Consulta de higiene oral (inclui 2 Rx se necess\u00e1rio)<\/h5>\n<p>[\/et_pb_text][et_pb_text _builder_version=&#8221;4.27.5&#8243; _module_preset=&#8221;7ad879b8-39e7-485a-a0a0-1031de3c1a2c&#8221; text_font=&#8221;Plus Jakarta Sans|700|||||||&#8221; text_text_color=&#8221;gcid-heading-color&#8221; text_font_size=&#8221;12px&#8221; global_colors_info=&#8221;{%22gcid-heading-color%22:%91%22text_text_color%22,%22text_text_color%22%93}&#8221;]<\/p>\n<p style=\"text-align: left;\"><span class=\"s1\"><\/span><span class=\"s2\">CHF 160<\/span><\/p>\n<p>[\/et_pb_text][et_pb_text _builder_version=&#8221;4.27.5&#8243; _module_preset=&#8221;563fabc7-8888-41b0-9cc7-4854f23d4b80&#8243; header_5_font=&#8221;Plus Jakarta Sans|500|||||||&#8221; header_5_text_color=&#8221;#000000&#8243; header_5_font_size=&#8221;16px&#8221; custom_margin=&#8221;||0px||false|false&#8221; global_colors_info=&#8221;{}&#8221;]<\/p>\n<h5>Consulta de higiene oral crian\u00e7as 0-10 anos<\/h5>\n<p>[\/et_pb_text][et_pb_text _builder_version=&#8221;4.27.5&#8243; _module_preset=&#8221;7ad879b8-39e7-485a-a0a0-1031de3c1a2c&#8221; text_font=&#8221;Plus Jakarta Sans|700|||||||&#8221; text_text_color=&#8221;gcid-heading-color&#8221; text_font_size=&#8221;12px&#8221; global_colors_info=&#8221;{%22gcid-heading-color%22:%91%22text_text_color%22,%22text_text_color%22%93}&#8221;]<\/p>\n<p style=\"text-align: left;\"><span class=\"s1\"><\/span><span class=\"s2\">CHF 90<\/span><\/p>\n<p>[\/et_pb_text][et_pb_text _builder_version=&#8221;4.27.5&#8243; _module_preset=&#8221;563fabc7-8888-41b0-9cc7-4854f23d4b80&#8243; header_5_font=&#8221;Plus Jakarta Sans|500|||||||&#8221; header_5_text_color=&#8221;#000000&#8243; header_5_font_size=&#8221;16px&#8221; custom_margin=&#8221;||0px||false|false&#8221; global_colors_info=&#8221;{}&#8221;]<\/p>\n<h5>Consulta de higiene oral crian\u00e7as 11-18 anos<\/h5>\n<p>[\/et_pb_text][et_pb_text _builder_version=&#8221;4.27.5&#8243; _module_preset=&#8221;7ad879b8-39e7-485a-a0a0-1031de3c1a2c&#8221; text_font=&#8221;Plus Jakarta Sans|700|||||||&#8221; text_text_color=&#8221;gcid-heading-color&#8221; text_font_size=&#8221;12px&#8221; global_colors_info=&#8221;{%22gcid-heading-color%22:%91%22text_text_color%22,%22text_text_color%22%93}&#8221;]<\/p>\n<p style=\"text-align: left;\"><span class=\"s1\"><\/span><span class=\"s2\">CHF 120<\/span><\/p>\n<p>[\/et_pb_text][et_pb_text _builder_version=&#8221;4.25.2&#8243; _module_preset=&#8221;563fabc7-8888-41b0-9cc7-4854f23d4b80&#8243; header_5_font=&#8221;Plus Jakarta Sans|500|||||||&#8221; header_5_text_color=&#8221;#000000&#8243; header_5_font_size=&#8221;16px&#8221; custom_margin=&#8221;||0px||false|false&#8221; global_colors_info=&#8221;{}&#8221;]<\/p>\n<h5>Primeira consulta de ortodontia<\/h5>\n<p>[\/et_pb_text][et_pb_text _builder_version=&#8221;4.27.0&#8243; _module_preset=&#8221;7ad879b8-39e7-485a-a0a0-1031de3c1a2c&#8221; text_font=&#8221;Plus Jakarta Sans|700|||||||&#8221; text_text_color=&#8221;gcid-heading-color&#8221; text_font_size=&#8221;12px&#8221; global_colors_info=&#8221;{%22gcid-heading-color%22:%91%22text_text_color%22,%22text_text_color%22%93}&#8221;]<\/p>\n<p style=\"text-align: left;\"><span class=\"s1\"><\/span><span class=\"s2\">CHF 108<\/span><\/p>\n<p>[\/et_pb_text][et_pb_text _builder_version=&#8221;4.25.2&#8243; _module_preset=&#8221;563fabc7-8888-41b0-9cc7-4854f23d4b80&#8243; header_5_font=&#8221;Plus Jakarta Sans|500|||||||&#8221; header_5_text_color=&#8221;#000000&#8243; header_5_font_size=&#8221;16px&#8221; custom_margin=&#8221;||0px||false|false&#8221; global_colors_info=&#8221;{}&#8221;]<\/p>\n<h5>Branqueamento dent\u00e1rio em casa<\/h5>\n<p>[\/et_pb_text][et_pb_text _builder_version=&#8221;4.27.0&#8243; _module_preset=&#8221;7ad879b8-39e7-485a-a0a0-1031de3c1a2c&#8221; text_font=&#8221;Plus Jakarta Sans|700|||||||&#8221; text_text_color=&#8221;gcid-heading-color&#8221; text_font_size=&#8221;12px&#8221; global_colors_info=&#8221;{%22gcid-heading-color%22:%91%22text_text_color%22,%22text_text_color%22%93}&#8221;]<\/p>\n<p style=\"text-align: left;\"><span class=\"s1\"><\/span><span class=\"s2\">CHF 390<\/span><\/p>\n<p>[\/et_pb_text][et_pb_text _builder_version=&#8221;4.25.2&#8243; _module_preset=&#8221;563fabc7-8888-41b0-9cc7-4854f23d4b80&#8243; header_5_font=&#8221;Plus Jakarta Sans|500|||||||&#8221; header_5_text_color=&#8221;#000000&#8243; header_5_font_size=&#8221;16px&#8221; custom_margin=&#8221;||0px||false|false&#8221; global_colors_info=&#8221;{}&#8221;]<\/p>\n<h5>Faceta cer\u00e2mica<\/h5>\n<p>[\/et_pb_text][et_pb_text _builder_version=&#8221;4.27.0&#8243; _module_preset=&#8221;7ad879b8-39e7-485a-a0a0-1031de3c1a2c&#8221; text_font=&#8221;Plus Jakarta Sans|700|||||||&#8221; text_text_color=&#8221;gcid-heading-color&#8221; text_font_size=&#8221;12px&#8221; global_colors_info=&#8221;{%22gcid-heading-color%22:%91%22text_text_color%22,%22text_text_color%22%93}&#8221;]<\/p>\n<p style=\"text-align: left;\"><span class=\"s1\"><\/span><span class=\"s2\">desde CHF 950<\/span><\/p>\n<p>[\/et_pb_text][et_pb_text _builder_version=&#8221;4.25.2&#8243; _module_preset=&#8221;563fabc7-8888-41b0-9cc7-4854f23d4b80&#8243; header_5_font=&#8221;Plus Jakarta Sans|500|||||||&#8221; header_5_text_color=&#8221;#000000&#8243; header_5_font_size=&#8221;16px&#8221; custom_margin=&#8221;||0px||false|false&#8221; global_colors_info=&#8221;{}&#8221;]<\/p>\n<h5>Implante dent\u00e1rio (incluindo coroa sobre implante)<\/h5>\n<p>[\/et_pb_text][et_pb_text _builder_version=&#8221;4.27.0&#8243; _module_preset=&#8221;7ad879b8-39e7-485a-a0a0-1031de3c1a2c&#8221; text_font=&#8221;Plus Jakarta Sans|700|||||||&#8221; text_text_color=&#8221;gcid-heading-color&#8221; text_font_size=&#8221;12px&#8221; global_colors_info=&#8221;{%22gcid-heading-color%22:%91%22text_text_color%22,%22text_text_color%22%93}&#8221;]<\/p>\n<p style=\"text-align: left;\"><span class=\"s1\"><\/span><span class=\"s2\">desde CHF 3&#8217;250<\/span><\/p>\n<p>[\/et_pb_text][et_pb_text _builder_version=&#8221;4.27.5&#8243; _module_preset=&#8221;53f5ab85-1a0f-4077-9350-cc7f97c7ed01&#8243; text_font=&#8221;Plus Jakarta Sans||||||||&#8221; text_font_size=&#8221;15px&#8221; link_font=&#8221;Plus Jakarta Sans|700|||||||&#8221; link_text_color=&#8221;gcid-69f96b52-a6e7-406d-81ed-020b85dc0416&#8243; link_font_size=&#8221;15px&#8221; background_image=&#8221;https:\/\/confident-dentiste.ch\/wp-content\/uploads\/2024\/09\/fundo-com-logo.png&#8221; custom_padding=&#8221;20px|20px|20px|20px|true|true&#8221; hover_enabled=&#8221;0&#8243; border_radii=&#8221;on|25px|25px|25px|25px&#8221; global_colors_info=&#8221;{%22gcid-69f96b52-a6e7-406d-81ed-020b85dc0416%22:%91%22link_text_color%22%93}&#8221; sticky_enabled=&#8221;0&#8243;]<\/p>\n<p><span>As consultas de <\/span><strong>primeira vez<\/strong><span><strong>,<\/strong> de <\/span><strong>urge\u0302ncia<\/strong><span>, e os tratamentos com o <strong>H<\/strong><\/span><strong>igienista Oral <\/strong><span>devem ser pagos diretamente no gabinete no dia do atendimento.<\/span><\/p>\n<p>[\/et_pb_text][\/et_pb_column][et_pb_column type=&#8221;1_2&#8243; _builder_version=&#8221;4.27.0&#8243; _module_preset=&#8221;default&#8221; background_color=&#8221;gcid-d2f7d5ae-cc39-41f1-9136-c1002bc0f33e&#8221; background_image=&#8221;https:\/\/confident-dentiste.ch\/wp-content\/uploads\/2024\/09\/fundo-com-logo.png&#8221; custom_padding=&#8221;60px|60px|60px|60px|true|true&#8221; custom_padding_tablet=&#8221;30px|30px|30px|30px|true|true&#8221; custom_padding_phone=&#8221;20px|20px|20px|20px|true|true&#8221; custom_padding_last_edited=&#8221;on|desktop&#8221; border_radii=&#8221;on|20px|20px|20px|20px&#8221; global_colors_info=&#8221;{%22gcid-d2f7d5ae-cc39-41f1-9136-c1002bc0f33e%22:%91%22background_color%22%93}&#8221;][et_pb_text _builder_version=&#8221;4.27.4&#8243; _module_preset=&#8221;53f5ab85-1a0f-4077-9350-cc7f97c7ed01&#8243; text_font=&#8221;Plus Jakarta Sans||||||||&#8221; text_font_size=&#8221;15px&#8221; link_font=&#8221;Plus Jakarta Sans|700|||||||&#8221; link_text_color=&#8221;gcid-69f96b52-a6e7-406d-81ed-020b85dc0416&#8243; link_font_size=&#8221;15px&#8221; global_colors_info=&#8221;{%22gcid-69f96b52-a6e7-406d-81ed-020b85dc0416%22:%91%22link_text_color%22%93}&#8221;]<\/p>\n<p style=\"text-align: left;\">Como membros da SSO (Sociedade Sui\u00e7a de M\u00e9dicos Dentistas) todas as nossas presta\u00e7\u00f5es s\u00e3o faturadas segundo a tarifa Dentotar. <span>Na nossa cl\u00ednica o valor do ponto para tratamentos dent\u00e1rios \u00e9 de CHF 1.10 e para tratamentos ortod\u00f4nticos \u00e9 de CHF 1.04.\u00a0<\/span><\/p>\n<p style=\"text-align: left;\"><strong><\/strong><\/p>\n<p style=\"text-align: left;\"><strong>Modos de pagamento:<\/strong><\/p>\n<p style=\"text-align: left;\">Pode fazer o pagamento na clinica em numer\u00e1rio, TWINT ou cart\u00e3o de d\u00e9bito e cr\u00e9dito.<br \/>Por factura a 30 dias (sob condi\u00e7\u00f5es)<\/p>\n<p style=\"text-align: left;\"><strong>Precisa de facilidades de pagamento?<\/strong><\/p>\n<p style=\"text-align: left;\"><span style=\"font-size: 15px;\">Acreditamos que a sau\u0301de oral deve ser acessi\u0301vel a todos, sem comprometer a qualidade dos cuidados. Por isso, oferecemos soluc\u0327o\u0303es de <\/span><span style=\"font-size: 15px;\">pagamento flexi\u0301veis, permitindo que receba os tratamentos de que precisa com toda tranquilidade.<\/span><\/p>\n<div class=\"page\" title=\"Page 3\">\n<div class=\"section\">\n<div class=\"layoutArea\">\n<div class=\"column\">\n<p><span>Pagamentos em 3 a 12 vezes sem juros atrave\u0301s da plataforma sui\u0301c\u0327a <\/span><a href=\"https:\/\/heylight.com\/ch\/fr\" target=\"_blank\" rel=\"noopener\"><span>Heylight <\/span><\/a><span>\u00a0para tratamentos ate\u0301 <\/span><strong>15\u2019 000 CHF. <\/strong><\/p>\n<p><span>Para valores superiores, contamos com o <\/span><a href=\"https:\/\/credit-populaire-leman.ch\/credit-%20dentaire-esthetique\/\" target=\"_blank\" rel=\"noopener\"><span>Cre\u0301dit Populaire du Le\u0301man<\/span><\/a><span>, <\/span><span>que oferece soluc\u0327o\u0303es de cre\u0301dito pessoal sob medida para todos os seus tratamentos denta\u0301rios. <\/span><\/p>\n<p><span>Estamos a\u0300 disposic\u0327a\u0303o para fornecer mais informac\u0327o\u0303es sobre os nossos prec\u0327os e opc\u0327o\u0303es de financiamento. <\/span><\/p>\n<\/div>\n<\/div>\n<div class=\"layoutArea\">\n<div class=\"column\">\n<p><span><\/span><\/p>\n<p><span>Antes de avanc\u0327ar com qualquer tratamento, o Me\u0301dico Dentista informa-o dos custos completos dos tratamentos necessa\u0301rios. <\/span><span style=\"font-size: 15px;\">Depois de uma primeira avaliac\u0327a\u0303o, sera\u0301 feito um orc\u0327amento completo para que possa conhecer o prec\u0327o do seu tratamento na integralidade.<\/span><\/p>\n<\/div>\n<\/div>\n<div class=\"layoutArea\">\n<div class=\"column\">\n<p>&nbsp;<\/p>\n<\/div>\n<\/div>\n<\/div>\n<\/div>\n<p>[\/et_pb_text][et_pb_button button_url=&#8221;@ET-DC@eyJkeW5hbWljIjp0cnVlLCJjb250ZW50IjoicG9zdF9saW5rX3VybF9wYWdlIiwic2V0dGluZ3MiOnsicG9zdF9pZCI6IjI0MDUifX0=@&#8221; button_text=&#8221;Marcar consulta&#8221; button_alignment=&#8221;center&#8221; _builder_version=&#8221;4.27.4&#8243; _dynamic_attributes=&#8221;button_url&#8221; _module_preset=&#8221;9c13f006-8e8e-4cac-aea3-69636e9a5425&#8243; button_text_color=&#8221;#000000&#8243; button_bg_color=&#8221;gcid-fc9e8ba0-846a-4b7d-96fa-a851b276990d&#8221; button_font=&#8221;Plus Jakarta Sans|800||on|||||&#8221; custom_margin=&#8221;30px||30px||false|false&#8221; global_colors_info=&#8221;{%22gcid-fc9e8ba0-846a-4b7d-96fa-a851b276990d%22:%91%22button_bg_color%22%93}&#8221;][\/et_pb_button][\/et_pb_column][\/et_pb_row][\/et_pb_section]<\/p>\n","protected":false},"excerpt":{"rendered":"<p>TarifasConsulta de avalia\u00e7\u00e3o (inclui 2 Rx)CHF 130Consulta de urg\u00eancia\u00a0CHF 80Consulta de urg\u00eancia (com tratamento provis\u00f3rio)de 250 CHF a 320 CHFConsulta de higiene oral (inclui 2 Rx se necess\u00e1rio)CHF 160Consulta de higiene oral crian\u00e7as 0-10 anosCHF 90Consulta de higiene oral crian\u00e7as 11-18 anosCHF 120Primeira consulta de ortodontiaCHF 108Branqueamento dent\u00e1rio em casaCHF 390Faceta cer\u00e2micadesde CHF 950Implante dent\u00e1rio [&hellip;]<\/p>\n","protected":false},"author":1,"featured_media":0,"parent":0,"menu_order":0,"comment_status":"closed","ping_status":"closed","template":"","meta":{"_et_pb_use_builder":"on","_et_pb_old_content":"","_et_gb_content_width":"","_joinchat":[],"footnotes":""},"class_list":["post-325","page","type-page","status-publish","hentry"],"_links":{"self":[{"href":"https:\/\/confident-dentiste.ch\/pt-pt\/wp-json\/wp\/v2\/pages\/325","targetHints":{"allow":["GET"]}}],"collection":[{"href":"https:\/\/confident-dentiste.ch\/pt-pt\/wp-json\/wp\/v2\/pages"}],"about":[{"href":"https:\/\/confident-dentiste.ch\/pt-pt\/wp-json\/wp\/v2\/types\/page"}],"author":[{"embeddable":true,"href":"https:\/\/confident-dentiste.ch\/pt-pt\/wp-json\/wp\/v2\/users\/1"}],"replies":[{"embeddable":true,"href":"https:\/\/confident-dentiste.ch\/pt-pt\/wp-json\/wp\/v2\/comments?post=325"}],"version-history":[{"count":68,"href":"https:\/\/confident-dentiste.ch\/pt-pt\/wp-json\/wp\/v2\/pages\/325\/revisions"}],"predecessor-version":[{"id":3720,"href":"https:\/\/confident-dentiste.ch\/pt-pt\/wp-json\/wp\/v2\/pages\/325\/revisions\/3720"}],"wp:attachment":[{"href":"https:\/\/confident-dentiste.ch\/pt-pt\/wp-json\/wp\/v2\/media?parent=325"}],"curies":[{"name":"wp","href":"https:\/\/api.w.org\/{rel}","templated":true}]}}