{"id":492,"date":"2024-07-16T10:37:15","date_gmt":"2024-07-16T10:37:15","guid":{"rendered":"https:\/\/confident-dentiste.ch\/?page_id=492"},"modified":"2025-02-04T17:13:43","modified_gmt":"2025-02-04T17:13:43","slug":"higiene-oral-e-prevencao","status":"publish","type":"page","link":"https:\/\/confident-dentiste.ch\/pt-pt\/higiene-oral-e-prevencao\/","title":{"rendered":"Higiene Oral e Preven\u00e7\u00e3o"},"content":{"rendered":"<p>[et_pb_section fb_built=&#8221;1&#8243; admin_label=&#8221;Header&#8221; _builder_version=&#8221;4.27.0&#8243; _module_preset=&#8221;default&#8221; custom_padding=&#8221;15vw||0px||false|false&#8221; collapsed=&#8221;off&#8221; global_colors_info=&#8221;{}&#8221; custom_padding_tablet=&#8221;25vw||||false|false&#8221; custom_padding_phone=&#8221;45vw||0px||false|false&#8221; custom_padding_last_edited=&#8221;on|desktop&#8221;][et_pb_row _builder_version=&#8221;4.25.2&#8243; _module_preset=&#8221;default&#8221; custom_padding=&#8221;||||false|false&#8221; locked=&#8221;off&#8221; global_colors_info=&#8221;{}&#8221;][et_pb_column type=&#8221;4_4&#8243; _builder_version=&#8221;4.22.1&#8243; _module_preset=&#8221;default&#8221; z_index=&#8221;10&#8243; global_colors_info=&#8221;{}&#8221;][et_pb_text _builder_version=&#8221;4.27.0&#8243; _module_preset=&#8221;080d858b-9603-4426-a92b-99f34562fa73&#8243; header_font=&#8221;Plus Jakarta Sans|700|||||||&#8221; header_text_color=&#8221;gcid-69f96b52-a6e7-406d-81ed-020b85dc0416&#8243; header_font_size=&#8221;55px&#8221; custom_margin=&#8221;||10px||false|false&#8221; global_colors_info=&#8221;{%22gcid-69f96b52-a6e7-406d-81ed-020b85dc0416%22:%91%22header_text_color%22,%22header_text_color%22,%22header_text_color%22,%22header_text_color%22,%22header_text_color%22,%22header_text_color%22,%22header_text_color%22,%22header_text_color%22,%22header_text_color%22,%22header_text_color%22,%22header_text_color%22,%22header_text_color%22,%22header_text_color%22,%22header_text_color%22,%22header_text_color%22,%22header_text_color%22,%22header_text_color%22,%22header_text_color%22,%22header_text_color%22,%22header_text_color%22,%22header_text_color%22,%22header_text_color%22%93}&#8221;]<\/p>\n<h1>Higiene Oral e Preven\u00e7\u00e3o<\/h1>\n<p>[\/et_pb_text][\/et_pb_column][\/et_pb_row][\/et_pb_section][et_pb_section fb_built=&#8221;1&#8243; admin_label=&#8221;Service&#8221; _builder_version=&#8221;4.22.1&#8243; _module_preset=&#8221;default&#8221; collapsed=&#8221;on&#8221; global_colors_info=&#8221;{}&#8221; custom_padding=&#8221;0px||||false|false&#8221;][et_pb_row column_structure=&#8221;1_2,1_2&#8243; _builder_version=&#8221;4.22.1&#8243; _module_preset=&#8221;default&#8221; global_colors_info=&#8221;{}&#8221; custom_padding_phone=&#8221;0px||||false|false&#8221; custom_padding_last_edited=&#8221;on|desktop&#8221;][et_pb_column type=&#8221;1_2&#8243; _builder_version=&#8221;4.22.1&#8243; _module_preset=&#8221;default&#8221; global_colors_info=&#8221;{}&#8221;][et_pb_image src=&#8221;https:\/\/confident-dentiste.ch\/wp-content\/uploads\/2024\/07\/confident-higiene-oral-e-prevencao-2.jpg&#8221; title_text=&#8221;confident-higiene oral e prevenc\u0327a\u0303o&#8221; _builder_version=&#8221;4.25.2&#8243; _module_preset=&#8221;default&#8221; border_radii=&#8221;on|20px|20px|20px|20px&#8221; global_colors_info=&#8221;{}&#8221;][\/et_pb_image][\/et_pb_column][et_pb_column type=&#8221;1_2&#8243; _builder_version=&#8221;4.22.1&#8243; _module_preset=&#8221;default&#8221; global_colors_info=&#8221;{}&#8221;][et_pb_text _builder_version=&#8221;4.27.0&#8243; _module_preset=&#8221;7231038a-1824-40bd-ac64-f5d38edafdb9&#8243; header_2_font=&#8221;Plus Jakarta Sans|700|||||||&#8221; header_2_text_color=&#8221;gcid-69f96b52-a6e7-406d-81ed-020b85dc0416&#8243; header_2_font_size=&#8221;30px&#8221; custom_margin=&#8221;||10px||false|false&#8221; global_colors_info=&#8221;{%22gcid-69f96b52-a6e7-406d-81ed-020b85dc0416%22:%91%22header_2_text_color%22%93}&#8221;]<\/p>\n<h2>A sa\u00fade oral \u00e9 a nossa prioridade<\/h2>\n<p>[\/et_pb_text][et_pb_text _builder_version=&#8221;4.25.2&#8243; _module_preset=&#8221;bd41944e-bde2-4bce-8405-31a387b384e0&#8243; text_font=&#8221;&#8211;et_global_heading_font||||||||&#8221; global_colors_info=&#8221;{}&#8221;]<\/p>\n<p class=\"p1\"><span class=\"s1\">O tratamento dent\u00e1rio mais importante, que realizamos na Clinica Dent\u00e1ria Confident \u00e9 a informa\u00e7\u00e3o e a motiva\u00e7\u00e3o dos pacientes a adoptarem uma rotina de higiene oral correcta.<\/span><\/p>\n<p class=\"p1\"><span class=\"s1\">Permitindo assim a preven\u00e7\u00e3o de doen\u00e7as orais mais frequentes como a c\u00e1rie dent\u00e1ria, doen\u00e7a periodontal (gengivite e periodontite) e mau h\u00e1lito (halitose).<\/span><\/p>\n<p class=\"p1\"><span class=\"s1\">Al\u00e9m disso, uma correcta higiene oral contribui para a manuten\u00e7\u00e3o e sucesso a longo prazo de tratamentos realizados por\u00a0 outras especialidades da medicina dent\u00e1ria. \u00a0<\/span><\/p>\n<p>[\/et_pb_text][\/et_pb_column][\/et_pb_row][\/et_pb_section][et_pb_section fb_built=&#8221;1&#8243; admin_label=&#8221;Team&#8221; _builder_version=&#8221;4.27.4&#8243; _module_preset=&#8221;default&#8221; background_enable_color=&#8221;off&#8221; hover_enabled=&#8221;0&#8243; collapsed=&#8221;off&#8221; global_colors_info=&#8221;{%22gcid-31b8ff0a-7051-479e-941e-2999f548abf7%22:%91%22background_color%22%93}&#8221; custom_padding_last_edited=&#8221;on|phone&#8221; custom_padding_phone=&#8221;0px||||false|false&#8221; sticky_enabled=&#8221;0&#8243;][et_pb_row _builder_version=&#8221;4.22.1&#8243; _module_preset=&#8221;default&#8221; max_width=&#8221;880px&#8221; global_colors_info=&#8221;{}&#8221;][et_pb_column type=&#8221;4_4&#8243; _builder_version=&#8221;4.22.1&#8243; _module_preset=&#8221;default&#8221; global_colors_info=&#8221;{}&#8221;][et_pb_text _builder_version=&#8221;4.27.0&#8243; _module_preset=&#8221;07ac183c-a9b6-4573-bd78-fe54fe093405&#8243; header_2_font=&#8221;Plus Jakarta Sans|700|||||||&#8221; header_2_text_color=&#8221;gcid-69f96b52-a6e7-406d-81ed-020b85dc0416&#8243; header_2_font_size=&#8221;40px&#8221; custom_margin=&#8221;||10px||false|false&#8221; global_colors_info=&#8221;{%22gcid-69f96b52-a6e7-406d-81ed-020b85dc0416%22:%91%22header_2_text_color%22,%22header_2_text_color%22%93}&#8221;]<\/p>\n<h2 style=\"text-align: center;\">Como ter uma boa higiene oral?<\/h2>\n<p>[\/et_pb_text][\/et_pb_column][\/et_pb_row][et_pb_row column_structure=&#8221;1_3,1_3,1_3&#8243; use_custom_gutter=&#8221;on&#8221; gutter_width=&#8221;2&#8243; _builder_version=&#8221;4.27.0&#8243; _module_preset=&#8221;default&#8221; background_color=&#8221;gcid-1653f919-3fc1-4d30-8086-3248fb4348e4&#8243; background_image=&#8221;https:\/\/confident-dentiste.ch\/wp-content\/uploads\/2024\/09\/fundo-com-logo.png&#8221; custom_padding=&#8221;30px|30px|30px|30px|true|true&#8221; border_radii=&#8221;on|20px|20px|20px|20px&#8221; global_colors_info=&#8221;{%22gcid-1653f919-3fc1-4d30-8086-3248fb4348e4%22:%91%22background_color%22%93}&#8221;][et_pb_column type=&#8221;1_3&#8243; _builder_version=&#8221;4.22.1&#8243; _module_preset=&#8221;default&#8221; global_colors_info=&#8221;{}&#8221;][et_pb_image src=&#8221;https:\/\/confident-dentiste.ch\/wp-content\/uploads\/2024\/09\/confident-higiene-oral-escovagem-dos-dentes.jpg&#8221; title_text=&#8221;confident-higiene oral-escovagem dos dentes&#8221; align=&#8221;center&#8221; _builder_version=&#8221;4.27.0&#8243; _module_preset=&#8221;default&#8221; max_height=&#8221;400px&#8221; border_radii=&#8221;on|10px|10px|10px|10px&#8221; global_colors_info=&#8221;{}&#8221;][\/et_pb_image][et_pb_text _builder_version=&#8221;4.27.0&#8243; _module_preset=&#8221;aac4b8dd-345a-4c13-954d-7800b94b5ff6&#8243; header_4_font=&#8221;Plus Jakarta Sans|700|||||||&#8221; header_4_text_color=&#8221;#000000&#8243; header_4_font_size=&#8221;20px&#8221; text_orientation=&#8221;center&#8221; custom_margin=&#8221;||0px||false|false&#8221; global_colors_info=&#8221;{}&#8221;]<\/p>\n<h4>Escovagem dos dentes<\/h4>\n<p>[\/et_pb_text][et_pb_text _builder_version=&#8221;4.27.0&#8243; _module_preset=&#8221;8be56eee-b59e-42eb-be84-003a076ad3cb&#8221; text_font=&#8221;Open Sans||||||||&#8221; text_font_size=&#8221;15px&#8221; text_orientation=&#8221;center&#8221; global_colors_info=&#8221;{}&#8221;]<\/p>\n<p style=\"text-align: center;\"><span class=\"s1\">Escovar os dentes pelo menos 2 vezes por dias, ap\u00f3s as refei\u00e7\u00f5es e pelo menos durante 2 minutos. Usar uma escova de dentes manual ou el\u00e9ctrica com uma pasta de dentes <span class=\"Apple-tab-span\"> <\/span>com fl\u00faor (para adultos m\u00ednimo 1450ppm de fl\u00faor).\u00a0<\/span><\/p>\n<p>[\/et_pb_text][\/et_pb_column][et_pb_column type=&#8221;1_3&#8243; _builder_version=&#8221;4.22.1&#8243; _module_preset=&#8221;default&#8221; global_colors_info=&#8221;{}&#8221;][et_pb_image src=&#8221;https:\/\/confident-dentiste.ch\/wp-content\/uploads\/2024\/09\/confident-higiene-oral-fio-dentario.jpg.jpg&#8221; title_text=&#8221;confident-higiene oral-fio denta\u0301rio.jpg&#8221; align=&#8221;center&#8221; _builder_version=&#8221;4.27.0&#8243; _module_preset=&#8221;default&#8221; max_height=&#8221;400px&#8221; border_radii=&#8221;on|10px|10px|10px|10px&#8221; global_colors_info=&#8221;{}&#8221;][\/et_pb_image][et_pb_text _builder_version=&#8221;4.27.0&#8243; _module_preset=&#8221;aac4b8dd-345a-4c13-954d-7800b94b5ff6&#8243; header_4_font=&#8221;Plus Jakarta Sans|700|||||||&#8221; header_4_text_color=&#8221;#000000&#8243; header_4_font_size=&#8221;20px&#8221; text_orientation=&#8221;center&#8221; custom_margin=&#8221;||0px||false|false&#8221; global_colors_info=&#8221;{}&#8221;]<\/p>\n<h4>Fio dent\u00e1rio e\/ou escovilh\u00f5es<\/h4>\n<p>[\/et_pb_text][et_pb_text _builder_version=&#8221;4.27.0&#8243; _module_preset=&#8221;8be56eee-b59e-42eb-be84-003a076ad3cb&#8221; text_font=&#8221;Open Sans||||||||&#8221; text_font_size=&#8221;15px&#8221; text_orientation=&#8221;center&#8221; global_colors_info=&#8221;{}&#8221;]<\/p>\n<p><span class=\"s1\">Usar o fio dent\u00e1rio e\/ou escovilh\u00f5es uma vez por dia, antes de escovar os dentes de modo a remover a placa bacteriana e restos alimentares entre os dentes (onde a escova n\u00e3o chega).\u00a0<\/span><\/p>\n<p>[\/et_pb_text][\/et_pb_column][et_pb_column type=&#8221;1_3&#8243; _builder_version=&#8221;4.22.1&#8243; _module_preset=&#8221;default&#8221; global_colors_info=&#8221;{}&#8221;][et_pb_image src=&#8221;https:\/\/confident-dentiste.ch\/wp-content\/uploads\/2024\/09\/confident-higiene-oral-raspar-a-lingua.jpg&#8221; title_text=&#8221;confident-higiene oral-raspar a li\u0301ngua&#8221; align=&#8221;center&#8221; _builder_version=&#8221;4.27.0&#8243; _module_preset=&#8221;default&#8221; max_height=&#8221;400px&#8221; border_radii=&#8221;on|10px|10px|10px|10px&#8221; global_colors_info=&#8221;{}&#8221;][\/et_pb_image][et_pb_text _builder_version=&#8221;4.27.0&#8243; _module_preset=&#8221;aac4b8dd-345a-4c13-954d-7800b94b5ff6&#8243; header_4_font=&#8221;Plus Jakarta Sans|700|||||||&#8221; header_4_text_color=&#8221;#000000&#8243; header_4_font_size=&#8221;20px&#8221; text_orientation=&#8221;center&#8221; custom_margin=&#8221;||0px||false|false&#8221; global_colors_info=&#8221;{}&#8221;]<\/p>\n<h4>Raspar a l\u00edngua<\/h4>\n<p>[\/et_pb_text][et_pb_text _builder_version=&#8221;4.27.0&#8243; _module_preset=&#8221;8be56eee-b59e-42eb-be84-003a076ad3cb&#8221; text_font=&#8221;Open Sans||||||||&#8221; text_font_size=&#8221;15px&#8221; text_orientation=&#8221;center&#8221; global_colors_info=&#8221;{}&#8221;]<\/p>\n<p><span class=\"s1\">Raspar a l\u00edngua sempre ap\u00f3s escovar os dentes, onde se acumula uma grande quantidade de bact\u00e9rias.<\/span><\/p>\n<p>[\/et_pb_text][\/et_pb_column][\/et_pb_row][\/et_pb_section][et_pb_section fb_built=&#8221;1&#8243; admin_label=&#8221;FAQ&#8221; _builder_version=&#8221;4.27.0&#8243; _module_preset=&#8221;default&#8221; background_color=&#8221;gcid-d2f7d5ae-cc39-41f1-9136-c1002bc0f33e&#8221; background_image=&#8221;https:\/\/confident-dentiste.ch\/wp-content\/uploads\/2024\/09\/fundo-com-logo.png&#8221; overflow-x=&#8221;hidden&#8221; overflow-y=&#8221;hidden&#8221; collapsed=&#8221;on&#8221; global_colors_info=&#8221;{%22gcid-d2f7d5ae-cc39-41f1-9136-c1002bc0f33e%22:%91%22background_color%22%93}&#8221;][et_pb_row column_structure=&#8221;1_2,1_2&#8243; _builder_version=&#8221;4.22.1&#8243; _module_preset=&#8221;default&#8221; global_colors_info=&#8221;{}&#8221;][et_pb_column type=&#8221;1_2&#8243; _builder_version=&#8221;4.22.1&#8243; _module_preset=&#8221;default&#8221; global_colors_info=&#8221;{}&#8221;][et_pb_text _builder_version=&#8221;4.25.2&#8243; _module_preset=&#8221;f8776c94-685f-4921-b541-1ba4ab3ce938&#8243; header_2_font=&#8221;Plus Jakarta Sans|700|||||||&#8221; header_2_text_color=&#8221;gcid-69f96b52-a6e7-406d-81ed-020b85dc0416&#8243; header_2_font_size=&#8221;40px&#8221; custom_margin=&#8221;||10px||false|false&#8221; global_colors_info=&#8221;{%22gcid-69f96b52-a6e7-406d-81ed-020b85dc0416%22:%91%22header_2_text_color%22%93}&#8221;]<\/p>\n<h2>Consulta de Higiene Oral<\/h2>\n<p>[\/et_pb_text][et_pb_accordion toggle_icon=&#8221;&#xf067;||fa||900&#8243; icon_color=&#8221;gcid-fc9e8ba0-846a-4b7d-96fa-a851b276990d&#8221; _builder_version=&#8221;4.27.0&#8243; _module_preset=&#8221;576d37ca-a5e8-4ac4-98b6-cc08e8e2bbf9&#8243; toggle_font=&#8221;Plus Jakarta Sans|700|||||||&#8221; toggle_font_size=&#8221;16px&#8221; body_font=&#8221;&#8211;et_global_heading_font||||||||&#8221; body_font_size=&#8221;15px&#8221; locked=&#8221;off&#8221; global_colors_info=&#8221;{%22gcid-fc9e8ba0-846a-4b7d-96fa-a851b276990d%22:%91%22icon_color%22%93}&#8221;][et_pb_accordion_item title=&#8221;Hist\u00f3rico cl\u00ednico&#8221; open=&#8221;on&#8221; _builder_version=&#8221;4.25.2&#8243; _module_preset=&#8221;default&#8221; body_font=&#8221;&#8211;et_global_body_font||||||||&#8221; global_colors_info=&#8221;{}&#8221;]<\/p>\n<p class=\"p1\"><span class=\"s1\">\u00c9 feito uma revis\u00e3o detalhada \u00e0 historia m\u00e9dica e m\u00e9dico-dent\u00e1ria do paciente. A higienista oral coloca perguntas sobre a sa\u00fade geral, medica\u00e7\u00f5es, alergias e tratamentos dent\u00e1rios anteriores. Esta revis\u00e3o \u00e9 essencial para compreender as necessidades individuais de cada paciente.\u00a0<\/span><\/p>\n<p>[\/et_pb_accordion_item][et_pb_accordion_item title=&#8221;Exames cl\u00ednicos&#8221; _builder_version=&#8221;4.25.2&#8243; _module_preset=&#8221;default&#8221; global_colors_info=&#8221;{}&#8221; open=&#8221;off&#8221;]<\/p>\n<p class=\"p1\"><span class=\"s1\"><span class=\"Apple-tab-span\"> <\/span>Ap\u00f3s a revis\u00e3o da hist\u00f3ria m\u00e9dica, a higienista oral examina os seus dentes e gengivas\u00a0 despistando poss\u00edveis doen\u00e7as da cavidade oral, com o apoio de radiografias dent\u00e1rias se necess\u00e1rio.<\/span><\/p>\n<p>[\/et_pb_accordion_item][et_pb_accordion_item title=&#8221;3. Destartariza\u00e7\u00e3o e polimento da superficie dent\u00e1ria&#8221; _builder_version=&#8221;4.25.2&#8243; _module_preset=&#8221;default&#8221; global_colors_info=&#8221;{}&#8221; open=&#8221;off&#8221;]<\/p>\n<p class=\"p1\"><span class=\"s1\"><span class=\"Apple-tab-span\"> <\/span>A higienista oral realiza uma limpeza profunda para remover a placa bacteriana e t\u00e1rtaro acumulados nos dentes e ao longo da linha gengival, atrav\u00e9s de instrumentos ultrass\u00f3nicos e manuais. De seguida ela procede ao polimento da superficie dent\u00e1ria com jacto bicarbonato para remover as manchas superficiais e com uma pasta de polimento, dificultando a acumula\u00e7\u00e3o de nova placa bacteriana.\u00a0<\/span><\/p>\n<p>[\/et_pb_accordion_item][et_pb_accordion_item title=&#8221;4. Aplica\u00e7\u00e3o t\u00f3pica de fl\u00faor &#8221; _builder_version=&#8221;4.25.2&#8243; _module_preset=&#8221;default&#8221; global_colors_info=&#8221;{}&#8221; open=&#8221;off&#8221;]<\/p>\n<p class=\"p1\"><span class=\"s1\"><span class=\"Apple-tab-span\"> <\/span>Quando recomendado \u00e9 aplicado fl\u00faor de forma t\u00f3pica para promover a reminerliza\u00e7\u00e3o dent\u00e1ria.\u00a0<\/span><\/p>\n<p>[\/et_pb_accordion_item][et_pb_accordion_item title=&#8221;5. Motiva\u00e7\u00e3o e instru\u00e7\u00e3o de higiene oral&#8221; _builder_version=&#8221;4.25.2&#8243; _module_preset=&#8221;default&#8221; global_colors_info=&#8221;{}&#8221; open=&#8221;off&#8221;]<\/p>\n<p class=\"p1\"><span class=\"s1\"><span class=\"Apple-tab-span\"> <\/span>A higienista oral fornece ao paciente orienta\u00e7\u00f5es personalizadas sobre as t\u00e9cnicas de escovagem adequadas, bem como o uso de fio dent\u00e1rio e\/ou escovilh\u00f5es. Al\u00e9m das instru\u00e7\u00f5es de higiene, o paciente recebe conselhos sobre uma dieta saud\u00e1vel que favore\u00e7a a sa\u00fade oral.\u00a0<\/span><\/p>\n<p>[\/et_pb_accordion_item][\/et_pb_accordion][\/et_pb_column][et_pb_column type=&#8221;1_2&#8243; _builder_version=&#8221;4.22.1&#8243; _module_preset=&#8221;default&#8221; global_colors_info=&#8221;{}&#8221;][et_pb_image src=&#8221;https:\/\/confident-dentiste.ch\/wp-content\/uploads\/2024\/09\/confident-higiene-oral-dentista.jpg&#8221; title_text=&#8221;confident-higiene oral-dentista&#8221; _builder_version=&#8221;4.27.0&#8243; _module_preset=&#8221;default&#8221; border_radii=&#8221;on|20px|20px|20px|20px&#8221; global_colors_info=&#8221;{}&#8221;][\/et_pb_image][\/et_pb_column][\/et_pb_row][\/et_pb_section]<\/p>\n","protected":false},"excerpt":{"rendered":"<p>Higiene Oral e Preven\u00e7\u00e3oA sa\u00fade oral \u00e9 a nossa prioridadeO tratamento dent\u00e1rio mais importante, que realizamos na Clinica Dent\u00e1ria Confident \u00e9 a informa\u00e7\u00e3o e a motiva\u00e7\u00e3o dos pacientes a adoptarem uma rotina de higiene oral correcta. Permitindo assim a preven\u00e7\u00e3o de doen\u00e7as orais mais frequentes como a c\u00e1rie dent\u00e1ria, doen\u00e7a periodontal (gengivite e periodontite) e [&hellip;]<\/p>\n","protected":false},"author":1,"featured_media":0,"parent":0,"menu_order":0,"comment_status":"closed","ping_status":"closed","template":"","meta":{"_et_pb_use_builder":"on","_et_pb_old_content":"","_et_gb_content_width":"","_joinchat":[],"footnotes":""},"class_list":["post-492","page","type-page","status-publish","hentry"],"_links":{"self":[{"href":"https:\/\/confident-dentiste.ch\/pt-pt\/wp-json\/wp\/v2\/pages\/492","targetHints":{"allow":["GET"]}}],"collection":[{"href":"https:\/\/confident-dentiste.ch\/pt-pt\/wp-json\/wp\/v2\/pages"}],"about":[{"href":"https:\/\/confident-dentiste.ch\/pt-pt\/wp-json\/wp\/v2\/types\/page"}],"author":[{"embeddable":true,"href":"https:\/\/confident-dentiste.ch\/pt-pt\/wp-json\/wp\/v2\/users\/1"}],"replies":[{"embeddable":true,"href":"https:\/\/confident-dentiste.ch\/pt-pt\/wp-json\/wp\/v2\/comments?post=492"}],"version-history":[{"count":61,"href":"https:\/\/confident-dentiste.ch\/pt-pt\/wp-json\/wp\/v2\/pages\/492\/revisions"}],"predecessor-version":[{"id":2890,"href":"https:\/\/confident-dentiste.ch\/pt-pt\/wp-json\/wp\/v2\/pages\/492\/revisions\/2890"}],"wp:attachment":[{"href":"https:\/\/confident-dentiste.ch\/pt-pt\/wp-json\/wp\/v2\/media?parent=492"}],"curies":[{"name":"wp","href":"https:\/\/api.w.org\/{rel}","templated":true}]}}