{"id":606,"date":"2024-07-17T16:49:09","date_gmt":"2024-07-17T16:49:09","guid":{"rendered":"https:\/\/confident-dentiste.ch\/?page_id=606"},"modified":"2025-02-04T17:46:26","modified_gmt":"2025-02-04T17:46:26","slug":"dra-gabriela-andrade","status":"publish","type":"page","link":"https:\/\/confident-dentiste.ch\/pt-pt\/dra-gabriela-andrade\/","title":{"rendered":"Dra Gabriela Andrade"},"content":{"rendered":"<p>[et_pb_section fb_built=&#8221;1&#8243; admin_label=&#8221;FAQ&#8221; _builder_version=&#8221;4.25.2&#8243; _module_preset=&#8221;default&#8221; overflow-x=&#8221;hidden&#8221; overflow-y=&#8221;hidden&#8221; custom_padding=&#8221;15vw||0px||false|false&#8221; collapsed=&#8221;off&#8221; global_colors_info=&#8221;{}&#8221; custom_padding_tablet=&#8221;25vw||||false|false&#8221; custom_padding_phone=&#8221;45vw||0px||false|false&#8221; custom_padding_last_edited=&#8221;on|desktop&#8221;][et_pb_row column_structure=&#8221;1_2,1_2&#8243; _builder_version=&#8221;4.22.1&#8243; _module_preset=&#8221;default&#8221; global_colors_info=&#8221;{}&#8221;][et_pb_column type=&#8221;1_2&#8243; _builder_version=&#8221;4.22.1&#8243; _module_preset=&#8221;default&#8221; global_colors_info=&#8221;{}&#8221;][et_pb_text _builder_version=&#8221;4.27.0&#8243; _module_preset=&#8221;f8776c94-685f-4921-b541-1ba4ab3ce938&#8243; text_font=&#8221;Plus Jakarta Sans||||||||&#8221; text_text_color=&#8221;#000000&#8243; text_font_size=&#8221;16px&#8221; header_2_font=&#8221;Plus Jakarta Sans|700|||||||&#8221; header_2_text_color=&#8221;gcid-69f96b52-a6e7-406d-81ed-020b85dc0416&#8243; header_2_font_size=&#8221;40px&#8221; custom_margin=&#8221;||10px||false|false&#8221; global_colors_info=&#8221;{%22gcid-69f96b52-a6e7-406d-81ed-020b85dc0416%22:%91%22header_2_text_color%22%93}&#8221;]<\/p>\n<h2>Gabriela Andrade<\/h2>\n<div class=\"page\" title=\"Page 1\">\n<div class=\"section\">\n<div class=\"layoutArea\">\n<div class=\"column\">\n<p><span>Me\u0301dica Dentista\u00a0<\/span><\/p>\n<\/div>\n<\/div>\n<\/div>\n<\/div>\n<p>[\/et_pb_text][et_pb_text _builder_version=&#8221;4.27.4&#8243; _module_preset=&#8221;default&#8221; text_font=&#8221;Open Sans|300|||||||&#8221; text_text_color=&#8221;#000000&#8243; text_font_size=&#8221;15px&#8221; global_colors_info=&#8221;{}&#8221; custom_padding=&#8221;2vw||||false|false&#8221; hover_enabled=&#8221;0&#8243; sticky_enabled=&#8221;0&#8243;]<\/p>\n<div class=\"page\" title=\"Page 1\">\n<div class=\"section\">\n<div class=\"layoutArea\">\n<div class=\"column\">\n<p>A Dra Gabriela Andrade \u00e9 a respons\u00e1vel pela Ortodontia na cl\u00ednica Confident.<\/p>\n<p>Ap\u00f3s terminar os seus estudos no Porto em 2008, decidiu realizar estudos p\u00f3s- graduados em Implantologia.<\/p>\n<p>A sua curiosidade e vis\u00e3o integrativa do paciente na Medicina Dent\u00e1ria fez com que descobrisse a sua paix\u00e3o pela Ortodontia.<\/p>\n<p>A sua necessidade de expans\u00e3o e crescimento fez que a Dra Gabriela sa\u00edsse do seu Pa\u00eds h\u00e1 12 anos adquirindo experi\u00eancia cl\u00ednica e acad\u00e9mica na Fran\u00e7a, Luxemburgo e Sui\u00e7a.<\/p>\n<p>\u00c9 na Universidade de Geneve que desenvolve as suas compet\u00eancias na \u00e1rea de Ortodontia, aprofundando com todo um conjunto de cursos ligados \u00e0 Universidade de Viena (Austria) e Porto (Portugal).<\/p>\n<p>Apaixonada pelas ci\u00eancias humanas e a compreens\u00e3o do ser humano como um todo, dedica-se igualmente \u00e0s neuroci\u00eancias e psicologia, recorrendo a estas \u00e1reas para lidar e compreender melhor o seu paciente.<\/p>\n<p>A Dra Gabriela Andrade tamb\u00e9m \u00e9 assistente num programa de desenvolvimento pessoal em Lisboa.<\/p>\n<p>Com conhecimento t\u00e9cnico e uma abordagem hol\u00edstica do paciente, a Dra. Gabriela Andrade tem o compromisso de oferecer um atendimento ortod\u00f4ntico de qualidade, levando em considera\u00e7\u00e3o os aspectos psicol\u00f3gicos de cada indiv\u00edduo.<\/p>\n<\/div>\n<\/div>\n<\/div>\n<\/div>\n<p>[\/et_pb_text][\/et_pb_column][et_pb_column type=&#8221;1_2&#8243; _builder_version=&#8221;4.22.1&#8243; _module_preset=&#8221;default&#8221; global_colors_info=&#8221;{}&#8221;][et_pb_image src=&#8221;https:\/\/confident-dentiste.ch\/wp-content\/uploads\/2024\/09\/confident-dentist-gabriela-andrade.jpg&#8221; alt=&#8221;gabriela andrade<br \/>\nortodontia&#8221; title_text=&#8221;confident dentist-gabriela andrade&#8221; _builder_version=&#8221;4.27.0&#8243; _module_preset=&#8221;default&#8221; border_radii=&#8221;on|20px|20px|20px|20px&#8221; global_colors_info=&#8221;{}&#8221;][\/et_pb_image][\/et_pb_column][\/et_pb_row][\/et_pb_section]<\/p>\n","protected":false},"excerpt":{"rendered":"<p>Gabriela Andrade Me\u0301dica Dentista\u00a0 A Dra Gabriela Andrade \u00e9 a respons\u00e1vel pela Ortodontia na cl\u00ednica Confident. Ap\u00f3s terminar os seus estudos no Porto em 2008, decidiu realizar estudos p\u00f3s- graduados em Implantologia. A sua curiosidade e vis\u00e3o integrativa do paciente na Medicina Dent\u00e1ria fez com que descobrisse a sua paix\u00e3o pela Ortodontia. A sua necessidade [&hellip;]<\/p>\n","protected":false},"author":1,"featured_media":0,"parent":0,"menu_order":0,"comment_status":"closed","ping_status":"closed","template":"","meta":{"_et_pb_use_builder":"on","_et_pb_old_content":"","_et_gb_content_width":"","_joinchat":[],"footnotes":""},"class_list":["post-606","page","type-page","status-publish","hentry"],"_links":{"self":[{"href":"https:\/\/confident-dentiste.ch\/pt-pt\/wp-json\/wp\/v2\/pages\/606","targetHints":{"allow":["GET"]}}],"collection":[{"href":"https:\/\/confident-dentiste.ch\/pt-pt\/wp-json\/wp\/v2\/pages"}],"about":[{"href":"https:\/\/confident-dentiste.ch\/pt-pt\/wp-json\/wp\/v2\/types\/page"}],"author":[{"embeddable":true,"href":"https:\/\/confident-dentiste.ch\/pt-pt\/wp-json\/wp\/v2\/users\/1"}],"replies":[{"embeddable":true,"href":"https:\/\/confident-dentiste.ch\/pt-pt\/wp-json\/wp\/v2\/comments?post=606"}],"version-history":[{"count":9,"href":"https:\/\/confident-dentiste.ch\/pt-pt\/wp-json\/wp\/v2\/pages\/606\/revisions"}],"predecessor-version":[{"id":2899,"href":"https:\/\/confident-dentiste.ch\/pt-pt\/wp-json\/wp\/v2\/pages\/606\/revisions\/2899"}],"wp:attachment":[{"href":"https:\/\/confident-dentiste.ch\/pt-pt\/wp-json\/wp\/v2\/media?parent=606"}],"curies":[{"name":"wp","href":"https:\/\/api.w.org\/{rel}","templated":true}]}}