{"id":826,"date":"2024-08-12T19:29:40","date_gmt":"2024-08-12T19:29:40","guid":{"rendered":"https:\/\/confident-dentiste.ch\/?page_id=826"},"modified":"2025-02-04T17:02:44","modified_gmt":"2025-02-04T17:02:44","slug":"implantes-dentarios","status":"publish","type":"page","link":"https:\/\/confident-dentiste.ch\/pt-pt\/implantes-dentarios\/","title":{"rendered":"Implantes Dent\u00e1rios"},"content":{"rendered":"<p>[et_pb_section fb_built=&#8221;1&#8243; _builder_version=&#8221;4.27.0&#8243; _module_preset=&#8221;default&#8221; custom_padding=&#8221;15vw||0px||false|false&#8221; global_colors_info=&#8221;{}&#8221; custom_padding_tablet=&#8221;25vw||||false|false&#8221; custom_padding_phone=&#8221;45vw||0px||false|false&#8221; custom_padding_last_edited=&#8221;on|desktop&#8221;][et_pb_row _builder_version=&#8221;4.27.0&#8243; _module_preset=&#8221;default&#8221; custom_padding=&#8221;||||false|false&#8221; global_colors_info=&#8221;{}&#8221;][et_pb_column type=&#8221;4_4&#8243; _builder_version=&#8221;4.27.0&#8243; _module_preset=&#8221;default&#8221; global_colors_info=&#8221;{}&#8221;][et_pb_text _builder_version=&#8221;4.27.0&#8243; _module_preset=&#8221;default&#8221; header_font=&#8221;Plus Jakarta Sans|700|||||||&#8221; header_text_color=&#8221;gcid-69f96b52-a6e7-406d-81ed-020b85dc0416&#8243; header_font_size=&#8221;55px&#8221; custom_margin=&#8221;||10px||false|false&#8221; global_colors_info=&#8221;{%22gcid-69f96b52-a6e7-406d-81ed-020b85dc0416%22:%91%22header_text_color%22,%22header_text_color%22,%22header_text_color%22,%22header_text_color%22,%22header_text_color%22,%22header_text_color%22,%22header_text_color%22,%22header_text_color%22,%22header_text_color%22,%22header_text_color%22,%22header_text_color%22,%22header_text_color%22,%22header_text_color%22,%22header_text_color%22,%22header_text_color%22,%22header_text_color%22,%22header_text_color%22,%22header_text_color%22,%22header_text_color%22,%22header_text_color%22,%22header_text_color%22,%22header_text_color%22,%22header_text_color%22,%22header_text_color%22,%22header_text_color%22%93}&#8221; header_font_size_tablet=&#8221;40px&#8221; header_font_size_phone=&#8221;24px&#8221; header_font_size_last_edited=&#8221;on|desktop&#8221;]<\/p>\n<h1>Implantes Dent\u00e1rios<\/h1>\n<p>[\/et_pb_text][\/et_pb_column][\/et_pb_row][\/et_pb_section][et_pb_section fb_built=&#8221;1&#8243; admin_label=&#8221;Service&#8221; _builder_version=&#8221;4.22.1&#8243; _module_preset=&#8221;default&#8221; collapsed=&#8221;on&#8221; global_colors_info=&#8221;{}&#8221; custom_padding=&#8221;0px||||false|false&#8221;][et_pb_row column_structure=&#8221;1_2,1_2&#8243; _builder_version=&#8221;4.22.1&#8243; _module_preset=&#8221;default&#8221; global_colors_info=&#8221;{}&#8221; custom_padding_phone=&#8221;0px||||false|false&#8221; custom_padding_last_edited=&#8221;on|desktop&#8221;][et_pb_column type=&#8221;1_2&#8243; _builder_version=&#8221;4.22.1&#8243; _module_preset=&#8221;default&#8221; global_colors_info=&#8221;{}&#8221;][et_pb_image src=&#8221;https:\/\/confident-dentiste.ch\/wp-content\/uploads\/2024\/08\/implantes-implantologia-confident-1.jpg&#8221; title_text=&#8221;implantes-implantologia-confident&#8221; _builder_version=&#8221;4.27.0&#8243; _module_preset=&#8221;default&#8221; border_radii=&#8221;on|20px|20px|20px|20px&#8221; global_colors_info=&#8221;{}&#8221;][\/et_pb_image][\/et_pb_column][et_pb_column type=&#8221;1_2&#8243; _builder_version=&#8221;4.22.1&#8243; _module_preset=&#8221;default&#8221; global_colors_info=&#8221;{}&#8221;][et_pb_text _builder_version=&#8221;4.27.0&#8243; _module_preset=&#8221;ef7035c5-1adf-4281-9de9-eb88372d273a&#8221; header_2_font=&#8221;Plus Jakarta Sans|700|||||||&#8221; header_2_text_color=&#8221;gcid-69f96b52-a6e7-406d-81ed-020b85dc0416&#8243; header_2_font_size=&#8221;30px&#8221; custom_margin=&#8221;||10px||false|false&#8221; global_colors_info=&#8221;{%22gcid-69f96b52-a6e7-406d-81ed-020b85dc0416%22:%91%22header_2_text_color%22%93}&#8221;]<\/p>\n<h2>O que s\u00e3o implantes dent\u00e1rios?<\/h2>\n<p>[\/et_pb_text][et_pb_text _builder_version=&#8221;4.27.0&#8243; _module_preset=&#8221;167e59f8-9f56-4476-b843-ef453b284ffd&#8221; text_font=&#8221;Plus Jakarta Sans||||||||&#8221; text_font_size=&#8221;15px&#8221; global_colors_info=&#8221;{}&#8221;]<\/p>\n<p class=\"p1\"><span class=\"s1\">Os implantes dent\u00e1rios s\u00e3o como parafusos, geralmente em tit\u00e2nio, que s\u00e3o colocados no osso substituindo assim as raizes de dentes perdidos. Funcionam como pilares onde ser\u00e3o colocadas coroas unit\u00e1rias (substitui um dente), pontes (substitui v\u00e1rios dentes) ou pr\u00f3teses fixas totais (substitui todos os dentes).\u00a0<\/span><\/p>\n<p class=\"p2\"><span class=\"s1\"><\/span><\/p>\n<p class=\"p1\"><span class=\"s1\">Os implantes dent\u00e1rios t\u00eam uma elevada taxa de sucesso permitindo devolver-lhe a capacidade de mastiga\u00e7\u00e3o, conforto e est\u00e9tica.<\/span><\/p>\n<p class=\"p2\"><span class=\"s1\"><\/span><\/p>\n<p class=\"p1\"><span class=\"s1\">A cirurgia de coloca\u00e7\u00e3o de implantes \u00e9 feita de forma indolor recorrendo a anestesia local. O processo exige um planeamento rigoroso recorrendo a meios tecnol\u00f3gicos avan\u00e7ados de forma a proporcionar o melhor tratamento.\u00a0<\/span><\/p>\n<p class=\"p1\">\n<p>[\/et_pb_text][\/et_pb_column][\/et_pb_row][\/et_pb_section][et_pb_section fb_built=&#8221;1&#8243; _builder_version=&#8221;4.27.4&#8243; _module_preset=&#8221;default&#8221; hover_enabled=&#8221;0&#8243; global_colors_info=&#8221;{}&#8221; custom_padding_last_edited=&#8221;on|phone&#8221; custom_padding_phone=&#8221;0px||||false|false&#8221; sticky_enabled=&#8221;0&#8243;][et_pb_row _builder_version=&#8221;4.27.0&#8243; _module_preset=&#8221;default&#8221; global_colors_info=&#8221;{}&#8221;][et_pb_column type=&#8221;4_4&#8243; _builder_version=&#8221;4.27.0&#8243; _module_preset=&#8221;default&#8221; global_colors_info=&#8221;{}&#8221;][et_pb_text _builder_version=&#8221;4.27.0&#8243; _module_preset=&#8221;32d7d688-aa2e-4442-8b0e-fd9c2d5e20af&#8221; text_font=&#8221;Plus Jakarta Sans||||||||&#8221; text_font_size=&#8221;20px&#8221; header_2_font=&#8221;Plus Jakarta Sans|700|||||||&#8221; header_2_text_color=&#8221;gcid-69f96b52-a6e7-406d-81ed-020b85dc0416&#8243; header_2_font_size=&#8221;30px&#8221; custom_margin=&#8221;||10px||false|false&#8221; global_colors_info=&#8221;{%22gcid-69f96b52-a6e7-406d-81ed-020b85dc0416%22:%91%22header_2_text_color%22%93}&#8221;]<\/p>\n<h2 style=\"text-align: center;\">Dentes fixos em 1 dia &#8211; <strong><span class=\"s1\">u<\/span><\/strong><span class=\"s2\"><b>ma solu\u00e7\u00e3o r\u00e1pida, eficaz e duradoura<\/b><\/span><\/h2>\n<p>&nbsp;<\/p>\n<p>[\/et_pb_text][et_pb_text _builder_version=&#8221;4.27.0&#8243; _module_preset=&#8221;167e59f8-9f56-4476-b843-ef453b284ffd&#8221; text_font=&#8221;Plus Jakarta Sans||||||||&#8221; text_font_size=&#8221;15px&#8221; global_colors_info=&#8221;{}&#8221;]<\/p>\n<p>Nos casos onde substitu\u00edmos todos os seus dentes por implantes, recorremos a t\u00e9cnicas cir\u00fargicas eficazes e optimizadas como All-on-4 e All-on-6.\u00a0<\/p>\n<p>No mesmo dia da cirurgia \u00e9 colocado uma pr\u00f3tese provis\u00f3ria fixa para que a sua est\u00e9tica e capacidade mastigat\u00f3ria n\u00e3o fique comprometida.\u00a0<\/p>\n<p>[\/et_pb_text][et_pb_text _builder_version=&#8221;4.27.0&#8243; _module_preset=&#8221;32d7d688-aa2e-4442-8b0e-fd9c2d5e20af&#8221; text_font=&#8221;Plus Jakarta Sans||||||||&#8221; text_text_color=&#8221;gcid-69f96b52-a6e7-406d-81ed-020b85dc0416&#8243; text_font_size=&#8221;20px&#8221; header_2_font=&#8221;Plus Jakarta Sans|700|||||||&#8221; header_2_text_color=&#8221;gcid-69f96b52-a6e7-406d-81ed-020b85dc0416&#8243; header_2_font_size=&#8221;30px&#8221; custom_margin=&#8221;||10px||false|false&#8221; global_colors_info=&#8221;{%22gcid-69f96b52-a6e7-406d-81ed-020b85dc0416%22:%91%22header_2_text_color%22,%22text_text_color%22%93}&#8221;]<\/p>\n<p><strong><\/strong><\/p>\n<p><strong>Etapas das t\u00e9cnicas All-on-4 ou All-on-6<\/strong><\/p>\n<p><strong><\/strong><\/p>\n<p>[\/et_pb_text][et_pb_accordion toggle_icon=&#8221;&#xf067;||fa||900&#8243; icon_color=&#8221;gcid-fc9e8ba0-846a-4b7d-96fa-a851b276990d&#8221; _builder_version=&#8221;4.27.0&#8243; _module_preset=&#8221;94e04b89-19be-4bcd-902e-a0a56f699676&#8243; toggle_font=&#8221;Plus Jakarta Sans|700|||||||&#8221; toggle_font_size=&#8221;16px&#8221; body_font=&#8221;&#8211;et_global_heading_font||||||||&#8221; body_font_size=&#8221;15px&#8221; locked=&#8221;off&#8221; global_colors_info=&#8221;{%22gcid-fc9e8ba0-846a-4b7d-96fa-a851b276990d%22:%91%22icon_color%22%93}&#8221;][et_pb_accordion_item title=&#8221;\t1. Consulta de avalia\u00e7\u00e3o &#8221; open=&#8221;on&#8221; _builder_version=&#8221;4.27.0&#8243; _module_preset=&#8221;default&#8221; body_font=&#8221;Plus Jakarta Sans||||||||&#8221; body_font_size=&#8221;15px&#8221; custom_margin=&#8221;||||false|false&#8221; custom_padding=&#8221;0px|0px|0px|0px|true|true&#8221; global_colors_info=&#8221;{}&#8221;]<\/p>\n<p class=\"p1\"><span class=\"s1\">Avalia\u00e7\u00e3o detalhada do seu estado de sa\u00fade oral e realiza\u00e7\u00e3o de exames complementares de diagn\u00f3stico como fotografias, scanners da sua boca e radiografias 3D, que nos v\u00e3o permitir escolher a melhor t\u00e9cnica adaptada a si e \u00e0s suas expectativas.\u00a0<\/span><\/p>\n<p>[\/et_pb_accordion_item][et_pb_accordion_item title=&#8221;\t2. Coloca\u00e7\u00e3o dos implantes dent\u00e1rios    &#8221; _builder_version=&#8221;4.27.0&#8243; _module_preset=&#8221;default&#8221; body_font=&#8221;Plus Jakarta Sans||||||||&#8221; body_font_size=&#8221;15px&#8221; custom_margin=&#8221;||||false|false&#8221; custom_padding=&#8221;0px|0px|0px|0px|true|true&#8221; global_colors_info=&#8221;{}&#8221; open=&#8221;off&#8221;]<\/p>\n<p class=\"p1\"><span class=\"s1\">Os implantes s\u00e3o colocados tendo em conta o planeamento realizado previamente \u00e0 cirurgia, recorrendo a anestesia local e formas suaves de seda\u00e7\u00e3o para que seja um processo indolor e tenha uma recupera\u00e7\u00e3o r\u00e1pida.\u00a0<\/span><\/p>\n<p>[\/et_pb_accordion_item][et_pb_accordion_item title=&#8221;\t3. Coloca\u00e7\u00e3o de uma pr\u00f3tese provis\u00f3ria fixa sobre implantes &#8221; _builder_version=&#8221;4.27.0&#8243; _module_preset=&#8221;default&#8221; body_font=&#8221;Plus Jakarta Sans||||||||&#8221; body_font_size=&#8221;15px&#8221; custom_margin=&#8221;||||false|false&#8221; custom_padding=&#8221;0px|0px|0px|0px|true|true&#8221; global_colors_info=&#8221;{}&#8221; open=&#8221;off&#8221;]<\/p>\n<p class=\"p1\"><span class=\"s1\">Uma pr\u00f3tese provis\u00f3ria \u00e9 colocada imediatamente ap\u00f3s a cirurgia, devolvendo o seu sorriso e a sua capacidade mastigat\u00f3ria.\u00a0<\/span><\/p>\n<p class=\"p1\"><span class=\"s1\">Esta pr\u00f3tese mant\u00e9m-se por um per\u00edodo de 3 a 6 meses para permitir uma integra\u00e7\u00e3o dos implantes ao osso, bem como uma \u00f3ptima cicatriza\u00e7\u00e3o de todos os tecidos gengivais.\u00a0<\/span><\/p>\n<p>[\/et_pb_accordion_item][et_pb_accordion_item title=&#8221;\t4. Dentes definitivos&#8221; _builder_version=&#8221;4.27.0&#8243; _module_preset=&#8221;default&#8221; body_font=&#8221;Plus Jakarta Sans||||||||&#8221; body_font_size=&#8221;15px&#8221; custom_margin=&#8221;||||false|false&#8221; custom_padding=&#8221;0px|0px|0px|0px|true|true&#8221; global_colors_info=&#8221;{}&#8221; open=&#8221;off&#8221;]<\/p>\n<p class=\"p1\"><span class=\"s1\">S\u00e3o feitas impress\u00f5es e v\u00e1rias provas est\u00e9ticas e funcionais para que os novos dentes fixos sejam al\u00e9m de resistentes, mais adaptados \u00e0 sua gengiva e esteticamente agrad\u00e1veis.\u00a0<\/span><\/p>\n<p>[\/et_pb_accordion_item][et_pb_accordion_item title=&#8221;5. Fase de manuten\u00e7\u00e3o &#8221; _builder_version=&#8221;4.27.0&#8243; _module_preset=&#8221;default&#8221; body_font=&#8221;Plus Jakarta Sans||||||||&#8221; body_font_size=&#8221;15px&#8221; custom_margin=&#8221;||||false|false&#8221; custom_padding=&#8221;0px|0px|0px|0px|true|true&#8221; global_colors_info=&#8221;{}&#8221; open=&#8221;off&#8221;]<\/p>\n<p class=\"p1\"><span class=\"s1\">A fase de manuten\u00e7\u00e3o \u00e9 parte fundamental para o sucesso do tratamento a longo prazo. Os cuidados de higiene correctos e consultas de manuten\u00e7\u00e3o fazem parte do pr\u00f3prio tratamento.\u00a0<\/span><\/p>\n<p>[\/et_pb_accordion_item][\/et_pb_accordion][\/et_pb_column][\/et_pb_row][\/et_pb_section][et_pb_section fb_built=&#8221;1&#8243; admin_label=&#8221;FAQ&#8221; _builder_version=&#8221;4.27.0&#8243; _module_preset=&#8221;default&#8221; background_color=&#8221;gcid-d2f7d5ae-cc39-41f1-9136-c1002bc0f33e&#8221; background_image=&#8221;https:\/\/confident-dentiste.ch\/wp-content\/uploads\/2024\/09\/fundo-com-logo.png&#8221; overflow-x=&#8221;hidden&#8221; overflow-y=&#8221;hidden&#8221; collapsed=&#8221;on&#8221; global_colors_info=&#8221;{%22gcid-d2f7d5ae-cc39-41f1-9136-c1002bc0f33e%22:%91%22background_color%22%93}&#8221;][et_pb_row column_structure=&#8221;1_2,1_2&#8243; _builder_version=&#8221;4.22.1&#8243; _module_preset=&#8221;default&#8221; global_colors_info=&#8221;{}&#8221;][et_pb_column type=&#8221;1_2&#8243; _builder_version=&#8221;4.22.1&#8243; _module_preset=&#8221;default&#8221; global_colors_info=&#8221;{}&#8221;][et_pb_text _builder_version=&#8221;4.27.0&#8243; _module_preset=&#8221;f8776c94-685f-4921-b541-1ba4ab3ce938&#8243; header_2_font=&#8221;Plus Jakarta Sans|700|||||||&#8221; header_2_text_color=&#8221;gcid-69f96b52-a6e7-406d-81ed-020b85dc0416&#8243; header_2_font_size=&#8221;40px&#8221; custom_margin=&#8221;||10px||false|false&#8221; global_colors_info=&#8221;{%22gcid-69f96b52-a6e7-406d-81ed-020b85dc0416%22:%91%22header_2_text_color%22%93}&#8221;]<\/p>\n<h2>Quest\u00f5es frequentes<\/h2>\n<p>[\/et_pb_text][et_pb_accordion toggle_icon=&#8221;&#xf067;||fa||900&#8243; icon_color=&#8221;gcid-fc9e8ba0-846a-4b7d-96fa-a851b276990d&#8221; _builder_version=&#8221;4.27.0&#8243; _module_preset=&#8221;576d37ca-a5e8-4ac4-98b6-cc08e8e2bbf9&#8243; toggle_font=&#8221;Plus Jakarta Sans|700|||||||&#8221; toggle_font_size=&#8221;16px&#8221; body_font=&#8221;&#8211;et_global_heading_font||||||||&#8221; body_font_size=&#8221;15px&#8221; locked=&#8221;off&#8221; global_colors_info=&#8221;{%22gcid-fc9e8ba0-846a-4b7d-96fa-a851b276990d%22:%91%22icon_color%22%93}&#8221;][et_pb_accordion_item title=&#8221;Quanto tempo duram os implantes dent\u00e1rios?&#8221; open=&#8221;on&#8221; _builder_version=&#8221;4.27.0&#8243; _module_preset=&#8221;default&#8221; body_font=&#8221;Plus Jakarta Sans||||||||&#8221; body_font_size=&#8221;15px&#8221; global_colors_info=&#8221;{}&#8221;]<\/p>\n<p class=\"p1\"><span class=\"s1\">O implantes dent\u00e1rios s\u00e3o projetados para serem uma solu\u00e7\u00e3o a longo prazo e podem mesmo durar a vida toda com os devidos cuidados. Sabemos que o tabaco, \u00e1lcool e algumas doen\u00e7as sist\u00e9micas podem condicionar a durabilidade de um implante dent\u00e1rio.\u00a0<\/span><\/p>\n<p class=\"p1\"><span class=\"s1\">Manter uma higiene oral correcta e os controlos frequentes no dentista s\u00e3o essenciais para garantir o sucesso do tratamento a longo prazo.\u00a0<\/span><\/p>\n<p class=\"p2\"><span class=\"s1\"><\/span><\/p>\n<p class=\"p2\">[\/et_pb_accordion_item][et_pb_accordion_item title=&#8221;Posso colocar implantes mesmo tendo perda \u00f3ssea?&#8221; _builder_version=&#8221;4.27.0&#8243; _module_preset=&#8221;default&#8221; body_font=&#8221;Plus Jakarta Sans||||||||&#8221; body_font_size=&#8221;15px&#8221; global_colors_info=&#8221;{}&#8221; open=&#8221;off&#8221;]<\/p>\n<p class=\"p1\"><span class=\"s1\">A falta de osso j\u00e1 n\u00e3o \u00e9 um impedimento \u00e0 coloca\u00e7\u00e3o de implantes dent\u00e1rios. Hoje em dia, existem t\u00e9cnicas de enxertos \u00f3sseos que nos permitem realizar aumentos \u00f3sseos verticais e horizontais, de forma est\u00e1vel e segura.\u00a0<\/span><\/p>\n<p>[\/et_pb_accordion_item][et_pb_accordion_item title=&#8221;Quais os cuidados a ter ap\u00f3s a coloca\u00e7\u00e3o de implantes?&#8221; _builder_version=&#8221;4.27.0&#8243; _module_preset=&#8221;default&#8221; body_font=&#8221;Plus Jakarta Sans||||||||&#8221; body_font_size=&#8221;15px&#8221; global_colors_info=&#8221;{}&#8221; open=&#8221;off&#8221;]<\/p>\n<p class=\"p1\"><span class=\"s1\">No dia da cirurgia \u00e9 recomend\u00e1vel a aplica\u00e7\u00e3o de gelo no lado externo da boca onde foi colocado o implante. Opte por alimentos suaves e frios nos primeiros dias, evitando alimentos duros que possam comprometer as suturas. A higiene oral deve ser mantida de maneira a eliminar as bact\u00e9rias e evitar infec\u00e7\u00f5es, sempre com movimentos suaves evitando tocar directamente na \u00e1rea do implante.\u00a0<\/span><\/p>\n<p>[\/et_pb_accordion_item][\/et_pb_accordion][\/et_pb_column][et_pb_column type=&#8221;1_2&#8243; _builder_version=&#8221;4.22.1&#8243; _module_preset=&#8221;default&#8221; global_colors_info=&#8221;{}&#8221;][et_pb_image src=&#8221;https:\/\/confident-dentiste.ch\/wp-content\/uploads\/2024\/08\/confident-implantologia-implantes-dentarios.jpg&#8221; title_text=&#8221;confident-implantologia-implantes denta\u0301rios&#8221; force_fullwidth=&#8221;on&#8221; _builder_version=&#8221;4.27.0&#8243; _module_preset=&#8221;default&#8221; height=&#8221;639px&#8221; border_radii=&#8221;on|20px|20px|20px|20px&#8221; global_colors_info=&#8221;{}&#8221;][\/et_pb_image][\/et_pb_column][\/et_pb_row][\/et_pb_section]<\/p>\n","protected":false},"excerpt":{"rendered":"<p>Implantes Dent\u00e1riosO que s\u00e3o implantes dent\u00e1rios?Os implantes dent\u00e1rios s\u00e3o como parafusos, geralmente em tit\u00e2nio, que s\u00e3o colocados no osso substituindo assim as raizes de dentes perdidos. Funcionam como pilares onde ser\u00e3o colocadas coroas unit\u00e1rias (substitui um dente), pontes (substitui v\u00e1rios dentes) ou pr\u00f3teses fixas totais (substitui todos os dentes).\u00a0 Os implantes dent\u00e1rios t\u00eam uma elevada [&hellip;]<\/p>\n","protected":false},"author":1,"featured_media":0,"parent":0,"menu_order":0,"comment_status":"closed","ping_status":"closed","template":"","meta":{"_et_pb_use_builder":"on","_et_pb_old_content":"","_et_gb_content_width":"","_joinchat":[],"footnotes":""},"class_list":["post-826","page","type-page","status-publish","hentry"],"_links":{"self":[{"href":"https:\/\/confident-dentiste.ch\/pt-pt\/wp-json\/wp\/v2\/pages\/826","targetHints":{"allow":["GET"]}}],"collection":[{"href":"https:\/\/confident-dentiste.ch\/pt-pt\/wp-json\/wp\/v2\/pages"}],"about":[{"href":"https:\/\/confident-dentiste.ch\/pt-pt\/wp-json\/wp\/v2\/types\/page"}],"author":[{"embeddable":true,"href":"https:\/\/confident-dentiste.ch\/pt-pt\/wp-json\/wp\/v2\/users\/1"}],"replies":[{"embeddable":true,"href":"https:\/\/confident-dentiste.ch\/pt-pt\/wp-json\/wp\/v2\/comments?post=826"}],"version-history":[{"count":44,"href":"https:\/\/confident-dentiste.ch\/pt-pt\/wp-json\/wp\/v2\/pages\/826\/revisions"}],"predecessor-version":[{"id":2881,"href":"https:\/\/confident-dentiste.ch\/pt-pt\/wp-json\/wp\/v2\/pages\/826\/revisions\/2881"}],"wp:attachment":[{"href":"https:\/\/confident-dentiste.ch\/pt-pt\/wp-json\/wp\/v2\/media?parent=826"}],"curies":[{"name":"wp","href":"https:\/\/api.w.org\/{rel}","templated":true}]}}