{"id":887,"date":"2024-08-13T07:58:15","date_gmt":"2024-08-13T07:58:15","guid":{"rendered":"https:\/\/confident-dentiste.ch\/?page_id=887"},"modified":"2025-02-04T17:10:53","modified_gmt":"2025-02-04T17:10:53","slug":"periodontologia","status":"publish","type":"page","link":"https:\/\/confident-dentiste.ch\/pt-pt\/periodontologia\/","title":{"rendered":"Periodontologia"},"content":{"rendered":"<p>[et_pb_section fb_built=&#8221;1&#8243; _builder_version=&#8221;4.27.0&#8243; _module_preset=&#8221;default&#8221; custom_padding=&#8221;15vw||0px||false|false&#8221; global_colors_info=&#8221;{}&#8221; custom_padding_tablet=&#8221;25vw||||false|false&#8221; custom_padding_phone=&#8221;45vw||0px||false|false&#8221; custom_padding_last_edited=&#8221;on|desktop&#8221;][et_pb_row _builder_version=&#8221;4.27.0&#8243; _module_preset=&#8221;default&#8221; custom_padding=&#8221;||||false|false&#8221; global_colors_info=&#8221;{}&#8221;][et_pb_column type=&#8221;4_4&#8243; _builder_version=&#8221;4.27.0&#8243; _module_preset=&#8221;default&#8221; global_colors_info=&#8221;{}&#8221;][et_pb_text _builder_version=&#8221;4.27.0&#8243; _module_preset=&#8221;default&#8221; header_font=&#8221;Plus Jakarta Sans|700|||||||&#8221; header_text_color=&#8221;gcid-69f96b52-a6e7-406d-81ed-020b85dc0416&#8243; header_font_size=&#8221;55px&#8221; custom_margin=&#8221;||10px||false|false&#8221; global_colors_info=&#8221;{%22gcid-69f96b52-a6e7-406d-81ed-020b85dc0416%22:%91%22header_text_color%22,%22header_text_color%22,%22header_text_color%22,%22header_text_color%22,%22header_text_color%22,%22header_text_color%22,%22header_text_color%22,%22header_text_color%22,%22header_text_color%22,%22header_text_color%22,%22header_text_color%22,%22header_text_color%22,%22header_text_color%22,%22header_text_color%22,%22header_text_color%22,%22header_text_color%22,%22header_text_color%22,%22header_text_color%22,%22header_text_color%22,%22header_text_color%22,%22header_text_color%22%93}&#8221; header_font_size_tablet=&#8221;40px&#8221; header_font_size_phone=&#8221;24px&#8221; header_font_size_last_edited=&#8221;on|desktop&#8221;]<\/p>\n<h1>Periodontologia<\/h1>\n<p>[\/et_pb_text][\/et_pb_column][\/et_pb_row][\/et_pb_section][et_pb_section fb_built=&#8221;1&#8243; admin_label=&#8221;Service&#8221; _builder_version=&#8221;4.22.1&#8243; _module_preset=&#8221;default&#8221; collapsed=&#8221;on&#8221; global_colors_info=&#8221;{}&#8221; custom_padding=&#8221;0px||||false|false&#8221;][et_pb_row column_structure=&#8221;1_2,1_2&#8243; _builder_version=&#8221;4.22.1&#8243; _module_preset=&#8221;default&#8221; global_colors_info=&#8221;{}&#8221; custom_padding_phone=&#8221;0px||||false|false&#8221; custom_padding_last_edited=&#8221;on|desktop&#8221;][et_pb_column type=&#8221;1_2&#8243; _builder_version=&#8221;4.22.1&#8243; _module_preset=&#8221;default&#8221; global_colors_info=&#8221;{}&#8221;][et_pb_image src=&#8221;https:\/\/confident-dentiste.ch\/wp-content\/uploads\/2024\/09\/periodontologia-1a-foto.png&#8221; title_text=&#8221;periodontologia-1a foto&#8221; _builder_version=&#8221;4.27.0&#8243; _module_preset=&#8221;default&#8221; border_radii=&#8221;on|20px|20px|20px|20px&#8221; global_colors_info=&#8221;{}&#8221;][\/et_pb_image][\/et_pb_column][et_pb_column type=&#8221;1_2&#8243; _builder_version=&#8221;4.22.1&#8243; _module_preset=&#8221;default&#8221; global_colors_info=&#8221;{}&#8221;][et_pb_text _builder_version=&#8221;4.27.0&#8243; _module_preset=&#8221;ef7035c5-1adf-4281-9de9-eb88372d273a&#8221; header_2_font=&#8221;Plus Jakarta Sans|700|||||||&#8221; header_2_text_color=&#8221;gcid-69f96b52-a6e7-406d-81ed-020b85dc0416&#8243; header_2_font_size=&#8221;30px&#8221; custom_margin=&#8221;||10px||false|false&#8221; global_colors_info=&#8221;{%22gcid-69f96b52-a6e7-406d-81ed-020b85dc0416%22:%91%22header_2_text_color%22%93}&#8221;]<\/p>\n<h2>O que \u00e9 a Periodontologia?<\/h2>\n<p>[\/et_pb_text][et_pb_text _builder_version=&#8221;4.27.4&#8243; _module_preset=&#8221;167e59f8-9f56-4476-b843-ef453b284ffd&#8221; text_font=&#8221;Plus Jakarta Sans||||||||&#8221; text_font_size=&#8221;15px&#8221; global_colors_info=&#8221;{}&#8221;]<\/p>\n<p class=\"p1\"><span class=\"s1\">Gengivas inchadas e sangramento frequente \u00e9 provavelmente in\u00edcio de um problema periodontal\u00a0<\/span><\/p>\n<p>A Periodontologia \u00e9 a \u00e1rea que se ocupa da preven\u00e7\u00e3o, diagn\u00f3stico e tratamento das doen\u00e7as dos tecidos duros e moles (osso e gengiva) que suportam os dentes e os mant\u00eam na sua posi\u00e7\u00e3o.<\/p>\n<p>As doen\u00e7as periodontais mais frequentes s\u00e3o a gengivite e a periodontite.<\/p>\n<p>O tratamento de doen\u00e7as periodontais passa por um exame cl\u00ednico e radiogr\u00e1fico detalhado, procedimentos de higiene oral profissional, raspagem e alisamento radicular e at\u00e9 mesmo cirurgias periodontais, quando necess\u00e1rio. Al\u00e9m disso, \u00e9 ensinado ao paciente as melhoras t\u00e9cnicas de escovagem e produtos dispon\u00edveis no mercado, adaptados \u00e0 sua situa\u00e7\u00e3o gengival.<\/p>\n<p>[\/et_pb_text][\/et_pb_column][\/et_pb_row][\/et_pb_section][et_pb_section fb_built=&#8221;1&#8243; admin_label=&#8221;FAQ&#8221; _builder_version=&#8221;4.27.0&#8243; _module_preset=&#8221;default&#8221; background_color=&#8221;gcid-d2f7d5ae-cc39-41f1-9136-c1002bc0f33e&#8221; background_image=&#8221;https:\/\/confident-dentiste.ch\/wp-content\/uploads\/2024\/09\/fundo-com-logo.png&#8221; overflow-x=&#8221;hidden&#8221; overflow-y=&#8221;hidden&#8221; collapsed=&#8221;on&#8221; global_colors_info=&#8221;{%22gcid-d2f7d5ae-cc39-41f1-9136-c1002bc0f33e%22:%91%22background_color%22%93}&#8221;][et_pb_row column_structure=&#8221;1_2,1_2&#8243; _builder_version=&#8221;4.22.1&#8243; _module_preset=&#8221;default&#8221; global_colors_info=&#8221;{}&#8221;][et_pb_column type=&#8221;1_2&#8243; _builder_version=&#8221;4.22.1&#8243; _module_preset=&#8221;default&#8221; global_colors_info=&#8221;{}&#8221;][et_pb_text _builder_version=&#8221;4.27.0&#8243; _module_preset=&#8221;f8776c94-685f-4921-b541-1ba4ab3ce938&#8243; header_2_font=&#8221;Plus Jakarta Sans|700|||||||&#8221; header_2_text_color=&#8221;gcid-69f96b52-a6e7-406d-81ed-020b85dc0416&#8243; header_2_font_size=&#8221;40px&#8221; custom_margin=&#8221;||10px||false|false&#8221; global_colors_info=&#8221;{%22gcid-69f96b52-a6e7-406d-81ed-020b85dc0416%22:%91%22header_2_text_color%22%93}&#8221;]<\/p>\n<h2>Quest\u00f5es frequentes<\/h2>\n<p>[\/et_pb_text][et_pb_accordion toggle_icon=&#8221;&#xf067;||fa||900&#8243; icon_color=&#8221;gcid-fc9e8ba0-846a-4b7d-96fa-a851b276990d&#8221; _builder_version=&#8221;4.27.0&#8243; _module_preset=&#8221;576d37ca-a5e8-4ac4-98b6-cc08e8e2bbf9&#8243; toggle_font=&#8221;Plus Jakarta Sans|700|||||||&#8221; toggle_font_size=&#8221;16px&#8221; body_font=&#8221;&#8211;et_global_heading_font||||||||&#8221; body_font_size=&#8221;15px&#8221; locked=&#8221;off&#8221; global_colors_info=&#8221;{%22gcid-fc9e8ba0-846a-4b7d-96fa-a851b276990d%22:%91%22icon_color%22%93}&#8221;][et_pb_accordion_item title=&#8221;O que \u00e9 a Gengivite?&#8221; open=&#8221;on&#8221; _builder_version=&#8221;4.27.0&#8243; _module_preset=&#8221;default&#8221; body_font=&#8221;Plus Jakarta Sans||||||||&#8221; body_font_size=&#8221;15px&#8221; global_colors_info=&#8221;{}&#8221;]<\/p>\n<p class=\"p1\"><span class=\"s1\">A gengivite \u00e9 uma inflama\u00e7\u00e3o que afecta apenas as gengivas causada pela acumula\u00e7\u00e3o de placa bacteriana e t\u00e1rtaro. O paciente sente alguma irrita\u00e7\u00e3o das gengivas, incha\u00e7o e sangramento durante a escovagem.\u00a0<\/span><\/p>\n<p class=\"p1\"><span class=\"s1\">\u00c9 uma situa\u00e7\u00e3o revers\u00edvel e com o tratamento adequado a sa\u00fade oral do paciente pode ser restabelecida.\u00a0<\/span><\/p>\n<p>[\/et_pb_accordion_item][et_pb_accordion_item title=&#8221;O que \u00e9 a Periodontite?&#8221; _builder_version=&#8221;4.27.0&#8243; _module_preset=&#8221;default&#8221; body_font=&#8221;Plus Jakarta Sans||||||||&#8221; body_font_size=&#8221;15px&#8221; global_colors_info=&#8221;{}&#8221; open=&#8221;off&#8221;]<\/p>\n<p class=\"p1\"><span class=\"s1\">A periodontite al\u00e9m de uma inflama\u00e7\u00e3o gengival presente, existe uma destrui\u00e7\u00e3o dos outros tecidos de suporte do dente, como o ligamento periodontal e o osso.<\/span><\/p>\n<p class=\"p1\"><span class=\"s1\">\u00c9 uma situa\u00e7\u00e3o irrevers\u00edvel, e em est\u00e1gios avan\u00e7ados leva mesmo \u00e0 perda dos dentes. Uma abordagem preventiva \u00e9 a palavra chave para impedir a perda de dentes.\u00a0<\/span><\/p>\n<p>[\/et_pb_accordion_item][et_pb_accordion_item title=&#8221;O que \u00e9 a recess\u00e3o gengival?&#8221; _builder_version=&#8221;4.27.0&#8243; _module_preset=&#8221;default&#8221; body_font=&#8221;Plus Jakarta Sans||||||||&#8221; body_font_size=&#8221;15px&#8221; global_colors_info=&#8221;{}&#8221; open=&#8221;off&#8221;]<\/p>\n<p class=\"p1\"><span class=\"s1\">A recess\u00e3o gengival acontece quando a gengiva se retrai e exp\u00f5e a raiz do dente. Pode acontecer em um ou mais dentes.\u00a0<\/span><\/p>\n<p class=\"p1\"><span class=\"s1\">As causas da recess\u00e3o gengival s\u00e3o in\u00fameras, incluindo o traumatismo pela escovagem, inflama\u00e7\u00e3o gengival devido \u00e0 acumula\u00e7\u00e3o de placa bacteriana, traumas oclusais, movimentos ortod\u00f4nticos, dentes apinhados e pouca espessura do osso que recobre a raiz.\u00a0<\/span><span class=\"s1\"><\/span><\/p>\n<p class=\"p1\"><span class=\"s1\">Esta situa\u00e7\u00e3o pode ser corrigida atrav\u00e9s da cirurgia de enxerto gengival, que al\u00e9m de reparar este defeito vai prevenir a futura progress\u00e3o da recess\u00e3o. Existem diferentes t\u00e9cnicas de enxerto de gengiva que podem ser utilizadas, dependendo da condi\u00e7\u00e3o especifica de cada paciente.\u00a0<\/span><\/p>\n<p>[\/et_pb_accordion_item][\/et_pb_accordion][\/et_pb_column][et_pb_column type=&#8221;1_2&#8243; _builder_version=&#8221;4.22.1&#8243; _module_preset=&#8221;default&#8221; global_colors_info=&#8221;{}&#8221;][et_pb_image src=&#8221;https:\/\/confident-dentiste.ch\/wp-content\/uploads\/2024\/09\/foto-questoes-periodontologia-scaled.jpg&#8221; title_text=&#8221;foto-questoes-periodontologia&#8221; _builder_version=&#8221;4.27.0&#8243; _module_preset=&#8221;default&#8221; border_radii=&#8221;on|20px|20px|20px|20px&#8221; global_colors_info=&#8221;{}&#8221;][\/et_pb_image][\/et_pb_column][\/et_pb_row][\/et_pb_section]<\/p>\n","protected":false},"excerpt":{"rendered":"<p>PeriodontologiaO que \u00e9 a Periodontologia?Gengivas inchadas e sangramento frequente \u00e9 provavelmente in\u00edcio de um problema periodontal\u00a0 A Periodontologia \u00e9 a \u00e1rea que se ocupa da preven\u00e7\u00e3o, diagn\u00f3stico e tratamento das doen\u00e7as dos tecidos duros e moles (osso e gengiva) que suportam os dentes e os mant\u00eam na sua posi\u00e7\u00e3o. As doen\u00e7as periodontais mais frequentes s\u00e3o [&hellip;]<\/p>\n","protected":false},"author":1,"featured_media":0,"parent":0,"menu_order":0,"comment_status":"closed","ping_status":"closed","template":"","meta":{"_et_pb_use_builder":"on","_et_pb_old_content":"","_et_gb_content_width":"","_joinchat":[],"footnotes":""},"class_list":["post-887","page","type-page","status-publish","hentry"],"_links":{"self":[{"href":"https:\/\/confident-dentiste.ch\/pt-pt\/wp-json\/wp\/v2\/pages\/887","targetHints":{"allow":["GET"]}}],"collection":[{"href":"https:\/\/confident-dentiste.ch\/pt-pt\/wp-json\/wp\/v2\/pages"}],"about":[{"href":"https:\/\/confident-dentiste.ch\/pt-pt\/wp-json\/wp\/v2\/types\/page"}],"author":[{"embeddable":true,"href":"https:\/\/confident-dentiste.ch\/pt-pt\/wp-json\/wp\/v2\/users\/1"}],"replies":[{"embeddable":true,"href":"https:\/\/confident-dentiste.ch\/pt-pt\/wp-json\/wp\/v2\/comments?post=887"}],"version-history":[{"count":15,"href":"https:\/\/confident-dentiste.ch\/pt-pt\/wp-json\/wp\/v2\/pages\/887\/revisions"}],"predecessor-version":[{"id":2887,"href":"https:\/\/confident-dentiste.ch\/pt-pt\/wp-json\/wp\/v2\/pages\/887\/revisions\/2887"}],"wp:attachment":[{"href":"https:\/\/confident-dentiste.ch\/pt-pt\/wp-json\/wp\/v2\/media?parent=887"}],"curies":[{"name":"wp","href":"https:\/\/api.w.org\/{rel}","templated":true}]}}