{"id":897,"date":"2024-08-13T08:07:22","date_gmt":"2024-08-13T08:07:22","guid":{"rendered":"https:\/\/confident-dentiste.ch\/?page_id=897"},"modified":"2025-02-04T17:15:06","modified_gmt":"2025-02-04T17:15:06","slug":"generalista","status":"publish","type":"page","link":"https:\/\/confident-dentiste.ch\/pt-pt\/generalista\/","title":{"rendered":"Generalista"},"content":{"rendered":"<p>[et_pb_section fb_built=&#8221;1&#8243; _builder_version=&#8221;4.27.0&#8243; _module_preset=&#8221;default&#8221; custom_padding=&#8221;15vw||0px||false|false&#8221; global_colors_info=&#8221;{}&#8221; custom_padding_tablet=&#8221;25vw||||false|false&#8221; custom_padding_phone=&#8221;45vw||0px||false|false&#8221; custom_padding_last_edited=&#8221;on|desktop&#8221;][et_pb_row _builder_version=&#8221;4.27.0&#8243; _module_preset=&#8221;default&#8221; custom_padding=&#8221;||||false|false&#8221; global_colors_info=&#8221;{}&#8221;][et_pb_column type=&#8221;4_4&#8243; _builder_version=&#8221;4.27.0&#8243; _module_preset=&#8221;default&#8221; global_colors_info=&#8221;{}&#8221;][et_pb_text _builder_version=&#8221;4.27.0&#8243; _module_preset=&#8221;default&#8221; header_font=&#8221;Plus Jakarta Sans|700|||||||&#8221; header_text_color=&#8221;gcid-69f96b52-a6e7-406d-81ed-020b85dc0416&#8243; header_font_size=&#8221;55px&#8221; custom_margin=&#8221;||10px||false|false&#8221; global_colors_info=&#8221;{%22gcid-69f96b52-a6e7-406d-81ed-020b85dc0416%22:%91%22header_text_color%22,%22header_text_color%22,%22header_text_color%22,%22header_text_color%22,%22header_text_color%22,%22header_text_color%22,%22header_text_color%22,%22header_text_color%22,%22header_text_color%22,%22header_text_color%22,%22header_text_color%22,%22header_text_color%22,%22header_text_color%22,%22header_text_color%22,%22header_text_color%22,%22header_text_color%22,%22header_text_color%22,%22header_text_color%22,%22header_text_color%22,%22header_text_color%22,%22header_text_color%22%93}&#8221; header_font_size_tablet=&#8221;40px&#8221; header_font_size_phone=&#8221;24px&#8221; header_font_size_last_edited=&#8221;on|desktop&#8221;]<\/p>\n<h1>Generalista<\/h1>\n<p>[\/et_pb_text][\/et_pb_column][\/et_pb_row][\/et_pb_section][et_pb_section fb_built=&#8221;1&#8243; admin_label=&#8221;Service&#8221; _builder_version=&#8221;4.22.1&#8243; _module_preset=&#8221;default&#8221; collapsed=&#8221;on&#8221; global_colors_info=&#8221;{}&#8221; custom_padding=&#8221;0px||||false|false&#8221;][et_pb_row column_structure=&#8221;1_2,1_2&#8243; _builder_version=&#8221;4.22.1&#8243; _module_preset=&#8221;default&#8221; global_colors_info=&#8221;{}&#8221; custom_padding_phone=&#8221;0px||||false|false&#8221; custom_padding_last_edited=&#8221;on|desktop&#8221;][et_pb_column type=&#8221;1_2&#8243; _builder_version=&#8221;4.22.1&#8243; _module_preset=&#8221;default&#8221; global_colors_info=&#8221;{}&#8221;][et_pb_image src=&#8221;https:\/\/confident-dentiste.ch\/wp-content\/uploads\/2024\/09\/confident-generalista-1.jpg&#8221; title_text=&#8221;confident-generalista&#8221; _builder_version=&#8221;4.27.0&#8243; _module_preset=&#8221;default&#8221; border_radii=&#8221;on|20px|20px|20px|20px&#8221; global_colors_info=&#8221;{}&#8221;][\/et_pb_image][\/et_pb_column][et_pb_column type=&#8221;1_2&#8243; _builder_version=&#8221;4.22.1&#8243; _module_preset=&#8221;default&#8221; global_colors_info=&#8221;{}&#8221;][et_pb_text _builder_version=&#8221;4.27.0&#8243; _module_preset=&#8221;167e59f8-9f56-4476-b843-ef453b284ffd&#8221; text_font=&#8221;Plus Jakarta Sans||||||||&#8221; text_font_size=&#8221;15px&#8221; global_colors_info=&#8221;{}&#8221;]<\/p>\n<p>O sucesso de qualquer tratamento come\u00e7a por um correcto diagn\u00f3stico.<\/p>\n<p>Com uma abordagem centrada na preven\u00e7\u00e3o e em tratamentos pouco invasivos, trabalhamos para manter a sua sa\u00fade oral.\u00a0<\/p>\n<p><strong>Restabelecer a Sa\u00fade Oral<\/strong><\/p>\n<p>A les\u00e3o de c\u00e1rie dent\u00e1ria \u00e9 a patologia mais frequente da cavidade oral, resultando da a\u00e7\u00e3o de bact\u00e9rias que produzem \u00e1cidos que corroem o esmalte dent\u00e1rio. Caso o dente n\u00e3o receba um tratamento a tempo poder\u00e1 levar \u00e0 desvitaliza\u00e7\u00e3o ou, em casos mais graves, \u00e0 extrac\u00e7\u00e3o do mesmo.<\/p>\n<p>[\/et_pb_text][\/et_pb_column][\/et_pb_row][\/et_pb_section][et_pb_section fb_built=&#8221;1&#8243; admin_label=&#8221;Core Values&#8221; _builder_version=&#8221;4.27.4&#8243; _module_preset=&#8221;default&#8221; hover_enabled=&#8221;0&#8243; collapsed=&#8221;on&#8221; global_colors_info=&#8221;{}&#8221; custom_padding_last_edited=&#8221;on|phone&#8221; custom_padding_phone=&#8221;0px||||false|false&#8221; sticky_enabled=&#8221;0&#8243;][et_pb_row _builder_version=&#8221;4.27.0&#8243; _module_preset=&#8221;default&#8221; module_alignment=&#8221;center&#8221; global_colors_info=&#8221;{}&#8221;][et_pb_column type=&#8221;4_4&#8243; _builder_version=&#8221;4.22.1&#8243; _module_preset=&#8221;default&#8221; global_colors_info=&#8221;{}&#8221;][et_pb_text _builder_version=&#8221;4.27.0&#8243; _module_preset=&#8221;32d7d688-aa2e-4442-8b0e-fd9c2d5e20af&#8221; text_font=&#8221;Plus Jakarta Sans||||||||&#8221; text_font_size=&#8221;15px&#8221; header_2_font=&#8221;Plus Jakarta Sans|700|||||||&#8221; header_2_text_color=&#8221;gcid-69f96b52-a6e7-406d-81ed-020b85dc0416&#8243; header_2_font_size=&#8221;30px&#8221; custom_margin=&#8221;||10px||false|false&#8221; global_colors_info=&#8221;{%22gcid-69f96b52-a6e7-406d-81ed-020b85dc0416%22:%91%22header_2_text_color%22%93}&#8221;]<\/p>\n<h2>Protocolos Avan\u00e7ados e Minimamente Invasivos\u00a0<\/h2>\n<p class=\"p1\"><span class=\"s1\"><\/span><\/p>\n<p class=\"p1\"><span class=\"s1\">Na Clinica Dent\u00e1ria Confident utilizamos diferentes materiais de alta qualidade e protocolos rigorosos adaptados a cada caso cl\u00ednico, com objectivo de restaurar a fun\u00e7\u00e3o e a est\u00e9tica dos dentes.\u00a0<\/span><\/p>\n<p>[\/et_pb_text][\/et_pb_column][\/et_pb_row][et_pb_row column_structure=&#8221;1_2,1_2&#8243; _builder_version=&#8221;4.27.0&#8243; _module_preset=&#8221;default&#8221; module_alignment=&#8221;center&#8221; global_colors_info=&#8221;{}&#8221;][et_pb_column type=&#8221;1_2&#8243; _builder_version=&#8221;4.22.1&#8243; _module_preset=&#8221;default&#8221; global_colors_info=&#8221;{}&#8221;][et_pb_image src=&#8221;https:\/\/confident-dentiste.ch\/wp-content\/uploads\/2024\/09\/composito-confident.png&#8221; title_text=&#8221;composito-confident&#8221; _builder_version=&#8221;4.27.0&#8243; _module_preset=&#8221;default&#8221; width=&#8221;60%&#8221; module_alignment=&#8221;center&#8221; border_radii=&#8221;on|20px|20px|20px|20px&#8221; global_colors_info=&#8221;{}&#8221;][\/et_pb_image][\/et_pb_column][et_pb_column type=&#8221;1_2&#8243; _builder_version=&#8221;4.22.1&#8243; _module_preset=&#8221;default&#8221; global_colors_info=&#8221;{}&#8221;][et_pb_accordion toggle_icon=&#8221;&#xf067;||fa||900&#8243; icon_color=&#8221;gcid-fc9e8ba0-846a-4b7d-96fa-a851b276990d&#8221; _builder_version=&#8221;4.27.0&#8243; _module_preset=&#8221;94e04b89-19be-4bcd-902e-a0a56f699676&#8243; toggle_font=&#8221;Plus Jakarta Sans|700|||||||&#8221; toggle_font_size=&#8221;16px&#8221; body_font=&#8221;&#8211;et_global_heading_font||||||||&#8221; body_font_size=&#8221;15px&#8221; locked=&#8221;off&#8221; global_colors_info=&#8221;{%22gcid-fc9e8ba0-846a-4b7d-96fa-a851b276990d%22:%91%22icon_color%22%93}&#8221;][et_pb_accordion_item title=&#8221;Comp\u00f3sitos Dent\u00e1rios&#8221; open=&#8221;on&#8221; _builder_version=&#8221;4.27.0&#8243; _module_preset=&#8221;default&#8221; body_font=&#8221;Plus Jakarta Sans||||||||&#8221; body_font_size=&#8221;15px&#8221; custom_margin=&#8221;||||false|false&#8221; custom_padding=&#8221;0px|0px|0px|0px|true|true&#8221; global_colors_info=&#8221;{}&#8221;]<\/p>\n<p class=\"p1\"><span class=\"s1\">Os comp\u00f3sitos dent\u00e1rios s\u00e3o materiais de restaura\u00e7\u00e3o dent\u00e1ria que permitem restaurar os dentes, tanto de forma funcional e como est\u00e9tica.\u00a0<\/span><\/p>\n<p class=\"p1\"><span class=\"s1\">Os comp\u00f3sitos s\u00e3o aplicados, em perdas de estrutura dent\u00e1ria pequena ou m\u00e9dia, de forma minuciosa para que possam ser conservados na sua boca durante bastantes anos.\u00a0<\/span><\/p>\n<p>[\/et_pb_accordion_item][\/et_pb_accordion][\/et_pb_column][\/et_pb_row][et_pb_row column_structure=&#8221;1_2,1_2&#8243; _builder_version=&#8221;4.27.0&#8243; _module_preset=&#8221;default&#8221; module_alignment=&#8221;center&#8221; global_colors_info=&#8221;{}&#8221;][et_pb_column type=&#8221;1_2&#8243; _builder_version=&#8221;4.22.1&#8243; _module_preset=&#8221;default&#8221; global_colors_info=&#8221;{}&#8221;][et_pb_image src=&#8221;https:\/\/confident-dentiste.ch\/wp-content\/uploads\/2024\/09\/onlay_overlay-confident.png&#8221; title_text=&#8221;onlay_overlay-confident&#8221; _builder_version=&#8221;4.27.0&#8243; _module_preset=&#8221;default&#8221; width=&#8221;60%&#8221; module_alignment=&#8221;center&#8221; border_radii=&#8221;on|20px|20px|20px|20px&#8221; global_colors_info=&#8221;{}&#8221;][\/et_pb_image][\/et_pb_column][et_pb_column type=&#8221;1_2&#8243; _builder_version=&#8221;4.22.1&#8243; _module_preset=&#8221;default&#8221; global_colors_info=&#8221;{}&#8221;][et_pb_accordion toggle_icon=&#8221;&#xf067;||fa||900&#8243; icon_color=&#8221;gcid-fc9e8ba0-846a-4b7d-96fa-a851b276990d&#8221; _builder_version=&#8221;4.27.0&#8243; _module_preset=&#8221;94e04b89-19be-4bcd-902e-a0a56f699676&#8243; toggle_font=&#8221;Plus Jakarta Sans|700|||||||&#8221; toggle_font_size=&#8221;16px&#8221; body_font=&#8221;&#8211;et_global_heading_font||||||||&#8221; body_font_size=&#8221;15px&#8221; locked=&#8221;off&#8221; global_colors_info=&#8221;{%22gcid-fc9e8ba0-846a-4b7d-96fa-a851b276990d%22:%91%22icon_color%22%93}&#8221;][et_pb_accordion_item title=&#8221;Onlays, Overlays&#8221; open=&#8221;on&#8221; _builder_version=&#8221;4.27.0&#8243; _module_preset=&#8221;default&#8221; body_font=&#8221;Plus Jakarta Sans||||||||&#8221; body_font_size=&#8221;15px&#8221; custom_margin=&#8221;||||false|false&#8221; custom_padding=&#8221;0px|0px|0px|0px|true|true&#8221; global_colors_info=&#8221;{}&#8221;]<\/p>\n<p class=\"p1\"><span class=\"s1\">S\u00e3o pe\u00e7as cer\u00e2micas que substituem a estrutura dent\u00e1ria perdida quando esta tem dimens\u00f5es consideradas grandes, seja por c\u00e1rie dent\u00e1ria, traumatismo ou desgaste dent\u00e1rio.\u00a0<\/span><span class=\"s1\"><\/span><\/p>\n<p class=\"p1\"><span class=\"s1\">S\u00e3o op\u00e7\u00f5es mais conservadoras comparativamente \u00e0s coroas cer\u00e2micas. As coroas est\u00e3o indicadas para os casos com maior destrui\u00e7\u00e3o dent\u00e1ria e os onlays\/overlays para os casos com maior destrui\u00e7\u00e3o dent\u00e1ria que n\u00e3o implique o recobrimento total do dente.\u00a0<\/span><\/p>\n<p>[\/et_pb_accordion_item][\/et_pb_accordion][\/et_pb_column][\/et_pb_row][\/et_pb_section]<\/p>\n","protected":false},"excerpt":{"rendered":"<p>GeneralistaO sucesso de qualquer tratamento come\u00e7a por um correcto diagn\u00f3stico. Com uma abordagem centrada na preven\u00e7\u00e3o e em tratamentos pouco invasivos, trabalhamos para manter a sua sa\u00fade oral.\u00a0 Restabelecer a Sa\u00fade Oral A les\u00e3o de c\u00e1rie dent\u00e1ria \u00e9 a patologia mais frequente da cavidade oral, resultando da a\u00e7\u00e3o de bact\u00e9rias que produzem \u00e1cidos que corroem [&hellip;]<\/p>\n","protected":false},"author":1,"featured_media":0,"parent":0,"menu_order":0,"comment_status":"closed","ping_status":"closed","template":"","meta":{"_et_pb_use_builder":"on","_et_pb_old_content":"","_et_gb_content_width":"","_joinchat":[],"footnotes":""},"class_list":["post-897","page","type-page","status-publish","hentry"],"_links":{"self":[{"href":"https:\/\/confident-dentiste.ch\/pt-pt\/wp-json\/wp\/v2\/pages\/897","targetHints":{"allow":["GET"]}}],"collection":[{"href":"https:\/\/confident-dentiste.ch\/pt-pt\/wp-json\/wp\/v2\/pages"}],"about":[{"href":"https:\/\/confident-dentiste.ch\/pt-pt\/wp-json\/wp\/v2\/types\/page"}],"author":[{"embeddable":true,"href":"https:\/\/confident-dentiste.ch\/pt-pt\/wp-json\/wp\/v2\/users\/1"}],"replies":[{"embeddable":true,"href":"https:\/\/confident-dentiste.ch\/pt-pt\/wp-json\/wp\/v2\/comments?post=897"}],"version-history":[{"count":13,"href":"https:\/\/confident-dentiste.ch\/pt-pt\/wp-json\/wp\/v2\/pages\/897\/revisions"}],"predecessor-version":[{"id":2892,"href":"https:\/\/confident-dentiste.ch\/pt-pt\/wp-json\/wp\/v2\/pages\/897\/revisions\/2892"}],"wp:attachment":[{"href":"https:\/\/confident-dentiste.ch\/pt-pt\/wp-json\/wp\/v2\/media?parent=897"}],"curies":[{"name":"wp","href":"https:\/\/api.w.org\/{rel}","templated":true}]}}